{"id":3916,"date":"2023-04-27T12:45:46","date_gmt":"2023-04-27T12:45:46","guid":{"rendered":"https:\/\/www2.unifap.br\/artes\/?page_id=3916"},"modified":"2024-09-30T17:42:12","modified_gmt":"2024-09-30T17:42:12","slug":"grupos-de-pesquisa","status":"publish","type":"page","link":"https:\/\/www2.unifap.br\/artes\/grupos-de-pesquisa","title":{"rendered":"GRUPOS DE PESQUISA"},"content":{"rendered":"\t\t<div data-elementor-type=\"wp-page\" data-elementor-id=\"3916\" class=\"elementor elementor-3916\">\n\t\t\t\t\t\t<section class=\"elementor-section elementor-top-section elementor-element elementor-element-17e817b elementor-section-boxed elementor-section-height-default elementor-section-height-default\" data-id=\"17e817b\" data-element_type=\"section\" data-e-type=\"section\">\n\t\t\t\t\t\t<div class=\"elementor-container elementor-column-gap-default\">\n\t\t\t\t\t<div class=\"elementor-column elementor-col-100 elementor-top-column elementor-element elementor-element-f5ecb27\" data-id=\"f5ecb27\" data-element_type=\"column\" data-e-type=\"column\">\n\t\t\t<div class=\"elementor-widget-wrap elementor-element-populated\">\n\t\t\t\t\t\t<div class=\"elementor-element elementor-element-d6485d7 elementor-widget elementor-widget-accordion\" data-id=\"d6485d7\" data-element_type=\"widget\" data-e-type=\"widget\" data-widget_type=\"accordion.default\">\n\t\t\t\t<div class=\"elementor-widget-container\">\n\t\t\t\t\t\t\t<div class=\"elementor-accordion\">\n\t\t\t\t\t\t\t<div class=\"elementor-accordion-item\">\n\t\t\t\t\t<div id=\"elementor-tab-title-2241\" class=\"elementor-tab-title\" data-tab=\"1\" role=\"button\" aria-controls=\"elementor-tab-content-2241\" aria-expanded=\"false\">\n\t\t\t\t\t\t\t\t\t\t\t\t\t<span class=\"elementor-accordion-icon elementor-accordion-icon-left\" aria-hidden=\"true\">\n\t\t\t\t\t\t\t\t\t\t\t\t\t\t\t<span class=\"elementor-accordion-icon-closed\"><i class=\"fas fa-plus\"><\/i><\/span>\n\t\t\t\t\t\t\t\t<span class=\"elementor-accordion-icon-opened\"><i class=\"fas fa-minus\"><\/i><\/span>\n\t\t\t\t\t\t\t\t\t\t\t\t\t\t<\/span>\n\t\t\t\t\t\t\t\t\t\t\t\t<a class=\"elementor-accordion-title\" tabindex=\"0\">ALDRIN SANTANA<\/a>\n\t\t\t\t\t<\/div>\n\t\t\t\t\t<div id=\"elementor-tab-content-2241\" class=\"elementor-tab-content elementor-clearfix\" data-tab=\"1\" role=\"region\" aria-labelledby=\"elementor-tab-title-2241\"><h5><strong>Estudos Sobre Arte Moderna e Contempor\u00e2nea &#8211; UNIFAP<\/strong><\/h5><\/div>\n\t\t\t\t<\/div>\n\t\t\t\t\t\t\t<div class=\"elementor-accordion-item\">\n\t\t\t\t\t<div id=\"elementor-tab-title-2242\" class=\"elementor-tab-title\" data-tab=\"2\" role=\"button\" aria-controls=\"elementor-tab-content-2242\" aria-expanded=\"false\">\n\t\t\t\t\t\t\t\t\t\t\t\t\t<span class=\"elementor-accordion-icon elementor-accordion-icon-left\" aria-hidden=\"true\">\n\t\t\t\t\t\t\t\t\t\t\t\t\t\t\t<span class=\"elementor-accordion-icon-closed\"><i class=\"fas fa-plus\"><\/i><\/span>\n\t\t\t\t\t\t\t\t<span class=\"elementor-accordion-icon-opened\"><i class=\"fas fa-minus\"><\/i><\/span>\n\t\t\t\t\t\t\t\t\t\t\t\t\t\t<\/span>\n\t\t\t\t\t\t\t\t\t\t\t\t<a class=\"elementor-accordion-title\" tabindex=\"0\">BENEDITO MARTINS <\/a>\n\t\t\t\t\t<\/div>\n\t\t\t\t\t<div id=\"elementor-tab-content-2242\" class=\"elementor-tab-content elementor-clearfix\" data-tab=\"2\" role=\"region\" aria-labelledby=\"elementor-tab-title-2242\"><h5><strong>Estudos sobre arte e educa\u00e7\u00e3o &#8211; UNIFAP<\/strong><\/h5><\/div>\n\t\t\t\t<\/div>\n\t\t\t\t\t\t\t<div class=\"elementor-accordion-item\">\n\t\t\t\t\t<div id=\"elementor-tab-title-2243\" class=\"elementor-tab-title\" data-tab=\"3\" role=\"button\" aria-controls=\"elementor-tab-content-2243\" aria-expanded=\"false\">\n\t\t\t\t\t\t\t\t\t\t\t\t\t<span class=\"elementor-accordion-icon elementor-accordion-icon-left\" aria-hidden=\"true\">\n\t\t\t\t\t\t\t\t\t\t\t\t\t\t\t<span class=\"elementor-accordion-icon-closed\"><i class=\"fas fa-plus\"><\/i><\/span>\n\t\t\t\t\t\t\t\t<span class=\"elementor-accordion-icon-opened\"><i class=\"fas fa-minus\"><\/i><\/span>\n\t\t\t\t\t\t\t\t\t\t\t\t\t\t<\/span>\n\t\t\t\t\t\t\t\t\t\t\t\t<a class=\"elementor-accordion-title\" tabindex=\"0\">FABIO WOSNIAK <\/a>\n\t\t\t\t\t<\/div>\n\t\t\t\t\t<div id=\"elementor-tab-content-2243\" class=\"elementor-tab-content elementor-clearfix\" data-tab=\"3\" role=\"region\" aria-labelledby=\"elementor-tab-title-2243\"><h5><strong>Experi\u00eancias e Dissid\u00eancias nas Artes Visuais<\/strong><\/h5><p>O Grupo orienta-se na perspectiva de pensar a articula\u00e7\u00e3o entre pr\u00e1tica art\u00edstica e pr\u00e1tica docente. Estas duas categorias interseccionam-se com as no\u00e7\u00f5es contempor\u00e2neas das dissid\u00eancias nas Artes Visuais: pensamentos do sul global que encontram em filosofias suleadoras outras formas de pensar a educa\u00e7\u00e3o, o mundo, o conhecimento e a pr\u00f3pria Arte\/Vida. O Grupo apresenta duas linhas de pesquisa: 1 &#8211; Experi\u00eancias e dissid\u00eancias nas Artes Visuais e Arte Educa\u00e7\u00e3o. 2 &#8211; Processos de cria\u00e7\u00e3o em Artes Visuais e Arte Educa\u00e7\u00e3o. Na primeira linha a concentra\u00e7\u00e3o est\u00e1 nas m\u00faltiplas possibilidades de pensar a Arte e os temas dissidentes. Na segunda, as investiga\u00e7\u00f5es perscrutam as pedagogias contempor\u00e2neas para o ensino aprendizagem em articula\u00e7\u00e3o com a forma\u00e7\u00e3o inicial e continuada de professores\/as de Arte<\/p><p><strong>Institui\u00e7\u00f5es parceiras do grupo:<\/strong><\/p><h6><strong>Universidade do Estado de Santa Catarina &#8211; UDESC<\/strong><br \/><strong>Universidad de Guanajuato &#8211; M\u00e9xico<\/strong><br \/><strong>Universidade Federal do Piau\u00ed &#8211; UFPI<\/strong><br \/><strong>Universidade Federal de Goi\u00e1s &#8211; UFG<\/strong><\/h6><h6>\u00a0<\/h6><\/div>\n\t\t\t\t<\/div>\n\t\t\t\t\t\t\t<div class=\"elementor-accordion-item\">\n\t\t\t\t\t<div id=\"elementor-tab-title-2244\" class=\"elementor-tab-title\" data-tab=\"4\" role=\"button\" aria-controls=\"elementor-tab-content-2244\" aria-expanded=\"false\">\n\t\t\t\t\t\t\t\t\t\t\t\t\t<span class=\"elementor-accordion-icon elementor-accordion-icon-left\" aria-hidden=\"true\">\n\t\t\t\t\t\t\t\t\t\t\t\t\t\t\t<span class=\"elementor-accordion-icon-closed\"><i class=\"fas fa-plus\"><\/i><\/span>\n\t\t\t\t\t\t\t\t<span class=\"elementor-accordion-icon-opened\"><i class=\"fas fa-minus\"><\/i><\/span>\n\t\t\t\t\t\t\t\t\t\t\t\t\t\t<\/span>\n\t\t\t\t\t\t\t\t\t\t\t\t<a class=\"elementor-accordion-title\" tabindex=\"0\">FERNANDA SOUZA<\/a>\n\t\t\t\t\t<\/div>\n\t\t\t\t\t<div id=\"elementor-tab-content-2244\" class=\"elementor-tab-content elementor-clearfix\" data-tab=\"4\" role=\"region\" aria-labelledby=\"elementor-tab-title-2244\"><h5><strong>Pol\u00edticas P\u00fablicas e G\u00eanero &#8211; UNIFAP<\/strong><\/h5><\/div>\n\t\t\t\t<\/div>\n\t\t\t\t\t\t\t<div class=\"elementor-accordion-item\">\n\t\t\t\t\t<div id=\"elementor-tab-title-2245\" class=\"elementor-tab-title\" data-tab=\"5\" role=\"button\" aria-controls=\"elementor-tab-content-2245\" aria-expanded=\"false\">\n\t\t\t\t\t\t\t\t\t\t\t\t\t<span class=\"elementor-accordion-icon elementor-accordion-icon-left\" aria-hidden=\"true\">\n\t\t\t\t\t\t\t\t\t\t\t\t\t\t\t<span class=\"elementor-accordion-icon-closed\"><i class=\"fas fa-plus\"><\/i><\/span>\n\t\t\t\t\t\t\t\t<span class=\"elementor-accordion-icon-opened\"><i class=\"fas fa-minus\"><\/i><\/span>\n\t\t\t\t\t\t\t\t\t\t\t\t\t\t<\/span>\n\t\t\t\t\t\t\t\t\t\t\t\t<a class=\"elementor-accordion-title\" tabindex=\"0\">MAURICIO VIANA <\/a>\n\t\t\t\t\t<\/div>\n\t\t\t\t\t<div id=\"elementor-tab-content-2245\" class=\"elementor-tab-content elementor-clearfix\" data-tab=\"5\" role=\"region\" aria-labelledby=\"elementor-tab-title-2245\"><h5><strong>Experi\u00eancias e Dissid\u00eancias nas Artes Visuais &#8211; UNIFAP<\/strong><\/h5><\/div>\n\t\t\t\t<\/div>\n\t\t\t\t\t\t\t<div class=\"elementor-accordion-item\">\n\t\t\t\t\t<div id=\"elementor-tab-title-2246\" class=\"elementor-tab-title\" data-tab=\"6\" role=\"button\" aria-controls=\"elementor-tab-content-2246\" aria-expanded=\"false\">\n\t\t\t\t\t\t\t\t\t\t\t\t\t<span class=\"elementor-accordion-icon elementor-accordion-icon-left\" aria-hidden=\"true\">\n\t\t\t\t\t\t\t\t\t\t\t\t\t\t\t<span class=\"elementor-accordion-icon-closed\"><i class=\"fas fa-plus\"><\/i><\/span>\n\t\t\t\t\t\t\t\t<span class=\"elementor-accordion-icon-opened\"><i class=\"fas fa-minus\"><\/i><\/span>\n\t\t\t\t\t\t\t\t\t\t\t\t\t\t<\/span>\n\t\t\t\t\t\t\t\t\t\t\t\t<a class=\"elementor-accordion-title\" tabindex=\"0\">SILVIA COSTA<\/a>\n\t\t\t\t\t<\/div>\n\t\t\t\t\t<div id=\"elementor-tab-content-2246\" class=\"elementor-tab-content elementor-clearfix\" data-tab=\"6\" role=\"region\" aria-labelledby=\"elementor-tab-title-2246\"><h5><strong>Estudos Interdisciplinares em Cultura e Pol\u00edticas P\u00fablicas &#8211; UNIFAP<\/strong><\/h5><\/div>\n\t\t\t\t<\/div>\n\t\t\t\t\t\t\t<div class=\"elementor-accordion-item\">\n\t\t\t\t\t<div id=\"elementor-tab-title-2247\" class=\"elementor-tab-title\" data-tab=\"7\" role=\"button\" aria-controls=\"elementor-tab-content-2247\" aria-expanded=\"false\">\n\t\t\t\t\t\t\t\t\t\t\t\t\t<span class=\"elementor-accordion-icon elementor-accordion-icon-left\" aria-hidden=\"true\">\n\t\t\t\t\t\t\t\t\t\t\t\t\t\t\t<span class=\"elementor-accordion-icon-closed\"><i class=\"fas fa-plus\"><\/i><\/span>\n\t\t\t\t\t\t\t\t<span class=\"elementor-accordion-icon-opened\"><i class=\"fas fa-minus\"><\/i><\/span>\n\t\t\t\t\t\t\t\t\t\t\t\t\t\t<\/span>\n\t\t\t\t\t\t\t\t\t\t\t\t<a class=\"elementor-accordion-title\" tabindex=\"0\">JOS\u00c9 VASCONSELOS <\/a>\n\t\t\t\t\t<\/div>\n\t\t\t\t\t<div id=\"elementor-tab-content-2247\" class=\"elementor-tab-content elementor-clearfix\" data-tab=\"7\" role=\"region\" aria-labelledby=\"elementor-tab-title-2247\"><p>Grupo de Pesquisa Mem\u00f3rias Urbanas<br \/>Criado em 2013<br \/>Lideres do Grupo \u2013 Profa. Dra. Eloane de Jesus Ramos Cantuaria \u2013 Arquitetura e Urbanismo\/ UNIFAP e Prof. Me. Jose de Vasconcelos Silva &#8211; Artes Visuais\/UNIFAP<br \/>O Grupo de Pesquisa Mem\u00f3rias Urbanas tem o objetivo de identificar, pesquisar, discutir e gerar informa\u00e7\u00f5es a cerca dos lugares, das edifica\u00e7\u00f5es, das mem\u00f3rias, das pessoas e dos demais integrantes dos bens e refer\u00eancias culturais da Amaz\u00f4nia, buscando a produ\u00e7\u00e3o de conhecimentos, a valoriza\u00e7\u00e3o e a preserva\u00e7\u00e3o do patrim\u00f4nio cultural da Regi\u00e3o. O Grupo tamb\u00e9m prop\u00f5e a investiga\u00e7\u00e3o das transforma\u00e7\u00f5es ocorridas na configura\u00e7\u00e3o urbana e na arquitetura regional, em especial, na cidade de Macap\u00e1, capital do Estado do Amap\u00e1. Pretende tamb\u00e9m gerar informa\u00e7\u00f5es sobre a evolu\u00e7\u00e3o urbana dos lugares, das diversas tipologias arquitet\u00f4nicas edificadas ao longo dos anos e identificar as aus\u00eancias oriundas do crescimento urbano das cidades.<\/p><p>Linhas de pesquisa:<br \/>Arte e Natureza <br \/>Artes Visuais, Po\u00e9ticas das Imagens e Educa\u00e7\u00e3o <br \/>Conserva\u00e7\u00e3o e Restauro <br \/>Ensino de Arte Visual Formal, N\u00e3o Formal e Informal. <br \/>Fotografia e Patrim\u00f4nio Mem\u00f3ria e Patrim\u00f4nio <br \/>Museus, Cidades e Educa\u00e7\u00e3o <br \/>Patrim\u00f4nio Cultural<\/p><\/div>\n\t\t\t\t<\/div>\n\t\t\t\t\t\t\t\t<\/div>\n\t\t\t\t\t\t<\/div>\n\t\t\t\t<\/div>\n\t\t\t\t\t<\/div>\n\t\t<\/div>\n\t\t\t\t\t<\/div>\n\t\t<\/section>\n\t\t\t\t<section class=\"elementor-section elementor-top-section elementor-element elementor-element-9f011fc elementor-section-boxed elementor-section-height-default elementor-section-height-default\" data-id=\"9f011fc\" data-element_type=\"section\" data-e-type=\"section\">\n\t\t\t\t\t\t<div class=\"elementor-container elementor-column-gap-default\">\n\t\t\t\t\t<div class=\"elementor-column elementor-col-100 elementor-top-column elementor-element elementor-element-1454a6e\" data-id=\"1454a6e\" data-element_type=\"column\" data-e-type=\"column\">\n\t\t\t<div class=\"elementor-widget-wrap elementor-element-populated\">\n\t\t\t\t\t\t\t<\/div>\n\t\t<\/div>\n\t\t\t\t\t<\/div>\n\t\t<\/section>\n\t\t\t\t<\/div>\n\t\t","protected":false},"excerpt":{"rendered":"<p>ALDRIN SANTANA Estudos Sobre Arte Moderna e Contempor\u00e2nea &#8211; UNIFAP BENEDITO MARTINS Estudos sobre arte e educa\u00e7\u00e3o &#8211; UNIFAP FABIO WOSNIAK Experi\u00eancias e Dissid\u00eancias nas Artes Visuais O Grupo orienta-se na perspectiva de pensar a articula\u00e7\u00e3o entre pr\u00e1tica art\u00edstica e&hellip; <\/p>\n<p><a href=\"https:\/\/www2.unifap.br\/artes\/grupos-de-pesquisa\" class=\"readmore-button\">Continue Reading<\/a><\/p>\n","protected":false},"author":3836,"featured_media":0,"parent":0,"menu_order":0,"comment_status":"closed","ping_status":"closed","template":"","meta":{"inline_featured_image":false,"ngg_post_thumbnail":0,"footnotes":""},"class_list":["post-3916","page","type-page","status-publish","hentry"],"_links":{"self":[{"href":"https:\/\/www2.unifap.br\/artes\/wp-json\/wp\/v2\/pages\/3916","targetHints":{"allow":["GET"]}}],"collection":[{"href":"https:\/\/www2.unifap.br\/artes\/wp-json\/wp\/v2\/pages"}],"about":[{"href":"https:\/\/www2.unifap.br\/artes\/wp-json\/wp\/v2\/types\/page"}],"author":[{"embeddable":true,"href":"https:\/\/www2.unifap.br\/artes\/wp-json\/wp\/v2\/users\/3836"}],"replies":[{"embeddable":true,"href":"https:\/\/www2.unifap.br\/artes\/wp-json\/wp\/v2\/comments?post=3916"}],"version-history":[{"count":37,"href":"https:\/\/www2.unifap.br\/artes\/wp-json\/wp\/v2\/pages\/3916\/revisions"}],"predecessor-version":[{"id":4806,"href":"https:\/\/www2.unifap.br\/artes\/wp-json\/wp\/v2\/pages\/3916\/revisions\/4806"}],"wp:attachment":[{"href":"https:\/\/www2.unifap.br\/artes\/wp-json\/wp\/v2\/media?parent=3916"}],"curies":[{"name":"wp","href":"https:\/\/api.w.org\/{rel}","templated":true}]}}