{"id":4020,"date":"2023-05-11T17:39:27","date_gmt":"2023-05-11T17:39:27","guid":{"rendered":"https:\/\/www2.unifap.br\/artes\/?page_id=4020"},"modified":"2023-05-11T18:10:10","modified_gmt":"2023-05-11T18:10:10","slug":"acompanhamento-de-egresso","status":"publish","type":"page","link":"https:\/\/www2.unifap.br\/artes\/inicio\/acompanhamento-de-egresso","title":{"rendered":"ACOMPANHAMENTO DE EGRESSO"},"content":{"rendered":"\t\t<div data-elementor-type=\"wp-page\" data-elementor-id=\"4020\" class=\"elementor elementor-4020\">\n\t\t\t\t\t\t<section class=\"elementor-section elementor-top-section elementor-element elementor-element-9ad9409 elementor-section-boxed elementor-section-height-default elementor-section-height-default\" data-id=\"9ad9409\" data-element_type=\"section\" data-e-type=\"section\">\n\t\t\t\t\t\t<div class=\"elementor-container elementor-column-gap-default\">\n\t\t\t\t\t<div class=\"elementor-column elementor-col-100 elementor-top-column elementor-element elementor-element-fcc4860\" data-id=\"fcc4860\" data-element_type=\"column\" data-e-type=\"column\">\n\t\t\t<div class=\"elementor-widget-wrap elementor-element-populated\">\n\t\t\t\t\t\t<div class=\"elementor-element elementor-element-4a64c56 elementor-widget elementor-widget-text-editor\" data-id=\"4a64c56\" data-element_type=\"widget\" data-e-type=\"widget\" data-widget_type=\"text-editor.default\">\n\t\t\t\t<div class=\"elementor-widget-container\">\n\t\t\t\t\t\t\t\t\t<p><a href=\"http:\/\/www2.unifap.br\/artes\/files\/2023\/05\/jonapulb.jpg\"><img fetchpriority=\"high\" decoding=\"async\" class=\"alignnone size-large wp-image-4033\" src=\"http:\/\/www2.unifap.br\/artes\/files\/2023\/05\/jonapulb-1024x585.jpg\" alt=\"\" width=\"640\" height=\"366\" srcset=\"https:\/\/www2.unifap.br\/artes\/files\/2023\/05\/jonapulb-1024x585.jpg 1024w, https:\/\/www2.unifap.br\/artes\/files\/2023\/05\/jonapulb-300x171.jpg 300w, https:\/\/www2.unifap.br\/artes\/files\/2023\/05\/jonapulb-768x439.jpg 768w, https:\/\/www2.unifap.br\/artes\/files\/2023\/05\/jonapulb.jpg 1050w\" sizes=\"(max-width: 640px) 100vw, 640px\" \/><\/a><\/p><p>O Curso de Licenciatura em Artes visuais gostaria de contar com sua colabora\u00e7\u00e3o para o levantamento do destino e atua\u00e7\u00e3o dos egressos. Al\u00e9m disso, queremos conhecer a situa\u00e7\u00e3o de trabalho atual e a avalia\u00e7\u00e3o acerca da forma\u00e7\u00e3o recebida. A sua participa\u00e7\u00e3o \u00e9 muito importante para o nosso processo de avalia\u00e7\u00e3o e revis\u00e3o das nossas a\u00e7\u00f5es e planejamentos.<\/p><p>Acesse ao formul\u00e1rio clicando <a href=\"https:\/\/docs.google.com\/forms\/d\/1gUPnbxfHc9r9sTG2cu1oHLVYSQMWgCW0_ttGHsfBQmQ\/edit?ts=645bb874\">AQUI<\/a><\/p>\t\t\t\t\t\t\t\t<\/div>\n\t\t\t\t<\/div>\n\t\t\t\t\t<\/div>\n\t\t<\/div>\n\t\t\t\t\t<\/div>\n\t\t<\/section>\n\t\t\t\t<\/div>\n\t\t","protected":false},"excerpt":{"rendered":"<p>O Curso de Licenciatura em Artes visuais gostaria de contar com sua colabora\u00e7\u00e3o para o levantamento do destino e atua\u00e7\u00e3o dos egressos. Al\u00e9m disso, queremos conhecer a situa\u00e7\u00e3o de trabalho atual e a avalia\u00e7\u00e3o acerca da forma\u00e7\u00e3o recebida. A sua&hellip; <\/p>\n<p><a href=\"https:\/\/www2.unifap.br\/artes\/inicio\/acompanhamento-de-egresso\" class=\"readmore-button\">Continue Reading<\/a><\/p>\n","protected":false},"author":3836,"featured_media":4022,"parent":2138,"menu_order":3,"comment_status":"closed","ping_status":"closed","template":"","meta":{"inline_featured_image":false,"ngg_post_thumbnail":0,"footnotes":""},"class_list":["post-4020","page","type-page","status-publish","has-post-thumbnail","hentry"],"_links":{"self":[{"href":"https:\/\/www2.unifap.br\/artes\/wp-json\/wp\/v2\/pages\/4020","targetHints":{"allow":["GET"]}}],"collection":[{"href":"https:\/\/www2.unifap.br\/artes\/wp-json\/wp\/v2\/pages"}],"about":[{"href":"https:\/\/www2.unifap.br\/artes\/wp-json\/wp\/v2\/types\/page"}],"author":[{"embeddable":true,"href":"https:\/\/www2.unifap.br\/artes\/wp-json\/wp\/v2\/users\/3836"}],"replies":[{"embeddable":true,"href":"https:\/\/www2.unifap.br\/artes\/wp-json\/wp\/v2\/comments?post=4020"}],"version-history":[{"count":10,"href":"https:\/\/www2.unifap.br\/artes\/wp-json\/wp\/v2\/pages\/4020\/revisions"}],"predecessor-version":[{"id":4036,"href":"https:\/\/www2.unifap.br\/artes\/wp-json\/wp\/v2\/pages\/4020\/revisions\/4036"}],"up":[{"embeddable":true,"href":"https:\/\/www2.unifap.br\/artes\/wp-json\/wp\/v2\/pages\/2138"}],"wp:featuredmedia":[{"embeddable":true,"href":"https:\/\/www2.unifap.br\/artes\/wp-json\/wp\/v2\/media\/4022"}],"wp:attachment":[{"href":"https:\/\/www2.unifap.br\/artes\/wp-json\/wp\/v2\/media?parent=4020"}],"curies":[{"name":"wp","href":"https:\/\/api.w.org\/{rel}","templated":true}]}}