{"id":4177,"date":"2023-06-28T14:53:55","date_gmt":"2023-06-28T14:53:55","guid":{"rendered":"https:\/\/www2.unifap.br\/artes\/?page_id=4177"},"modified":"2025-08-29T18:22:54","modified_gmt":"2025-08-29T18:22:54","slug":"projeto-de-ensino","status":"publish","type":"page","link":"https:\/\/www2.unifap.br\/artes\/projeto-de-ensino","title":{"rendered":"Projeto de ensino"},"content":{"rendered":"\t\t<div data-elementor-type=\"wp-page\" data-elementor-id=\"4177\" class=\"elementor elementor-4177\">\n\t\t\t\t\t\t<section class=\"elementor-section elementor-top-section elementor-element elementor-element-2e979ce elementor-section-boxed elementor-section-height-default elementor-section-height-default\" data-id=\"2e979ce\" data-element_type=\"section\" data-e-type=\"section\">\n\t\t\t\t\t\t<div class=\"elementor-container elementor-column-gap-default\">\n\t\t\t\t\t<div class=\"elementor-column elementor-col-100 elementor-top-column elementor-element elementor-element-01ad75c\" data-id=\"01ad75c\" data-element_type=\"column\" data-e-type=\"column\">\n\t\t\t<div class=\"elementor-widget-wrap elementor-element-populated\">\n\t\t\t\t\t\t<div class=\"elementor-element elementor-element-fd72442 elementor-widget elementor-widget-accordion\" data-id=\"fd72442\" data-element_type=\"widget\" data-e-type=\"widget\" data-widget_type=\"accordion.default\">\n\t\t\t\t<div class=\"elementor-widget-container\">\n\t\t\t\t\t\t\t<div class=\"elementor-accordion\">\n\t\t\t\t\t\t\t<div class=\"elementor-accordion-item\">\n\t\t\t\t\t<div id=\"elementor-tab-title-2651\" class=\"elementor-tab-title\" data-tab=\"1\" role=\"button\" aria-controls=\"elementor-tab-content-2651\" aria-expanded=\"false\">\n\t\t\t\t\t\t\t\t\t\t\t\t\t<span class=\"elementor-accordion-icon elementor-accordion-icon-left\" aria-hidden=\"true\">\n\t\t\t\t\t\t\t\t\t\t\t\t\t\t\t<span class=\"elementor-accordion-icon-closed\"><i class=\"fas fa-plus\"><\/i><\/span>\n\t\t\t\t\t\t\t\t<span class=\"elementor-accordion-icon-opened\"><i class=\"fas fa-minus\"><\/i><\/span>\n\t\t\t\t\t\t\t\t\t\t\t\t\t\t<\/span>\n\t\t\t\t\t\t\t\t\t\t\t\t<a class=\"elementor-accordion-title\" tabindex=\"0\">Projeto de Ensino 2024<\/a>\n\t\t\t\t\t<\/div>\n\t\t\t\t\t<div id=\"elementor-tab-content-2651\" class=\"elementor-tab-content elementor-clearfix\" data-tab=\"1\" role=\"region\" aria-labelledby=\"elementor-tab-title-2651\"><p><strong>T\u00cdTULO DO PROJETO:<\/strong>\u00a0<strong>Est\u00e9ticas Dissidentes nas Artes Visuais: Desconstruindo Narrativas e Reimaginando Pr\u00e1ticas Art\u00edsticas.<\/strong><\/p><p>O projeto &#8220;Est\u00e9ticas Dissidentes nas Artes Visuais&#8221; tem como objetivo investigar as est\u00e9ticas decoloniais dentro do contexto das artes visuais, fornecendo aos estudantes de Licenciatura em Artes Visuais uma compreens\u00e3o cr\u00edtica das narrativas coloniais presentes nessa \u00e1rea e promovendo uma reimagina\u00e7\u00e3o das pr\u00e1ticas art\u00edsticas tradicionais. Ao examinar essas est\u00e9ticas, os discentes ser\u00e3o incentivados a questionar as estruturas de poder dominantes, ampliar suas perspectivas e valorizar a diversidade cultural e art\u00edstica que emerge al\u00e9m das fronteiras impostas pela coloniza\u00e7\u00e3o.<\/p><\/div>\n\t\t\t\t<\/div>\n\t\t\t\t\t\t\t\t<\/div>\n\t\t\t\t\t\t<\/div>\n\t\t\t\t<\/div>\n\t\t\t\t\t<\/div>\n\t\t<\/div>\n\t\t\t\t\t<\/div>\n\t\t<\/section>\n\t\t\t\t<\/div>\n\t\t","protected":false},"excerpt":{"rendered":"<p>Projeto de Ensino 2024 T\u00cdTULO DO PROJETO:\u00a0Est\u00e9ticas Dissidentes nas Artes Visuais: Desconstruindo Narrativas e Reimaginando Pr\u00e1ticas Art\u00edsticas. O projeto \u201cEst\u00e9ticas Dissidentes nas Artes Visuais\u201d tem como objetivo investigar as est\u00e9ticas decoloniais dentro do contexto das artes visuais, fornecendo aos estudantes&hellip; <\/p>\n<p><a href=\"https:\/\/www2.unifap.br\/artes\/projeto-de-ensino\" class=\"readmore-button\">Continue Reading<\/a><\/p>\n","protected":false},"author":3836,"featured_media":0,"parent":0,"menu_order":0,"comment_status":"closed","ping_status":"closed","template":"","meta":{"inline_featured_image":false,"ngg_post_thumbnail":0,"footnotes":""},"class_list":["post-4177","page","type-page","status-publish","hentry"],"_links":{"self":[{"href":"https:\/\/www2.unifap.br\/artes\/wp-json\/wp\/v2\/pages\/4177","targetHints":{"allow":["GET"]}}],"collection":[{"href":"https:\/\/www2.unifap.br\/artes\/wp-json\/wp\/v2\/pages"}],"about":[{"href":"https:\/\/www2.unifap.br\/artes\/wp-json\/wp\/v2\/types\/page"}],"author":[{"embeddable":true,"href":"https:\/\/www2.unifap.br\/artes\/wp-json\/wp\/v2\/users\/3836"}],"replies":[{"embeddable":true,"href":"https:\/\/www2.unifap.br\/artes\/wp-json\/wp\/v2\/comments?post=4177"}],"version-history":[{"count":10,"href":"https:\/\/www2.unifap.br\/artes\/wp-json\/wp\/v2\/pages\/4177\/revisions"}],"predecessor-version":[{"id":5377,"href":"https:\/\/www2.unifap.br\/artes\/wp-json\/wp\/v2\/pages\/4177\/revisions\/5377"}],"wp:attachment":[{"href":"https:\/\/www2.unifap.br\/artes\/wp-json\/wp\/v2\/media?parent=4177"}],"curies":[{"name":"wp","href":"https:\/\/api.w.org\/{rel}","templated":true}]}}