{"id":4240,"date":"2023-09-12T18:33:51","date_gmt":"2023-09-12T18:33:51","guid":{"rendered":"https:\/\/www2.unifap.br\/artes\/?page_id=4240"},"modified":"2024-10-07T19:59:14","modified_gmt":"2024-10-07T19:59:14","slug":"monitoria","status":"publish","type":"page","link":"https:\/\/www2.unifap.br\/artes\/monitoria","title":{"rendered":"MONITORIA"},"content":{"rendered":"\t\t<div data-elementor-type=\"wp-page\" data-elementor-id=\"4240\" class=\"elementor elementor-4240\">\n\t\t\t\t\t\t<section class=\"elementor-section elementor-top-section elementor-element elementor-element-7b82586 elementor-section-boxed elementor-section-height-default elementor-section-height-default\" data-id=\"7b82586\" data-element_type=\"section\" data-e-type=\"section\">\n\t\t\t\t\t\t<div class=\"elementor-container elementor-column-gap-default\">\n\t\t\t\t\t<div class=\"elementor-column elementor-col-100 elementor-top-column elementor-element elementor-element-357aabe\" data-id=\"357aabe\" data-element_type=\"column\" data-e-type=\"column\">\n\t\t\t<div class=\"elementor-widget-wrap elementor-element-populated\">\n\t\t\t\t\t\t<div class=\"elementor-element elementor-element-6bf483b elementor-widget elementor-widget-accordion\" data-id=\"6bf483b\" data-element_type=\"widget\" data-e-type=\"widget\" data-widget_type=\"accordion.default\">\n\t\t\t\t<div class=\"elementor-widget-container\">\n\t\t\t\t\t\t\t<div class=\"elementor-accordion\">\n\t\t\t\t\t\t\t<div class=\"elementor-accordion-item\">\n\t\t\t\t\t<div id=\"elementor-tab-title-1131\" class=\"elementor-tab-title\" data-tab=\"1\" role=\"button\" aria-controls=\"elementor-tab-content-1131\" aria-expanded=\"false\">\n\t\t\t\t\t\t\t\t\t\t\t\t\t<span class=\"elementor-accordion-icon elementor-accordion-icon-left\" aria-hidden=\"true\">\n\t\t\t\t\t\t\t\t\t\t\t\t\t\t\t<span class=\"elementor-accordion-icon-closed\"><i class=\"fas fa-plus\"><\/i><\/span>\n\t\t\t\t\t\t\t\t<span class=\"elementor-accordion-icon-opened\"><i class=\"fas fa-minus\"><\/i><\/span>\n\t\t\t\t\t\t\t\t\t\t\t\t\t\t<\/span>\n\t\t\t\t\t\t\t\t\t\t\t\t<a class=\"elementor-accordion-title\" tabindex=\"0\">Monitoria 2023-2024<\/a>\n\t\t\t\t\t<\/div>\n\t\t\t\t\t<div id=\"elementor-tab-content-1131\" class=\"elementor-tab-content elementor-clearfix\" data-tab=\"1\" role=\"region\" aria-labelledby=\"elementor-tab-title-1131\"><p><strong>Monitoria (2023-2024)<\/strong><\/p><p><strong>Objetivo<\/strong>:\u00a0Potencializar a forma\u00e7\u00e3o e a aprendizagem discente, futuros professores, atrav\u00e9s do aux\u00edlio nas mais diversas atividades docentes ao longo do semestre.<\/p><p><strong>P\u00fablico alvo<\/strong>: Acad\u00eamicos do curso de Licenciatura em Artes Visuais<\/p><p><strong>Financiamento<\/strong>: Universidade Federal do Amap\u00e1<\/p><p><strong>Monitores:<\/strong> TAINA CRISTINE COSTA RABELO, CREMERSON APARECIDO DA ROSA e MARCELO DOS SANTOS BRANDAO JUNIOR<\/p><p>\u00a0<\/p><\/div>\n\t\t\t\t<\/div>\n\t\t\t\t\t\t\t\t<\/div>\n\t\t\t\t\t\t<\/div>\n\t\t\t\t<\/div>\n\t\t\t\t\t<\/div>\n\t\t<\/div>\n\t\t\t\t\t<\/div>\n\t\t<\/section>\n\t\t\t\t<\/div>\n\t\t","protected":false},"excerpt":{"rendered":"<p>Monitoria 2023-2024 Monitoria (2023-2024) Objetivo:\u00a0Potencializar a forma\u00e7\u00e3o e a aprendizagem discente, futuros professores, atrav\u00e9s do aux\u00edlio nas mais diversas atividades docentes ao longo do semestre. P\u00fablico alvo: Acad\u00eamicos do curso de Licenciatura em Artes Visuais Financiamento: Universidade Federal do Amap\u00e1&hellip; <\/p>\n<p><a href=\"https:\/\/www2.unifap.br\/artes\/monitoria\" class=\"readmore-button\">Continue Reading<\/a><\/p>\n","protected":false},"author":3836,"featured_media":0,"parent":0,"menu_order":0,"comment_status":"closed","ping_status":"closed","template":"","meta":{"inline_featured_image":false,"ngg_post_thumbnail":0,"footnotes":""},"class_list":["post-4240","page","type-page","status-publish","hentry"],"_links":{"self":[{"href":"https:\/\/www2.unifap.br\/artes\/wp-json\/wp\/v2\/pages\/4240","targetHints":{"allow":["GET"]}}],"collection":[{"href":"https:\/\/www2.unifap.br\/artes\/wp-json\/wp\/v2\/pages"}],"about":[{"href":"https:\/\/www2.unifap.br\/artes\/wp-json\/wp\/v2\/types\/page"}],"author":[{"embeddable":true,"href":"https:\/\/www2.unifap.br\/artes\/wp-json\/wp\/v2\/users\/3836"}],"replies":[{"embeddable":true,"href":"https:\/\/www2.unifap.br\/artes\/wp-json\/wp\/v2\/comments?post=4240"}],"version-history":[{"count":11,"href":"https:\/\/www2.unifap.br\/artes\/wp-json\/wp\/v2\/pages\/4240\/revisions"}],"predecessor-version":[{"id":5045,"href":"https:\/\/www2.unifap.br\/artes\/wp-json\/wp\/v2\/pages\/4240\/revisions\/5045"}],"wp:attachment":[{"href":"https:\/\/www2.unifap.br\/artes\/wp-json\/wp\/v2\/media?parent=4240"}],"curies":[{"name":"wp","href":"https:\/\/api.w.org\/{rel}","templated":true}]}}