{"id":458,"date":"2014-12-16T14:00:39","date_gmt":"2014-12-16T14:00:39","guid":{"rendered":"http:\/\/www2.unifap.br\/artes\/?page_id=458"},"modified":"2024-10-22T18:05:27","modified_gmt":"2024-10-22T18:05:27","slug":"normas","status":"publish","type":"page","link":"https:\/\/www2.unifap.br\/artes\/coordenacao\/normas","title":{"rendered":"DOCUMENTA\u00c7\u00d5ES"},"content":{"rendered":"\t\t<div data-elementor-type=\"wp-post\" data-elementor-id=\"458\" class=\"elementor elementor-458\">\n\t\t\t\t\t\t<section class=\"elementor-section elementor-top-section elementor-element elementor-element-d161852 elementor-section-boxed elementor-section-height-default elementor-section-height-default\" data-id=\"d161852\" data-element_type=\"section\" data-e-type=\"section\">\n\t\t\t\t\t\t<div class=\"elementor-container elementor-column-gap-default\">\n\t\t\t\t\t<div class=\"elementor-column elementor-col-100 elementor-top-column elementor-element elementor-element-c58164a\" data-id=\"c58164a\" data-element_type=\"column\" data-e-type=\"column\">\n\t\t\t<div class=\"elementor-widget-wrap elementor-element-populated\">\n\t\t\t\t\t\t<div class=\"elementor-element elementor-element-89e0883 elementor-widget elementor-widget-toggle\" data-id=\"89e0883\" data-element_type=\"widget\" data-e-type=\"widget\" data-widget_type=\"toggle.default\">\n\t\t\t\t<div class=\"elementor-widget-container\">\n\t\t\t\t\t\t\t<div class=\"elementor-toggle\">\n\t\t\t\t\t\t\t<div class=\"elementor-toggle-item\">\n\t\t\t\t\t<div id=\"elementor-tab-title-1441\" class=\"elementor-tab-title\" data-tab=\"1\" role=\"button\" aria-controls=\"elementor-tab-content-1441\" aria-expanded=\"false\">\n\t\t\t\t\t\t\t\t\t\t\t\t<span class=\"elementor-toggle-icon elementor-toggle-icon-left\" aria-hidden=\"true\">\n\t\t\t\t\t\t\t\t\t\t\t\t\t\t\t<span class=\"elementor-toggle-icon-closed\"><i class=\"far fa-caret-square-down\"><\/i><\/span>\n\t\t\t\t\t\t\t\t<span class=\"elementor-toggle-icon-opened\"><i class=\"elementor-toggle-icon-opened fas fa-arrow-circle-down\"><\/i><\/span>\n\t\t\t\t\t\t\t\t\t\t\t\t\t<\/span>\n\t\t\t\t\t\t\t\t\t\t\t\t<a class=\"elementor-toggle-title\" tabindex=\"0\">DOCUMENTA\u00c7\u00d5ES - TCC<\/a>\n\t\t\t\t\t<\/div>\n\n\t\t\t\t\t<div id=\"elementor-tab-content-1441\" class=\"elementor-tab-content elementor-clearfix\" data-tab=\"1\" role=\"region\" aria-labelledby=\"elementor-tab-title-1441\"><ul><li><a href=\"https:\/\/www2.unifap.br\/artes\/files\/2014\/12\/temo-de-compromisso-de-orienta\u00e7\u00e3o-de-tcc.doc\" target=\"_blank\" rel=\"noopener\">TERMO DE COMPROMISSO DE ORIENTA\u00c7\u00c3O DE TCC<\/a><\/li><li><a href=\"https:\/\/www2.unifap.br\/artes\/files\/2021\/09\/DECLARAO-DE-AUTORIA-E-AUTORIZAO-PARA-PUBLICAO_ATUAL-1.pdf\" target=\"_blank\" rel=\"noopener\">TERMO DE AUTORIZA\u00c7\u00c3O PARA PUBLICA\u00c7\u00c3O DE TRABALHO DE CONCLUS\u00c3O DE CURSO<\/a><\/li><li><a href=\"https:\/\/www2.unifap.br\/artes\/files\/2020\/01\/TERMO-DE-COMPROMISSO-DE-ENTREGA-DA-VERS\u00c3O-PRELIMINAR-ENCADERNADA-E-VERS\u00c3O-FINAL-DO-TCC-EM-CD.docx\" target=\"_blank\" rel=\"noopener\">TERMO DE COMPROMISSO DE ENTREGA DA VERS\u00c3O PRELIMINAR ENCADERNADA E VERS\u00c3O FINAL DO TCC EM CD<\/a><\/li><li><a href=\"http:\/\/www2.unifap.br\/artes\/files\/2024\/09\/REGULAMENTO_DO_TRABALHO_DE_CONCLUSAO_DE_CURSO_-_TCC_assinado.pdf\">REGULAMENTO DO TRABALHO DE CONCLUSAO DE CURSO TCC<\/a><\/li><li><a href=\"http:\/\/www2.unifap.br\/artes\/files\/2024\/10\/FICHA-DE-AVALIACAO-MEMORIAL-E-PORTFOLIO.pdf\">FICHA DE AVALIA\u00c7\u00c3O &#8211; MEM\u00d3RIAL E PORTF\u00d3LIO<\/a><\/li><li><a href=\"http:\/\/www2.unifap.br\/artes\/files\/2024\/10\/FICHA-DE-AVALIACAO-DE-QUALIFICACAO-DE-PROJETO-TCC.pdf\">FICHA DE AVALIA\u00c7\u00c3O DE QUALIFICA\u00c7\u00c3O DE PROJETO TCC<\/a><\/li><li><a href=\"http:\/\/www2.unifap.br\/artes\/files\/2024\/10\/FICHA-DE-AVALIACAO-DE-TCC-MONOGRAFIA.pdf\">FICHA DE AVALIA\u00c7\u00c3O DE TCC- MONOGRAFIA<\/a><\/li><li><a href=\"http:\/\/www2.unifap.br\/artes\/files\/2024\/10\/SUGESTA\u0303O-PARA-ELABORAC\u0327A\u0303O-Memorial-Portfo\u0301lio-e-Projeto-de-Qualificaca\u0303o.pdf\">SUGESTA\u0303O PARA ELABORAC\u0327A\u0303O Memorial, Portfo\u0301lio e Projeto de Qualificaca\u0303o<\/a><\/li><\/ul><\/div>\n\t\t\t\t<\/div>\n\t\t\t\t\t\t\t<div class=\"elementor-toggle-item\">\n\t\t\t\t\t<div id=\"elementor-tab-title-1442\" class=\"elementor-tab-title\" data-tab=\"2\" role=\"button\" aria-controls=\"elementor-tab-content-1442\" aria-expanded=\"false\">\n\t\t\t\t\t\t\t\t\t\t\t\t<span class=\"elementor-toggle-icon elementor-toggle-icon-left\" aria-hidden=\"true\">\n\t\t\t\t\t\t\t\t\t\t\t\t\t\t\t<span class=\"elementor-toggle-icon-closed\"><i class=\"far fa-caret-square-down\"><\/i><\/span>\n\t\t\t\t\t\t\t\t<span class=\"elementor-toggle-icon-opened\"><i class=\"elementor-toggle-icon-opened fas fa-arrow-circle-down\"><\/i><\/span>\n\t\t\t\t\t\t\t\t\t\t\t\t\t<\/span>\n\t\t\t\t\t\t\t\t\t\t\t\t<a class=\"elementor-toggle-title\" tabindex=\"0\"> COLA\u00c7\u00c3O DE GRAU<\/a>\n\t\t\t\t\t<\/div>\n\n\t\t\t\t\t<div id=\"elementor-tab-content-1442\" class=\"elementor-tab-content elementor-clearfix\" data-tab=\"2\" role=\"region\" aria-labelledby=\"elementor-tab-title-1442\"><h6><strong>COLA\u00c7\u00c3O DE GRAU<\/strong><br \/><strong>DOCUMENTOS PARA COLA\u00c7\u00c3O DE GRAU:<\/strong><\/h6><h6><strong>\u00a0<\/strong><\/h6><ul><li>Documento de identidade oficial com foto<\/li><li>CPF<\/li><li>Certid\u00e3o de nascimento ou casamento<\/li><li>T\u00edtulo de eleitor<\/li><li>Certid\u00e3o de quita\u00e7\u00e3o eleitoral\u00a0<\/li><\/ul><ul><li>Certificado de conclus\u00e3o do ensino m\u00e9dio<\/li><li>Hist\u00f3rico escolar do ensino m\u00e9dio (carimbo NIOE-SEED)<\/li><li>Carteira de reservista ou certificado de dispensa (masculino)<\/li><li>Declara\u00e7\u00e3o de adimpl\u00eancia expedida pela biblioteca central<\/li><li>Comprovante de resid\u00eancia atualizados<\/li><\/ul><h6><strong>SEGUE ABAIXO OS LINKS:\u00a0<\/strong><\/h6><ul><li>Certid\u00e3o de quita\u00e7\u00e3o eleitoral:<\/li><\/ul><div><p><a href=\"https:\/\/www.tse.jus.br\/servicos-eleitorais\/autoatendimento-eleitoral#\/certidoes-eleitor\">CERTID\u00d5ES ELEITOR<\/a><\/p><\/div><ul><li>Declara\u00e7\u00e3o de adimpl\u00eancia expedida pela biblioteca central:<\/li><\/ul><p><a href=\"https:\/\/docs.google.com\/forms\/d\/e\/1FAIpQLSfJMks1i6DwcdXIv_tFm0IYVyav4tZ77elPy5b-1Fs8kBZ-WQ\/viewform\">DECLARAC\u00c3O <\/a><\/p><ul><li>Formul\u00e1rio para cola\u00e7\u00e3o de grau:<\/li><\/ul><p><a href=\"https:\/\/www2.unifap.br\/artes\/files\/2019\/08\/Formul%C3%A1rio-Cola%C3%A7%C3%A3o-de-Grau-ARTES.pdf\">FORMUL\u00c1RIO<\/a><\/p><pre><strong>OBS<\/strong>: <strong>OS DOCUMENTOS DEVEM ESTAR ANEXADOS EM UM \u00daNICO ARQUIVO EM PDF E SER ENCAMINHADO<\/strong><strong> PARA O E-MAIL DO CURSO<\/strong><b><br \/><\/b><br \/><b>EMAIL: artesvisuais@unifap.br<\/b><\/pre><h5><a href=\"http:\/\/www2.unifap.br\/artes\/files\/2019\/08\/colacaograu.png\"><img fetchpriority=\"high\" decoding=\"async\" class=\"aligncenter size-full wp-image-1556\" src=\"http:\/\/www2.unifap.br\/artes\/files\/2019\/08\/colacaograu.png\" alt=\"\" width=\"1130\" height=\"500\" srcset=\"https:\/\/www2.unifap.br\/artes\/files\/2019\/08\/colacaograu.png 1130w, https:\/\/www2.unifap.br\/artes\/files\/2019\/08\/colacaograu-300x133.png 300w, https:\/\/www2.unifap.br\/artes\/files\/2019\/08\/colacaograu-768x340.png 768w, https:\/\/www2.unifap.br\/artes\/files\/2019\/08\/colacaograu-1024x453.png 1024w\" sizes=\"(max-width: 1130px) 100vw, 1130px\" \/><\/a><\/h5><\/div>\n\t\t\t\t<\/div>\n\t\t\t\t\t\t\t<div class=\"elementor-toggle-item\">\n\t\t\t\t\t<div id=\"elementor-tab-title-1443\" class=\"elementor-tab-title\" data-tab=\"3\" role=\"button\" aria-controls=\"elementor-tab-content-1443\" aria-expanded=\"false\">\n\t\t\t\t\t\t\t\t\t\t\t\t<span class=\"elementor-toggle-icon elementor-toggle-icon-left\" aria-hidden=\"true\">\n\t\t\t\t\t\t\t\t\t\t\t\t\t\t\t<span class=\"elementor-toggle-icon-closed\"><i class=\"far fa-caret-square-down\"><\/i><\/span>\n\t\t\t\t\t\t\t\t<span class=\"elementor-toggle-icon-opened\"><i class=\"elementor-toggle-icon-opened fas fa-arrow-circle-down\"><\/i><\/span>\n\t\t\t\t\t\t\t\t\t\t\t\t\t<\/span>\n\t\t\t\t\t\t\t\t\t\t\t\t<a class=\"elementor-toggle-title\" tabindex=\"0\">REQUERIMENTOS<\/a>\n\t\t\t\t\t<\/div>\n\n\t\t\t\t\t<div id=\"elementor-tab-content-1443\" class=\"elementor-tab-content elementor-clearfix\" data-tab=\"3\" role=\"region\" aria-labelledby=\"elementor-tab-title-1443\"><ul><li><a href=\"https:\/\/www2.unifap.br\/artes\/files\/2019\/08\/MODELO-DE-REQUERIMENTO.docx\" target=\"_blank\" rel=\"noopener\">REQUERIMENTO GERAL<\/a><\/li><\/ul><\/div>\n\t\t\t\t<\/div>\n\t\t\t\t\t\t\t<div class=\"elementor-toggle-item\">\n\t\t\t\t\t<div id=\"elementor-tab-title-1444\" class=\"elementor-tab-title\" data-tab=\"4\" role=\"button\" aria-controls=\"elementor-tab-content-1444\" aria-expanded=\"false\">\n\t\t\t\t\t\t\t\t\t\t\t\t<span class=\"elementor-toggle-icon elementor-toggle-icon-left\" aria-hidden=\"true\">\n\t\t\t\t\t\t\t\t\t\t\t\t\t\t\t<span class=\"elementor-toggle-icon-closed\"><i class=\"far fa-caret-square-down\"><\/i><\/span>\n\t\t\t\t\t\t\t\t<span class=\"elementor-toggle-icon-opened\"><i class=\"elementor-toggle-icon-opened fas fa-arrow-circle-down\"><\/i><\/span>\n\t\t\t\t\t\t\t\t\t\t\t\t\t<\/span>\n\t\t\t\t\t\t\t\t\t\t\t\t<a class=\"elementor-toggle-title\" tabindex=\"0\">REGIMENTOS<\/a>\n\t\t\t\t\t<\/div>\n\n\t\t\t\t\t<div id=\"elementor-tab-content-1444\" class=\"elementor-tab-content elementor-clearfix\" data-tab=\"4\" role=\"region\" aria-labelledby=\"elementor-tab-title-1444\"><ul><li><a href=\"https:\/\/www2.unifap.br\/artes\/files\/2019\/05\/Regimento-Geral-UNIFAP.pdf\" target=\"_blank\" rel=\"noopener\">REGIMENTO GERAL DA UNIFAP<\/a><\/li><li><a href=\"https:\/\/www2.unifap.br\/artes\/files\/2022\/06\/Regimento-de-Colegiado_2021.pdf\" target=\"_blank\" rel=\"noopener\">REGIMENTO DE COLEGIADO 2021<\/a><\/li><li><a href=\"http:\/\/www2.unifap.br\/artes\/files\/2024\/10\/REGIMENTO-DO-NUCLEO-DOCENTE.pdf\">REGIMENTO DO N\u00daCLEO DOCENTE <\/a><\/li><\/ul><\/div>\n\t\t\t\t<\/div>\n\t\t\t\t\t\t\t<div class=\"elementor-toggle-item\">\n\t\t\t\t\t<div id=\"elementor-tab-title-1445\" class=\"elementor-tab-title\" data-tab=\"5\" role=\"button\" aria-controls=\"elementor-tab-content-1445\" aria-expanded=\"false\">\n\t\t\t\t\t\t\t\t\t\t\t\t<span class=\"elementor-toggle-icon elementor-toggle-icon-left\" aria-hidden=\"true\">\n\t\t\t\t\t\t\t\t\t\t\t\t\t\t\t<span class=\"elementor-toggle-icon-closed\"><i class=\"far fa-caret-square-down\"><\/i><\/span>\n\t\t\t\t\t\t\t\t<span class=\"elementor-toggle-icon-opened\"><i class=\"elementor-toggle-icon-opened fas fa-arrow-circle-down\"><\/i><\/span>\n\t\t\t\t\t\t\t\t\t\t\t\t\t<\/span>\n\t\t\t\t\t\t\t\t\t\t\t\t<a class=\"elementor-toggle-title\" tabindex=\"0\">REGULAMENTOS<\/a>\n\t\t\t\t\t<\/div>\n\n\t\t\t\t\t<div id=\"elementor-tab-content-1445\" class=\"elementor-tab-content elementor-clearfix\" data-tab=\"5\" role=\"region\" aria-labelledby=\"elementor-tab-title-1445\"><ul><li><a href=\"http:\/\/www2.unifap.br\/artes\/files\/2024\/10\/REGULAMENTO_DO_ESTAGIO_SUPERVISIONADO_assinado-1.pdf\">REGULAMENTO DO ESTAGIO SUPERVISIONADO<\/a>\u00a0<\/li><li><a href=\"http:\/\/www2.unifap.br\/artes\/files\/2024\/10\/REGULAMENTO_DO_ESTAGIO_SUPERVISIONADO_assinado-1.pdf\">\u00a0<\/a><a href=\"http:\/\/www2.unifap.br\/artes\/files\/2024\/10\/REGULAMENTO_DE_ATIVIDADES_COMPLEMENTARES_assinado-1.pdf\">REGULAMENTO DE ATIVIDADES COMPLEMENTARES<\/a><\/li><li><a href=\"http:\/\/www2.unifap.br\/artes\/files\/2024\/10\/REGULAMENTO_DO_TRABALHO_DE_CONCLUSAO_DE_CURSO_-_TCC_assinado-1.pdf\">REGULAMENTO DO TRABALHO DE CONCLUSAO DE CURSO TCC<\/a><\/li><li><a href=\"http:\/\/www2.unifap.br\/artes\/files\/2024\/10\/REGULAMENTO-DE-CURRICULARIZAC\u0327A\u0303O-DA-EXTENSA\u0303O.pdf\">REGULAMENTO DE CURRICULARIZAC\u0327A\u0303O DA EXTENSA\u0303O<\/a><\/li><\/ul><\/div>\n\t\t\t\t<\/div>\n\t\t\t\t\t\t\t<div class=\"elementor-toggle-item\">\n\t\t\t\t\t<div id=\"elementor-tab-title-1446\" class=\"elementor-tab-title\" data-tab=\"6\" role=\"button\" aria-controls=\"elementor-tab-content-1446\" aria-expanded=\"false\">\n\t\t\t\t\t\t\t\t\t\t\t\t<span class=\"elementor-toggle-icon elementor-toggle-icon-left\" aria-hidden=\"true\">\n\t\t\t\t\t\t\t\t\t\t\t\t\t\t\t<span class=\"elementor-toggle-icon-closed\"><i class=\"far fa-caret-square-down\"><\/i><\/span>\n\t\t\t\t\t\t\t\t<span class=\"elementor-toggle-icon-opened\"><i class=\"elementor-toggle-icon-opened fas fa-arrow-circle-down\"><\/i><\/span>\n\t\t\t\t\t\t\t\t\t\t\t\t\t<\/span>\n\t\t\t\t\t\t\t\t\t\t\t\t<a class=\"elementor-toggle-title\" tabindex=\"0\">RESOLU\u00c7\u00d5ES<\/a>\n\t\t\t\t\t<\/div>\n\n\t\t\t\t\t<div id=\"elementor-tab-content-1446\" class=\"elementor-tab-content elementor-clearfix\" data-tab=\"6\" role=\"region\" aria-labelledby=\"elementor-tab-title-1446\"><ul>\n<li><a href=\"https:\/\/www2.unifap.br\/consu\/files\/2011\/07\/Resolu%C3%A7%C3%A3o-003-07.pdf\" target=\"_blank\" rel=\"noopener\">Resolu\u00e7\u00e3o de renomea\u00e7\u00e3o da nomenclatura do Curso de Licenciatura Plena em Artes com Habilita\u00e7\u00e3o em Artes Visuais para Curso de Licenciatura Plena em Artes Visuais<\/a><\/li>\n<li><a href=\"https:\/\/www2.unifap.br\/consu\/files\/2011\/07\/Resolu%C3%A7%C3%A3o-003-08-laborat%C3%B3rios.pdf\">Reconhecimentos dos laborat\u00f3rios de Artes Visuais &#8211; RESOLU\u00c7\u00c3O N\u00ba 003\/2008 \u2013 CONSU 21 de fevereiro de 2008<\/a><\/li>\n<li><a href=\"https:\/\/www2.unifap.br\/artes\/files\/2014\/12\/Resolu\u00e7\u00e3o-n\u00ba-26-11-Sistematica-de-avalia\u00e7\u00e3o.pdf\" target=\"_blank\" rel=\"noopener\">Resolu\u00e7\u00e3o-n\u00ba-26-11-Sistematica-de-avalia\u00e7\u00e3o<\/a><\/li>\n<li><a href=\"https:\/\/www2.unifap.br\/artes\/files\/2019\/03\/resolucao_de_monitoria1.pdf\" target=\"_blank\" rel=\"noopener\">Resolucao de Sistema de monitoria dos cursos<\/a><\/li><li><a href=\"https:\/\/www2.unifap.br\/consu\/files\/2012\/01\/Resolu%C3%A7%C3%A3o-n%C2%BA-26-11-Sistematica-de-avalia%C3%A7%C3%A3o.pdf\" target=\"_blank\" rel=\"noopener\" style=\"font-family: var( --e-global-typography-text-font-family ), Sans-serif;font-weight: var( --e-global-typography-text-font-weight );font-size: 1em\">Resolu\u00e7\u00e3o n\u00ba 026\/2011 CONSU<\/a><\/li>\n<\/ul><\/div>\n\t\t\t\t<\/div>\n\t\t\t\t\t\t\t<div class=\"elementor-toggle-item\">\n\t\t\t\t\t<div id=\"elementor-tab-title-1447\" class=\"elementor-tab-title\" data-tab=\"7\" role=\"button\" aria-controls=\"elementor-tab-content-1447\" aria-expanded=\"false\">\n\t\t\t\t\t\t\t\t\t\t\t\t<span class=\"elementor-toggle-icon elementor-toggle-icon-left\" aria-hidden=\"true\">\n\t\t\t\t\t\t\t\t\t\t\t\t\t\t\t<span class=\"elementor-toggle-icon-closed\"><i class=\"far fa-caret-square-down\"><\/i><\/span>\n\t\t\t\t\t\t\t\t<span class=\"elementor-toggle-icon-opened\"><i class=\"elementor-toggle-icon-opened fas fa-arrow-circle-down\"><\/i><\/span>\n\t\t\t\t\t\t\t\t\t\t\t\t\t<\/span>\n\t\t\t\t\t\t\t\t\t\t\t\t<a class=\"elementor-toggle-title\" tabindex=\"0\">OUTROS DOCUMENTOS<\/a>\n\t\t\t\t\t<\/div>\n\n\t\t\t\t\t<div id=\"elementor-tab-content-1447\" class=\"elementor-tab-content elementor-clearfix\" data-tab=\"7\" role=\"region\" aria-labelledby=\"elementor-tab-title-1447\"><ul><li><a href=\"https:\/\/www2.unifap.br\/artes\/files\/2014\/01\/EQUIVAL%C3%8ANCIA-CURSO-DE-ARTES-VISUAIS.pdf\" target=\"_blank\" rel=\"noopener\">EQUIVAL\u00caNCIA CURSO DE ARTES VISUAIS (TURMAS 1991 a 2001)<\/a><\/li><li><a href=\"https:\/\/www2.unifap.br\/consu\/files\/2012\/01\/Resolu%C3%A7%C3%A3o-n%C2%BA-26-11-Sistematica-de-avalia%C3%A7%C3%A3o.pdf\" target=\"_blank\" rel=\"noopener\">ORIENTA\u00c7\u00c3O SOBRE 2A CHAMADA DE AVALIA\u00c7\u00c3O<\/a><\/li><li><a href=\"https:\/\/www2.unifap.br\/consu\/files\/2012\/01\/Resolu%C3%A7%C3%A3o-n%C2%BA-26-11-Sistematica-de-avalia%C3%A7%C3%A3o.pdf\" target=\"_blank\" rel=\"noopener\">ORIENTA\u00c7\u00c3O REVIS\u00c3O DE NOTAS<\/a><\/li><li><a href=\"https:\/\/www2.unifap.br\/dcp\/files\/2015\/10\/RESOLU%C3%87%C3%83O-N.-024-DE-2008-CONSU-Atividades-Curriculares-Complementar.pdf\" target=\"_blank\" rel=\"noopener\">ORIENTA\u00c7\u00d5ES ATIVIDADES COMPLEMENTARES DO CURSO<\/a><\/li><li><a href=\"https:\/\/www2.unifap.br\/derca\/files\/2017\/06\/Res.02-2004-Consu-unifap_perda_Vinculo.pdf\" target=\"_blank\" rel=\"noopener\">ORIENTA\u00c7\u00c3O PERDA DE V\u00cdNCULO<\/a><\/li><li><a href=\"http:\/\/www2.unifap.br\/artes\/files\/2015\/05\/ORIENTA%C3%87%C3%83O-SOBRE-ABONO-DE-FALTA.pdf\">ORIENTA\u00c7\u00c3O SOBRE ABONO DE FALTA<\/a>\u00a0<\/li><li><a style=\"font-family: var( --e-global-typography-text-font-family ), Sans-serif;font-weight: var( --e-global-typography-text-font-weight );font-size: 1em\" href=\"https:\/\/www2.unifap.br\/artes\/files\/2019\/04\/Nota-t\u00e9cnica-01-2015-Abono-de-Faltas.pdf\" target=\"_blank\" rel=\"noopener\">Nota t\u00e9cnica- Abono de Faltas<\/a><\/li><li><a href=\"http:\/\/www2.unifap.br\/artes\/files\/2024\/10\/COMPONENTES-CURRICULARES-E-PRE\u0301-REQUISITOS.pdf\">COMPONENTES CURRICULARES E PRE\u0301- REQUISITOS<\/a><\/li><\/ul><h5><strong><span style=\"color: #000000\">Direito aos Exerc\u00edcios domiciliares:<\/span><\/strong><\/h5><ul><li><strong>Estudantes com doen\u00e7as infectocontagiosas elencadas na legisla\u00e7\u00e3o<\/strong> <a href=\"https:\/\/www.planalto.gov.br\/ccivil_03\/decreto-lei\/Del1044.htm\" target=\"_blank\" rel=\"noopener\">Decreto-Lei n\u00ba 1.044, de 21 de outubro de 1969;<\/a><\/li><li><strong>Tratamento para acad\u00eamica gestante elencadas na legisla\u00e7\u00e3o<\/strong> <a href=\"https:\/\/www.planalto.gov.br\/ccivil_03\/Leis\/1970-1979\/L6202.htm\" target=\"_blank\" rel=\"noopener\">Lei n\u00ba 6.202\/1975,<\/a>\u00a0<\/li><li><a style=\"font-family: var( --e-global-typography-text-font-family ), Sans-serif;font-weight: var( --e-global-typography-text-font-weight );font-size: 1em\" href=\"https:\/\/www2.unifap.br\/artes\/files\/2015\/10\/modelo-de-Plano-de-Ensino.doc\">MODELO DE PLANO DE ENSINO<\/a><\/li><\/ul><\/div>\n\t\t\t\t<\/div>\n\t\t\t\t\t\t\t\t<\/div>\n\t\t\t\t\t\t<\/div>\n\t\t\t\t<\/div>\n\t\t\t\t\t<\/div>\n\t\t<\/div>\n\t\t\t\t\t<\/div>\n\t\t<\/section>\n\t\t\t\t<\/div>\n\t\t","protected":false},"excerpt":{"rendered":"<p>DOCUMENTA\u00c7\u00d5ES &#8211; TCC TERMO DE COMPROMISSO DE ORIENTA\u00c7\u00c3O DE TCC TERMO DE AUTORIZA\u00c7\u00c3O PARA PUBLICA\u00c7\u00c3O DE TRABALHO DE CONCLUS\u00c3O DE CURSO TERMO DE COMPROMISSO DE ENTREGA DA VERS\u00c3O PRELIMINAR ENCADERNADA E VERS\u00c3O FINAL DO TCC EM CD REGULAMENTO DO TRABALHO&hellip; <\/p>\n<p><a href=\"https:\/\/www2.unifap.br\/artes\/coordenacao\/normas\" class=\"readmore-button\">Continue Reading<\/a><\/p>\n","protected":false},"author":56,"featured_media":0,"parent":25,"menu_order":6,"comment_status":"closed","ping_status":"closed","template":"","meta":{"inline_featured_image":false,"ngg_post_thumbnail":0,"footnotes":""},"class_list":["post-458","page","type-page","status-publish","hentry"],"_links":{"self":[{"href":"https:\/\/www2.unifap.br\/artes\/wp-json\/wp\/v2\/pages\/458","targetHints":{"allow":["GET"]}}],"collection":[{"href":"https:\/\/www2.unifap.br\/artes\/wp-json\/wp\/v2\/pages"}],"about":[{"href":"https:\/\/www2.unifap.br\/artes\/wp-json\/wp\/v2\/types\/page"}],"author":[{"embeddable":true,"href":"https:\/\/www2.unifap.br\/artes\/wp-json\/wp\/v2\/users\/56"}],"replies":[{"embeddable":true,"href":"https:\/\/www2.unifap.br\/artes\/wp-json\/wp\/v2\/comments?post=458"}],"version-history":[{"count":238,"href":"https:\/\/www2.unifap.br\/artes\/wp-json\/wp\/v2\/pages\/458\/revisions"}],"predecessor-version":[{"id":5208,"href":"https:\/\/www2.unifap.br\/artes\/wp-json\/wp\/v2\/pages\/458\/revisions\/5208"}],"up":[{"embeddable":true,"href":"https:\/\/www2.unifap.br\/artes\/wp-json\/wp\/v2\/pages\/25"}],"wp:attachment":[{"href":"https:\/\/www2.unifap.br\/artes\/wp-json\/wp\/v2\/media?parent=458"}],"curies":[{"name":"wp","href":"https:\/\/api.w.org\/{rel}","templated":true}]}}