{"id":578,"date":"2019-03-09T02:29:38","date_gmt":"2019-03-09T02:29:38","guid":{"rendered":"http:\/\/www2.unifap.br\/artes\/?page_id=578"},"modified":"2026-02-11T23:43:55","modified_gmt":"2026-02-11T23:43:55","slug":"laboratorios","status":"publish","type":"page","link":"https:\/\/www2.unifap.br\/artes\/coordenacao\/laboratorios","title":{"rendered":"LABORAT\u00d3RIOS"},"content":{"rendered":"\t\t<div data-elementor-type=\"wp-post\" data-elementor-id=\"578\" class=\"elementor elementor-578\">\n\t\t\t\t\t\t<section class=\"elementor-section elementor-top-section elementor-element elementor-element-bcfb04a elementor-section-boxed elementor-section-height-default elementor-section-height-default\" data-id=\"bcfb04a\" data-element_type=\"section\" data-e-type=\"section\">\n\t\t\t\t\t\t<div class=\"elementor-container elementor-column-gap-default\">\n\t\t\t\t\t<div class=\"elementor-column elementor-col-100 elementor-top-column elementor-element elementor-element-c21af99\" data-id=\"c21af99\" data-element_type=\"column\" data-e-type=\"column\">\n\t\t\t<div class=\"elementor-widget-wrap elementor-element-populated\">\n\t\t\t\t\t\t<div class=\"elementor-element elementor-element-b673024 elementor-widget elementor-widget-toggle\" data-id=\"b673024\" data-element_type=\"widget\" data-e-type=\"widget\" data-widget_type=\"toggle.default\">\n\t\t\t\t<div class=\"elementor-widget-container\">\n\t\t\t\t\t\t\t<div class=\"elementor-toggle\">\n\t\t\t\t\t\t\t<div class=\"elementor-toggle-item\">\n\t\t\t\t\t<div id=\"elementor-tab-title-1911\" class=\"elementor-tab-title\" data-tab=\"1\" role=\"button\" aria-controls=\"elementor-tab-content-1911\" aria-expanded=\"false\">\n\t\t\t\t\t\t\t\t\t\t\t\t<span class=\"elementor-toggle-icon elementor-toggle-icon-left\" aria-hidden=\"true\">\n\t\t\t\t\t\t\t\t\t\t\t\t\t\t\t<span class=\"elementor-toggle-icon-closed\"><i class=\"fas fa-caret-right\"><\/i><\/span>\n\t\t\t\t\t\t\t\t<span class=\"elementor-toggle-icon-opened\"><i class=\"elementor-toggle-icon-opened fas fa-caret-up\"><\/i><\/span>\n\t\t\t\t\t\t\t\t\t\t\t\t\t<\/span>\n\t\t\t\t\t\t\t\t\t\t\t\t<a class=\"elementor-toggle-title\" tabindex=\"0\">Regulamento de uso dos Laborat\u00f3rios do Curso de Artes Visuais<\/a>\n\t\t\t\t\t<\/div>\n\n\t\t\t\t\t<div id=\"elementor-tab-content-1911\" class=\"elementor-tab-content elementor-clearfix\" data-tab=\"1\" role=\"region\" aria-labelledby=\"elementor-tab-title-1911\"><ul><li><a href=\"https:\/\/drive.google.com\/file\/d\/1zQnM7ON5bHvS57q6AP13UEOaJXroC6mV\/view?usp=sharing\">CONHE\u00c7A O REGULAMENTO DOS LABORAT\u00d3RIOS<\/a><\/li><li><a href=\"http:\/\/www2.unifap.br\/artes\/files\/2024\/10\/NORMAS-DE-FUNCIONAMENTO-DOS-LABORATO\u0301RIOS-DO-CURSO-DE-LICENCIATURA-EM-ARTES-VISUAIS.pdf\">NORMAS DE FUNCIONAMENTO DOS LABORATO\u0301RIOS DO CURSO DE LICENCIATURA EM ARTES VISUAIS<\/a><\/li><li><a href=\"http:\/\/www2.unifap.br\/artes\/files\/2024\/10\/TERMO-DE-AGENDAMENTO-E-CAUTELA-DOS-LABORATO\u0301RIOS.pdf\">TERMO DE AGENDAMENTO E CAUTELA DOS LABORATO\u0301RIOS<\/a><\/li><li><a href=\"http:\/\/www2.unifap.br\/artes\/files\/2024\/10\/NORMAS-DE-FUNCIONAMENTO-DO-ESPAC\u0327O-DE-EXPERIMENTAC\u0327O\u0303ES-EM-ARTES-VISUAIS-FA\u0301RIMA-GRACIA.pdf\">NORMAS DE FUNCIONAMENTO DO ESPAC\u0327O DE EXPERIMENTAC\u0327O\u0303ES EM ARTES VISUAIS &#8211; FA\u0301RIMA GRACIA<\/a><\/li><li><a href=\"http:\/\/www2.unifap.br\/artes\/files\/2024\/10\/FICHA-DE-CADASTRO-PARA-USO-DO-ESPAC\u0327O-DE-EXPERIMENTACO\u0303ES-EM-ARTES-VISUAIS.pdf\">FICHA DE CADASTRO PARA USO DO ESPAC\u0327O DE EXPERIMENTACO\u0303ES EM ARTES VISUAIS<\/a><\/li><\/ul><\/div>\n\t\t\t\t<\/div>\n\t\t\t\t\t\t\t\t<\/div>\n\t\t\t\t\t\t<\/div>\n\t\t\t\t<\/div>\n\t\t\t\t<div class=\"elementor-element elementor-element-8a3715e elementor-widget elementor-widget-toggle\" data-id=\"8a3715e\" data-element_type=\"widget\" data-e-type=\"widget\" data-widget_type=\"toggle.default\">\n\t\t\t\t<div class=\"elementor-widget-container\">\n\t\t\t\t\t\t\t<div class=\"elementor-toggle\">\n\t\t\t\t\t\t\t<div class=\"elementor-toggle-item\">\n\t\t\t\t\t<div id=\"elementor-tab-title-1441\" class=\"elementor-tab-title\" data-tab=\"1\" role=\"button\" aria-controls=\"elementor-tab-content-1441\" aria-expanded=\"false\">\n\t\t\t\t\t\t\t\t\t\t\t\t<a class=\"elementor-toggle-title\" tabindex=\"0\">1. Laborat\u00f3rio de Experimenta\u00e7\u00e3o F\u00e1tima Garcia <\/a>\n\t\t\t\t\t<\/div>\n\n\t\t\t\t\t<div id=\"elementor-tab-content-1441\" class=\"elementor-tab-content elementor-clearfix\" data-tab=\"1\" role=\"region\" aria-labelledby=\"elementor-tab-title-1441\"><p><a href=\"http:\/\/www2.unifap.br\/artes\/files\/2019\/05\/WhatsApp-Image-2019-05-06-at-13.53.32.jpeg\"><img fetchpriority=\"high\" decoding=\"async\" class=\"aligncenter size-full wp-image-986\" src=\"http:\/\/www2.unifap.br\/artes\/files\/2019\/05\/WhatsApp-Image-2019-05-06-at-13.53.32.jpeg\" alt=\"\" width=\"1280\" height=\"120\" srcset=\"https:\/\/www2.unifap.br\/artes\/files\/2019\/05\/WhatsApp-Image-2019-05-06-at-13.53.32.jpeg 1280w, https:\/\/www2.unifap.br\/artes\/files\/2019\/05\/WhatsApp-Image-2019-05-06-at-13.53.32-300x28.jpeg 300w, https:\/\/www2.unifap.br\/artes\/files\/2019\/05\/WhatsApp-Image-2019-05-06-at-13.53.32-768x72.jpeg 768w, https:\/\/www2.unifap.br\/artes\/files\/2019\/05\/WhatsApp-Image-2019-05-06-at-13.53.32-1024x96.jpeg 1024w\" sizes=\"(max-width: 1280px) 100vw, 1280px\" \/><\/a><\/p><\/div>\n\t\t\t\t<\/div>\n\t\t\t\t\t\t\t<div class=\"elementor-toggle-item\">\n\t\t\t\t\t<div id=\"elementor-tab-title-1442\" class=\"elementor-tab-title\" data-tab=\"2\" role=\"button\" aria-controls=\"elementor-tab-content-1442\" aria-expanded=\"false\">\n\t\t\t\t\t\t\t\t\t\t\t\t<a class=\"elementor-toggle-title\" tabindex=\"0\">2. Laborat\u00f3rio de Desenho<\/a>\n\t\t\t\t\t<\/div>\n\n\t\t\t\t\t<div id=\"elementor-tab-content-1442\" class=\"elementor-tab-content elementor-clearfix\" data-tab=\"2\" role=\"region\" aria-labelledby=\"elementor-tab-title-1442\"><p><a href=\"http:\/\/www2.unifap.br\/artes\/files\/2023\/01\/WhatsApp-Image-2023-01-24-at-11.41.27.jpeg\"><img decoding=\"async\" class=\"alignnone size-full wp-image-3515\" src=\"http:\/\/www2.unifap.br\/artes\/files\/2023\/01\/WhatsApp-Image-2023-01-24-at-11.41.27.jpeg\" alt=\"\" width=\"1600\" height=\"1200\"><\/a><\/p>\n<p><br><\/p>\n<br>\n<p><a href=\"http:\/\/www2.unifap.br\/artes\/files\/2022\/09\/2.jpg\">&nbsp;<\/a><\/p><\/div>\n\t\t\t\t<\/div>\n\t\t\t\t\t\t\t<div class=\"elementor-toggle-item\">\n\t\t\t\t\t<div id=\"elementor-tab-title-1443\" class=\"elementor-tab-title\" data-tab=\"3\" role=\"button\" aria-controls=\"elementor-tab-content-1443\" aria-expanded=\"false\">\n\t\t\t\t\t\t\t\t\t\t\t\t<a class=\"elementor-toggle-title\" tabindex=\"0\">2. Laborat\u00f3rio de Express\u00f5es em Linguagens Visuais <\/a>\n\t\t\t\t\t<\/div>\n\n\t\t\t\t\t<div id=\"elementor-tab-content-1443\" class=\"elementor-tab-content elementor-clearfix\" data-tab=\"3\" role=\"region\" aria-labelledby=\"elementor-tab-title-1443\"><p><a href=\"http:\/\/www2.unifap.br\/artes\/files\/2022\/09\/WhatsApp-Image-2022-09-21-at-11.41.17.jpeg\"><br \/><img decoding=\"async\" class=\"aligncenter size-full wp-image-3155\" src=\"http:\/\/www2.unifap.br\/artes\/files\/2022\/09\/WhatsApp-Image-2022-09-21-at-11.41.17.jpeg\" alt=\"\" width=\"1600\" height=\"1200\" \/><\/a><\/p><p><strong>AGENDA SL 2025.2\u00a0<\/strong><\/p><p><a href=\"https:\/\/www2.unifap.br\/artes\/files\/2026\/02\/calendario-ELVIS-11-03.pdf\">Agenda (PDF)<\/a><\/p><p><a href=\"http:\/\/www2.unifap.br\/artes\/files\/2026\/02\/calendario-ELVIS-11-03.png\"><img loading=\"lazy\" decoding=\"async\" class=\"alignnone size-large wp-image-5499\" src=\"http:\/\/www2.unifap.br\/artes\/files\/2026\/02\/calendario-ELVIS-11-03-1024x724.png\" alt=\"\" width=\"640\" height=\"453\" srcset=\"https:\/\/www2.unifap.br\/artes\/files\/2026\/02\/calendario-ELVIS-11-03-1024x724.png 1024w, https:\/\/www2.unifap.br\/artes\/files\/2026\/02\/calendario-ELVIS-11-03-300x212.png 300w, https:\/\/www2.unifap.br\/artes\/files\/2026\/02\/calendario-ELVIS-11-03-768x543.png 768w, https:\/\/www2.unifap.br\/artes\/files\/2026\/02\/calendario-ELVIS-11-03.png 1123w\" sizes=\"(max-width: 640px) 100vw, 640px\" \/><\/a><\/p><p>\u00a0<\/p><\/div>\n\t\t\t\t<\/div>\n\t\t\t\t\t\t\t\t<\/div>\n\t\t\t\t\t\t<\/div>\n\t\t\t\t<\/div>\n\t\t\t\t\t<\/div>\n\t\t<\/div>\n\t\t\t\t\t<\/div>\n\t\t<\/section>\n\t\t\t\t<\/div>\n\t\t","protected":false},"excerpt":{"rendered":"<p>Regulamento de uso dos Laborat\u00f3rios do Curso de Artes Visuais CONHE\u00c7A O REGULAMENTO DOS LABORAT\u00d3RIOS NORMAS DE FUNCIONAMENTO DOS LABORATO\u0301RIOS DO CURSO DE LICENCIATURA EM ARTES VISUAIS TERMO DE AGENDAMENTO E CAUTELA DOS LABORATO\u0301RIOS NORMAS DE FUNCIONAMENTO DO ESPAC\u0327O DE&hellip; <\/p>\n<p><a href=\"https:\/\/www2.unifap.br\/artes\/coordenacao\/laboratorios\" class=\"readmore-button\">Continue Reading<\/a><\/p>\n","protected":false},"author":56,"featured_media":0,"parent":25,"menu_order":4,"comment_status":"closed","ping_status":"closed","template":"","meta":{"inline_featured_image":false,"ngg_post_thumbnail":0,"footnotes":""},"class_list":["post-578","page","type-page","status-publish","hentry"],"_links":{"self":[{"href":"https:\/\/www2.unifap.br\/artes\/wp-json\/wp\/v2\/pages\/578","targetHints":{"allow":["GET"]}}],"collection":[{"href":"https:\/\/www2.unifap.br\/artes\/wp-json\/wp\/v2\/pages"}],"about":[{"href":"https:\/\/www2.unifap.br\/artes\/wp-json\/wp\/v2\/types\/page"}],"author":[{"embeddable":true,"href":"https:\/\/www2.unifap.br\/artes\/wp-json\/wp\/v2\/users\/56"}],"replies":[{"embeddable":true,"href":"https:\/\/www2.unifap.br\/artes\/wp-json\/wp\/v2\/comments?post=578"}],"version-history":[{"count":202,"href":"https:\/\/www2.unifap.br\/artes\/wp-json\/wp\/v2\/pages\/578\/revisions"}],"predecessor-version":[{"id":5502,"href":"https:\/\/www2.unifap.br\/artes\/wp-json\/wp\/v2\/pages\/578\/revisions\/5502"}],"up":[{"embeddable":true,"href":"https:\/\/www2.unifap.br\/artes\/wp-json\/wp\/v2\/pages\/25"}],"wp:attachment":[{"href":"https:\/\/www2.unifap.br\/artes\/wp-json\/wp\/v2\/media?parent=578"}],"curies":[{"name":"wp","href":"https:\/\/api.w.org\/{rel}","templated":true}]}}