{"id":703,"date":"2019-03-09T21:33:19","date_gmt":"2019-03-09T21:33:19","guid":{"rendered":"http:\/\/www2.unifap.br\/artes\/?page_id=703"},"modified":"2025-01-07T20:46:49","modified_gmt":"2025-01-07T20:46:49","slug":"extensao","status":"publish","type":"page","link":"https:\/\/www2.unifap.br\/artes\/projetos\/extensao","title":{"rendered":"EXTENS\u00c3O"},"content":{"rendered":"\t\t<div data-elementor-type=\"wp-post\" data-elementor-id=\"703\" class=\"elementor elementor-703\">\n\t\t\t\t\t\t<section class=\"elementor-section elementor-top-section elementor-element elementor-element-cdc5cea elementor-section-boxed elementor-section-height-default elementor-section-height-default\" data-id=\"cdc5cea\" data-element_type=\"section\" data-e-type=\"section\">\n\t\t\t\t\t\t<div class=\"elementor-container elementor-column-gap-default\">\n\t\t\t\t\t<div class=\"elementor-column elementor-col-100 elementor-top-column elementor-element elementor-element-0473ac2\" data-id=\"0473ac2\" data-element_type=\"column\" data-e-type=\"column\">\n\t\t\t<div class=\"elementor-widget-wrap elementor-element-populated\">\n\t\t\t\t\t\t<div class=\"elementor-element elementor-element-035e179 elementor-widget elementor-widget-text-editor\" data-id=\"035e179\" data-element_type=\"widget\" data-e-type=\"widget\" data-widget_type=\"text-editor.default\">\n\t\t\t\t<div class=\"elementor-widget-container\">\n\t\t\t\t\t\t\t\t\t<p style=\"text-align: left\"><em>De acordo com <\/em>\u00a0RESOLU\u00c7\u00c3O N\u00ba 009\/2006\/CONSU-UNIFAP (<em>Art<\/em>. 1\u00ba.), de\u00a0<em>30 de mar\u00e7o de 2006<\/em>, nos traz a seguinte defini\u00e7\u00e3o da EXTENS\u00c3O UNIVERSIT\u00c1RIA :<\/p><blockquote><p style=\"text-align: left\">&#8220;A extens\u00e3o universit\u00e1ria \u00e9 entendida nos termos do Plano Nacional de Extens\u00e3o<br \/>Universit\u00e1ria como o processo educativo e cientifico que busca articular o ensino e a pesquisa,de forma indissoci\u00e1vel, viabilizando a rela\u00e7\u00e3o integradora e transformadora entre a Universidade e a Sociedade&#8221;.<\/p><p>\u00a0<\/p><p><a href=\"http:\/\/www2.unifap.br\/artes\/files\/2024\/09\/REGULAMENTO_DE_CURRICULARIZACAO_DA_EXTENSAO_assinado.pdf\">REGULAMENTO_DE_CURRICULARIZACAO_DA_EXTENSAO_assinado<\/a><\/p><p style=\"text-align: left\">\u00a0<\/p><\/blockquote>\t\t\t\t\t\t\t\t<\/div>\n\t\t\t\t<\/div>\n\t\t\t\t\t<\/div>\n\t\t<\/div>\n\t\t\t\t\t<\/div>\n\t\t<\/section>\n\t\t\t\t<section class=\"elementor-section elementor-top-section elementor-element elementor-element-8333217 elementor-section-boxed elementor-section-height-default elementor-section-height-default\" data-id=\"8333217\" data-element_type=\"section\" data-e-type=\"section\">\n\t\t\t\t\t\t<div class=\"elementor-container elementor-column-gap-default\">\n\t\t\t\t\t<div class=\"elementor-column elementor-col-100 elementor-top-column elementor-element elementor-element-1ef34c4\" data-id=\"1ef34c4\" data-element_type=\"column\" data-e-type=\"column\">\n\t\t\t<div class=\"elementor-widget-wrap elementor-element-populated\">\n\t\t\t\t\t\t<div class=\"elementor-element elementor-element-d3c95b9 elementor-widget elementor-widget-toggle\" data-id=\"d3c95b9\" data-element_type=\"widget\" data-e-type=\"widget\" data-widget_type=\"toggle.default\">\n\t\t\t\t<div class=\"elementor-widget-container\">\n\t\t\t\t\t\t\t<div class=\"elementor-toggle\">\n\t\t\t\t\t\t\t<div class=\"elementor-toggle-item\">\n\t\t\t\t\t<div id=\"elementor-tab-title-2221\" class=\"elementor-tab-title\" data-tab=\"1\" role=\"button\" aria-controls=\"elementor-tab-content-2221\" aria-expanded=\"false\">\n\t\t\t\t\t\t\t\t\t\t\t\t<span class=\"elementor-toggle-icon elementor-toggle-icon-left\" aria-hidden=\"true\">\n\t\t\t\t\t\t\t\t\t\t\t\t\t\t\t<span class=\"elementor-toggle-icon-closed\"><i class=\"fas fa-caret-right\"><\/i><\/span>\n\t\t\t\t\t\t\t\t<span class=\"elementor-toggle-icon-opened\"><i class=\"elementor-toggle-icon-opened fas fa-caret-up\"><\/i><\/span>\n\t\t\t\t\t\t\t\t\t\t\t\t\t<\/span>\n\t\t\t\t\t\t\t\t\t\t\t\t<a class=\"elementor-toggle-title\" tabindex=\"0\">2024<\/a>\n\t\t\t\t\t<\/div>\n\n\t\t\t\t\t<div id=\"elementor-tab-content-2221\" class=\"elementor-tab-content elementor-clearfix\" data-tab=\"1\" role=\"region\" aria-labelledby=\"elementor-tab-title-2221\"><p>\u00a0<strong>ENCATERIAS:<\/strong><\/p><p>Investiga\u00e7\u00f5es dissidentes no ensino de Artes Visuais: O projeto de extens\u00e3o &#8220;Encanterias: Investiga\u00e7\u00f5es dissidentes no ensino de Artes Visuais&#8221; tem como foco a forma\u00e7\u00e3o docente em artes visuais. O projeto tem como objetivo oferecer um espa\u00e7o de reflex\u00e3o e forma\u00e7\u00e3o para professores\/as e futuros\/as professores\/as de artes visuais, explorando perspectivas dissidentes e cr\u00edticas no ensino dessa disciplina. O projeto busca estimular a forma\u00e7\u00e3o de professores\/as mais sens\u00edveis e conscientes das quest\u00f5es de inclus\u00e3o, diversidade, descoloniza\u00e7\u00e3o do curr\u00edculo e amplia\u00e7\u00e3o dos conceitos de arte. Atrav\u00e9s de atividades te\u00f3ricas e pr\u00e1ticas, pretende-se contribuir para uma forma\u00e7\u00e3o docente mais engajada e preparada para lidar com os desafios contempor\u00e2neos no ensino de artes visuais.<br \/>\u00a0Fabio Wosniak: (Projeto financiado pelo Programa de Extens\u00e3o PROFID\/UNIFAP)\u00a0<\/p><p>\u00a0<strong>BOLSISTAS E COORDENADORES:\u00a0<\/strong><\/p><p>FABIO WOSNIAK E SILVIA CARLA MARQUES COSTA (docentes), WELLEN SOUZA DE OLIVEIRA (T\u00e9cnico)\u00a0<\/p><p>CR\u00c9MERSON APARECIDO DA ROSA , WANDO SILVA JUAREZ PEREIRA NUNES\u00a0 JR., ABEL MONTEIRO DOS SANTOS SILVA II (discentes)<\/p><\/div>\n\t\t\t\t<\/div>\n\t\t\t\t\t\t\t<div class=\"elementor-toggle-item\">\n\t\t\t\t\t<div id=\"elementor-tab-title-2222\" class=\"elementor-tab-title\" data-tab=\"2\" role=\"button\" aria-controls=\"elementor-tab-content-2222\" aria-expanded=\"false\">\n\t\t\t\t\t\t\t\t\t\t\t\t<span class=\"elementor-toggle-icon elementor-toggle-icon-left\" aria-hidden=\"true\">\n\t\t\t\t\t\t\t\t\t\t\t\t\t\t\t<span class=\"elementor-toggle-icon-closed\"><i class=\"fas fa-caret-right\"><\/i><\/span>\n\t\t\t\t\t\t\t\t<span class=\"elementor-toggle-icon-opened\"><i class=\"elementor-toggle-icon-opened fas fa-caret-up\"><\/i><\/span>\n\t\t\t\t\t\t\t\t\t\t\t\t\t<\/span>\n\t\t\t\t\t\t\t\t\t\t\t\t<a class=\"elementor-toggle-title\" tabindex=\"0\">2023<\/a>\n\t\t\t\t\t<\/div>\n\n\t\t\t\t\t<div id=\"elementor-tab-content-2222\" class=\"elementor-tab-content elementor-clearfix\" data-tab=\"2\" role=\"region\" aria-labelledby=\"elementor-tab-title-2222\"><p>APOTHEKE<strong> EM DISSID\u00caNCIA<\/strong><\/p><p><strong>Coordenador: Prof. Dr. F\u00e1bio Wosniak<\/strong><\/p><p><span style=\"font-size: 18px;color: var( --e-global-color-text )\">O Projeto de extens\u00e3o &#8216;Apotheke em Dissid\u00eancia&#8217; tem como objetivo oferecer oficinas, palestras, minicursos e aulas abertas que envolvam a tem\u00e1tica do Artista Professor Pesquisador em articula\u00e7\u00e3o com as pr\u00e1ticas art\u00edsticas dissidentes. Desta forma, intenciona-se oportunizar um espa\u00e7o para conhecimento e aprofundamento sobre determinadas t\u00e9cnicas e conte\u00fados da linguagem pict\u00f3rica em conson\u00e2ncia com a pr\u00e1tica docente. Outro objetivo, \u00e9 o de oportunizar conversas e trocas de saberes com artistas que tenham conhecimento e notoriedade no meio art\u00edstico. A metodologia utilizada ser\u00e1 a de promover encontros quinzenais, para estudos te\u00f3rico-pr\u00e1ticos no laborat\u00f3rio de ELVIS. Para as aulas abertas e palestras ser\u00e1 utilizado o formato online, sendo que este espa\u00e7o oportuniza um melhor alcance para o di\u00e1logo com os convidados de outros estados e pa\u00edses.<\/span><\/p><p><a href=\"https:\/\/www.instagram.com\/poeticasdissidentes\/\" target=\"_blank\" rel=\"noopener\">@poeticasdissidentes<\/a><\/p><p><a href=\"https:\/\/www.poeticasdissidentes.com\/\" target=\"_blank\" rel=\"noopener\">www.poeticasdissidentes.com<\/a><\/p><p><strong>LABORAT\u00d3RIO DE ARTES VISUAIS PARA TODOS VIVENCIAREM<\/strong><\/p><p><strong>Coordenadora: Jonayza Machado de Carvalho<\/strong><\/p><p><strong>Prof. Dr. Benedito\u00a0Rostan\u00a0Costa\u00a0Martins<\/strong><\/p><p><span style=\"font-size: medium\">O projeto de extens\u00e3o <strong>LABAV para todos vivenciarem<\/strong> \u00e9 uma a\u00e7\u00e3o laboratorial do curso de licenciatura em artes visuais da universidade federal do <\/span><span style=\"font-size: medium\">A<\/span><span style=\"font-size: medium\">map\u00e1, que visa promover a aproxima\u00e7\u00e3o da comunidade geral <\/span><span style=\"font-size: medium\">por interm\u00e9dio<\/span><span style=\"font-size: medium\"> de minicursos e exposi\u00e7\u00e3o de produ\u00e7\u00f5es bidimensionais <\/span><span style=\"font-size: medium\">e tridimensionais<\/span><span style=\"font-size: medium\"> inclusivas, o projeto contar\u00e1 com a participa\u00e7\u00e3o dos discentes do curso de licenciatura em artes visuais, das pessoas com defici\u00eancia em geral, pesquisadores e profissionais que se dedicam a estudar meios para contemplar a frui\u00e7\u00e3o da pessoa com defici\u00eancia nas artes visuais.<\/span><\/p><p><a href=\"https:\/\/www.instagram.com\/projetolabav\/\">https:\/\/www.instagram.com\/projetolabav\/<\/a><\/p><p><a href=\"https:\/\/www2.unifap.br\/artes\/files\/2024\/01\/VERSAO-FINAL-LABAV-2023.pdf\">CLIQUE AQUI CAT\u00c1LOGO LABAV 2023<\/a><\/p><p><a href=\"http:\/\/www2.unifap.br\/artes\/files\/2025\/01\/ebook-labav.pdf\" target=\"_blank\" rel=\"noopener\">CLIQUE AQUI CAT\u00c1LOGO LABAV 2024<\/a><\/p><\/div>\n\t\t\t\t<\/div>\n\t\t\t\t\t\t\t<div class=\"elementor-toggle-item\">\n\t\t\t\t\t<div id=\"elementor-tab-title-2223\" class=\"elementor-tab-title\" data-tab=\"3\" role=\"button\" aria-controls=\"elementor-tab-content-2223\" aria-expanded=\"false\">\n\t\t\t\t\t\t\t\t\t\t\t\t<span class=\"elementor-toggle-icon elementor-toggle-icon-left\" aria-hidden=\"true\">\n\t\t\t\t\t\t\t\t\t\t\t\t\t\t\t<span class=\"elementor-toggle-icon-closed\"><i class=\"fas fa-caret-right\"><\/i><\/span>\n\t\t\t\t\t\t\t\t<span class=\"elementor-toggle-icon-opened\"><i class=\"elementor-toggle-icon-opened fas fa-caret-up\"><\/i><\/span>\n\t\t\t\t\t\t\t\t\t\t\t\t\t<\/span>\n\t\t\t\t\t\t\t\t\t\t\t\t<a class=\"elementor-toggle-title\" tabindex=\"0\">2022<\/a>\n\t\t\t\t\t<\/div>\n\n\t\t\t\t\t<div id=\"elementor-tab-content-2223\" class=\"elementor-tab-content elementor-clearfix\" data-tab=\"3\" role=\"region\" aria-labelledby=\"elementor-tab-title-2223\"><p>APOTHEKE EM DISSID\u00caNCIA<br \/><i>Coordenador(a):<strong> FABIO WOSNIAK<\/strong><\/i><\/p><p>Live: Aula Aberta com Rafael Bqueer<br \/><i>Coordenador(a)<strong>: FABIO WOSNIAK<\/strong><\/i><\/p><p>Encontro com Artista &#8211; Marta Facco<br \/><i>Coordenador(a):<strong> FABIO WOSNIAK<\/strong><\/i><\/p><p>Live: Aula Aberta \u2013 Antotipia entre Arte e Doc\u00eancia \u2013 Profa. Msa. Tharciana Goularte da Silva (UDESC) <i>Coordenador(a): <strong>FABIO WOSNIAK<\/strong><\/i><\/p><p>F\u00e1tima Garcia<br \/><i>Coordenador(a):<\/i><i> <strong>HUMBERTO MAURO ANDRADE CRUZ<\/strong><\/i><\/p><p>Espa\u00e7o e mem\u00f3ria<br \/><i>Coordenador(a): <strong>HUMBERTO MAURO ANDRADE CRUZ<\/strong><\/i><\/p><p>EXPO-FRUIR CELEBRAR A PRESEN\u00c7A:<\/p><p><strong><i>Coordenador(a): SILVIA CARLA MARQUES COSTA<\/i><\/strong><\/p><\/div>\n\t\t\t\t<\/div>\n\t\t\t\t\t\t\t<div class=\"elementor-toggle-item\">\n\t\t\t\t\t<div id=\"elementor-tab-title-2224\" class=\"elementor-tab-title\" data-tab=\"4\" role=\"button\" aria-controls=\"elementor-tab-content-2224\" aria-expanded=\"false\">\n\t\t\t\t\t\t\t\t\t\t\t\t<span class=\"elementor-toggle-icon elementor-toggle-icon-left\" aria-hidden=\"true\">\n\t\t\t\t\t\t\t\t\t\t\t\t\t\t\t<span class=\"elementor-toggle-icon-closed\"><i class=\"fas fa-caret-right\"><\/i><\/span>\n\t\t\t\t\t\t\t\t<span class=\"elementor-toggle-icon-opened\"><i class=\"elementor-toggle-icon-opened fas fa-caret-up\"><\/i><\/span>\n\t\t\t\t\t\t\t\t\t\t\t\t\t<\/span>\n\t\t\t\t\t\t\t\t\t\t\t\t<a class=\"elementor-toggle-title\" tabindex=\"0\">2021<\/a>\n\t\t\t\t\t<\/div>\n\n\t\t\t\t\t<div id=\"elementor-tab-content-2224\" class=\"elementor-tab-content elementor-clearfix\" data-tab=\"4\" role=\"region\" aria-labelledby=\"elementor-tab-title-2224\"><p>O uso das m\u00eddias sociais na educa\u00e7\u00e3o: experimentos com YouTube e Tiktok no ensino de artes visuais<br \/><i>Coordenador(a): <strong>JOAQUIM CESAR DA VEIGA NETTO<\/strong><\/i><\/p><p>Tecnologias de Imagem, \u00e1udio e v\u00eddeo: pesquisas, experimentos e viv\u00eancias para o ensino remoto<br \/><i>Coordenador(a): <strong>JOAQUIM CESAR DA VEIGA NETTO<\/strong><\/i><\/p><p>\u00a0<\/p><\/div>\n\t\t\t\t<\/div>\n\t\t\t\t\t\t\t<div class=\"elementor-toggle-item\">\n\t\t\t\t\t<div id=\"elementor-tab-title-2225\" class=\"elementor-tab-title\" data-tab=\"5\" role=\"button\" aria-controls=\"elementor-tab-content-2225\" aria-expanded=\"false\">\n\t\t\t\t\t\t\t\t\t\t\t\t<span class=\"elementor-toggle-icon elementor-toggle-icon-left\" aria-hidden=\"true\">\n\t\t\t\t\t\t\t\t\t\t\t\t\t\t\t<span class=\"elementor-toggle-icon-closed\"><i class=\"fas fa-caret-right\"><\/i><\/span>\n\t\t\t\t\t\t\t\t<span class=\"elementor-toggle-icon-opened\"><i class=\"elementor-toggle-icon-opened fas fa-caret-up\"><\/i><\/span>\n\t\t\t\t\t\t\t\t\t\t\t\t\t<\/span>\n\t\t\t\t\t\t\t\t\t\t\t\t<a class=\"elementor-toggle-title\" tabindex=\"0\">2019<\/a>\n\t\t\t\t\t<\/div>\n\n\t\t\t\t\t<div id=\"elementor-tab-content-2225\" class=\"elementor-tab-content elementor-clearfix\" data-tab=\"5\" role=\"region\" aria-labelledby=\"elementor-tab-title-2225\"><p>Mastro e bandeira da Poesia &#8211; Grupo de poesia da Unifap<br \/><i>Coordenador(a): BENEDITO <strong>ROSTAN COSTA MARTINS<\/strong><\/i><\/p><p>Festival Corpus Urbis<br \/><i>Coordenador(a): <strong>CRISTIANA NOGUEIRA MENEZES GOMES<\/strong><\/i><\/p><p>Performance no P\u00e1tio | Escola Ampliada<br \/><i>Coordenador(a): <strong>CRISTIANA NOGUEIRA MENEZES GOMES<\/strong><\/i><\/p><p><strong>XILOGRAVURA<\/strong> (2 EDI\u00c7\u00d5ES)<br \/><i>Coordenador(a): <\/i><i><b>HUMBERTO MAURO CRUZ<\/b><\/i><\/p><p><a href=\"http:\/\/www2.unifap.br\/artes\/files\/2024\/01\/projeto-de-Extensao-Unifap-1.pdf\">CLIQUE AQUI CAT\u00c1LAGO XILOGRAVURA 2019<\/a><\/p><p>SIMP\u00d3SIO MACAP\u00c1 75 ANOS COMO CAPITAL (1944-2019)<br \/>Colaborador:<strong> JOS\u00c9 DE VASCONCELOS SILVA<\/strong><\/p><p><br \/>ENCONTRO ATRAVESSANDO A PONTE: REFER\u00caNCIAS CULTURAIS DE MACAP\u00c1 E MAZAG\u00c3O<br \/>Organizadores: Profa. Dra. <strong>ELOANE DE JESUS RAMOS CANTUARIA<\/strong> \u2013 Arquitetura e Urbanismo\/ UNIFAP e Prof. Me. <strong>JOS\u00c9 DE VASCONCELOS SILVA<\/strong> &#8211; Artes Visuais\/UNIFAP<\/p><p><br \/><br \/>COOPERA\u00c7\u00c3O T\u00c9CNICA PMM-UNIFAP: MACAP\u00c1 300 ANOS.<br \/>Colaborador: <strong>JOS\u00c9 DE VASCONCELOS SILVA<\/strong><\/p><\/div>\n\t\t\t\t<\/div>\n\t\t\t\t\t\t\t<div class=\"elementor-toggle-item\">\n\t\t\t\t\t<div id=\"elementor-tab-title-2226\" class=\"elementor-tab-title\" data-tab=\"6\" role=\"button\" aria-controls=\"elementor-tab-content-2226\" aria-expanded=\"false\">\n\t\t\t\t\t\t\t\t\t\t\t\t<span class=\"elementor-toggle-icon elementor-toggle-icon-left\" aria-hidden=\"true\">\n\t\t\t\t\t\t\t\t\t\t\t\t\t\t\t<span class=\"elementor-toggle-icon-closed\"><i class=\"fas fa-caret-right\"><\/i><\/span>\n\t\t\t\t\t\t\t\t<span class=\"elementor-toggle-icon-opened\"><i class=\"elementor-toggle-icon-opened fas fa-caret-up\"><\/i><\/span>\n\t\t\t\t\t\t\t\t\t\t\t\t\t<\/span>\n\t\t\t\t\t\t\t\t\t\t\t\t<a class=\"elementor-toggle-title\" tabindex=\"0\">2018<\/a>\n\t\t\t\t\t<\/div>\n\n\t\t\t\t\t<div id=\"elementor-tab-content-2226\" class=\"elementor-tab-content elementor-clearfix\" data-tab=\"6\" role=\"region\" aria-labelledby=\"elementor-tab-title-2226\"><p>Semin\u00e1rio do Ciclo de Estudos em G\u00eanero, Diversidade Sexual e Decolonialidade<br \/><i>Coordenador(a): <strong>ALEXANDRE ADALBERTO PEREIRA<\/strong><\/i><\/p><p>Mastro e bandeira da Poesia &#8211; Grupo de poesia da Unifap<br \/><i>Coordenador(a): <strong>BENEDITO ROSTAN COSTA MARTINS<\/strong><\/i><\/p><p>Festival Corpus Urbis<br \/><i>Coordenador(a): <strong>CRISTIANA NOGUEIRA MENEZES GOMES<\/strong><\/i><\/p><p>Performance no P\u00e1tio | Escola Ampliada<br \/><i>Coordenador(a): <strong>CRISTIANA NOGUEIRA MENEZES GOMES<\/strong><\/i><\/p><p>Projeto de programa radiof\u00f4nico, denominado : &#8220;A PEDIDA \u00c9 SAMBA&#8221;<br \/><i>Coordenador(a): <strong>BENEDITO ROSTAN COSTA MARTINS<\/strong><\/i><\/p><p>TER\u00c7AS COM CLARICE<br \/><i>Coordenador(a): <strong>MARIA DE FATIMA GARCIA DOS SANTOS<\/strong><\/i><\/p><p>CICLO DE DE ESTUDOS E PESQUISAS EM G\u00caNERO, DIVERSIDADES E DECOLONIALIDADE (CEPGDD)<br \/><i>Coordenador(a): <strong>ALEXANDRE ADALBERTO PEREIRA<\/strong><\/i><\/p><p>A MEM\u00d3RIA DA CIDADE E AS GERA\u00c7\u00d5ES,<br \/>Coordenadores: Profa. Dra. <strong>ELOANE DE JESUS RAMOS\u00a0 \u00a0CANTUARIA<\/strong> \u2013 Arquitetura e Urbanismo\/ UNIFAP e Prof. Me. <strong>JOS\u00c9 DE VASCONCELOS SILVA<\/strong>\u00a0 &#8211; Artes Visuais\/UNIFAP<\/p><p>3\u00ba ENCONTRO DO MEM\u00d3RIAS URBANAS KIDS &#8211; &#8220;CONSTRUINDO O BA\u00da DA<br \/>MEM\u00d3RIA&#8221;<br \/>Organizadores: Profa. Dra.\u00a0<strong><span style=\"color: var( --e-global-color-text );font-family: var( --e-global-typography-text-font-family ), Sans-serif;font-size: 1em\">ELOANE DE JESUS RAMOS CANTUARIA<\/span><\/strong><span style=\"color: var( --e-global-color-text );font-family: var( --e-global-typography-text-font-family ), Sans-serif;font-weight: var( --e-global-typography-text-font-weight );font-size: 1em\">\u00a0\u2013 Arquitetura e Urbanismo\/ UNIFAP e Prof. Me. <strong>Jose de Vasconcelos Silva<\/strong> &#8211; Artes Visuais\/UNIFAP<\/span><\/p><p><span style=\"color: var( --e-global-color-text );font-family: var( --e-global-typography-text-font-family ), Sans-serif;font-weight: var( --e-global-typography-text-font-weight );font-size: 1em\">\u00a0<\/span><\/p><\/div>\n\t\t\t\t<\/div>\n\t\t\t\t\t\t\t<div class=\"elementor-toggle-item\">\n\t\t\t\t\t<div id=\"elementor-tab-title-2227\" class=\"elementor-tab-title\" data-tab=\"7\" role=\"button\" aria-controls=\"elementor-tab-content-2227\" aria-expanded=\"false\">\n\t\t\t\t\t\t\t\t\t\t\t\t<span class=\"elementor-toggle-icon elementor-toggle-icon-left\" aria-hidden=\"true\">\n\t\t\t\t\t\t\t\t\t\t\t\t\t\t\t<span class=\"elementor-toggle-icon-closed\"><i class=\"fas fa-caret-right\"><\/i><\/span>\n\t\t\t\t\t\t\t\t<span class=\"elementor-toggle-icon-opened\"><i class=\"elementor-toggle-icon-opened fas fa-caret-up\"><\/i><\/span>\n\t\t\t\t\t\t\t\t\t\t\t\t\t<\/span>\n\t\t\t\t\t\t\t\t\t\t\t\t<a class=\"elementor-toggle-title\" tabindex=\"0\">2017<\/a>\n\t\t\t\t\t<\/div>\n\n\t\t\t\t\t<div id=\"elementor-tab-content-2227\" class=\"elementor-tab-content elementor-clearfix\" data-tab=\"7\" role=\"region\" aria-labelledby=\"elementor-tab-title-2227\"><p>Festival Corpus Urbis<br \/><i>Coordenador(a): <strong>CRISTIANA NOGUEIRA MENEZES GOMES<\/strong><\/i><\/p><p>Expedi\u00e7\u00e3o\/imagens: Conversa\u00e7\u00f5es.<br \/><i>Coordenador(a): <strong>SILVIA CARLA MARQUES COSTA<\/strong><\/i><\/p><p>INTERVALO DE AULA<br \/><i>Coordenador(a):<strong> SILVIA CARLA MARQUES COSTA<\/strong><\/i><\/p><p>Programa Arte das artes<br \/><i>Coordenador(a): <strong>BENEDITO ROSTAN COSTA MARTINS<\/strong><\/i><\/p><p><i>INTERVALO DE AULA,<\/i><\/p><p><i>Coordenador: <strong>JOS\u00c9 DE VASCONCELOS SILVA<\/strong><\/i><\/p><p>\u00a0<\/p><\/div>\n\t\t\t\t<\/div>\n\t\t\t\t\t\t\t\t<\/div>\n\t\t\t\t\t\t<\/div>\n\t\t\t\t<\/div>\n\t\t\t\t\t<\/div>\n\t\t<\/div>\n\t\t\t\t\t<\/div>\n\t\t<\/section>\n\t\t\t\t<\/div>\n\t\t","protected":false},"excerpt":{"rendered":"<p>De acordo com \u00a0RESOLU\u00c7\u00c3O N\u00ba 009\/2006\/CONSU-UNIFAP (Art. 1\u00ba.), de\u00a030 de mar\u00e7o de 2006, nos traz a seguinte defini\u00e7\u00e3o da EXTENS\u00c3O UNIVERSIT\u00c1RIA : &#8220;A extens\u00e3o universit\u00e1ria \u00e9 entendida nos termos do Plano Nacional de Extens\u00e3oUniversit\u00e1ria como o processo educativo e cientifico&hellip; <\/p>\n<p><a href=\"https:\/\/www2.unifap.br\/artes\/projetos\/extensao\" class=\"readmore-button\">Continue Reading<\/a><\/p>\n","protected":false},"author":56,"featured_media":0,"parent":699,"menu_order":0,"comment_status":"closed","ping_status":"closed","template":"","meta":{"inline_featured_image":false,"ngg_post_thumbnail":0,"footnotes":""},"class_list":["post-703","page","type-page","status-publish","hentry"],"_links":{"self":[{"href":"https:\/\/www2.unifap.br\/artes\/wp-json\/wp\/v2\/pages\/703","targetHints":{"allow":["GET"]}}],"collection":[{"href":"https:\/\/www2.unifap.br\/artes\/wp-json\/wp\/v2\/pages"}],"about":[{"href":"https:\/\/www2.unifap.br\/artes\/wp-json\/wp\/v2\/types\/page"}],"author":[{"embeddable":true,"href":"https:\/\/www2.unifap.br\/artes\/wp-json\/wp\/v2\/users\/56"}],"replies":[{"embeddable":true,"href":"https:\/\/www2.unifap.br\/artes\/wp-json\/wp\/v2\/comments?post=703"}],"version-history":[{"count":135,"href":"https:\/\/www2.unifap.br\/artes\/wp-json\/wp\/v2\/pages\/703\/revisions"}],"predecessor-version":[{"id":5289,"href":"https:\/\/www2.unifap.br\/artes\/wp-json\/wp\/v2\/pages\/703\/revisions\/5289"}],"up":[{"embeddable":true,"href":"https:\/\/www2.unifap.br\/artes\/wp-json\/wp\/v2\/pages\/699"}],"wp:attachment":[{"href":"https:\/\/www2.unifap.br\/artes\/wp-json\/wp\/v2\/media?parent=703"}],"curies":[{"name":"wp","href":"https:\/\/api.w.org\/{rel}","templated":true}]}}