{"id":1033,"date":"2019-08-19T13:41:31","date_gmt":"2019-08-19T13:41:31","guid":{"rendered":"http:\/\/www2.unifap.br\/audint\/?page_id=1033"},"modified":"2019-08-19T13:42:20","modified_gmt":"2019-08-19T13:42:20","slug":"2019-003-relatorio-de-auditoria-manutencao-predial","status":"publish","type":"page","link":"https:\/\/www2.unifap.br\/audint\/auditorias\/2019-2\/2019-003-relatorio-de-auditoria-manutencao-predial\/","title":{"rendered":"2019\/003 &#8211; Relat\u00f3rio de Auditoria &#8211; Manuten\u00e7\u00e3o Predial"},"content":{"rendered":"<p><a href=\"http:\/\/www2.unifap.br\/audint\/files\/2019\/08\/Relat\u00f3rio-de-Auditoria-FINAL-2019003-Manuten\u00e7\u00e3o-Predial.pdf\" target=\"_blank\" rel=\"noopener\">Relat\u00f3rio de Auditoria e anexos &#8211; Manuten\u00e7\u00e3o Predial<\/a><\/p>\n","protected":false},"excerpt":{"rendered":"<p>Relat\u00f3rio de Auditoria e anexos &#8211; Manuten\u00e7\u00e3o Predial<\/p>\n","protected":false},"author":3273,"featured_media":0,"parent":1006,"menu_order":3,"comment_status":"closed","ping_status":"closed","template":"","meta":{"inline_featured_image":false,"ngg_post_thumbnail":0,"footnotes":""},"class_list":["post-1033","page","type-page","status-publish","hentry","entry"],"_links":{"self":[{"href":"https:\/\/www2.unifap.br\/audint\/wp-json\/wp\/v2\/pages\/1033","targetHints":{"allow":["GET"]}}],"collection":[{"href":"https:\/\/www2.unifap.br\/audint\/wp-json\/wp\/v2\/pages"}],"about":[{"href":"https:\/\/www2.unifap.br\/audint\/wp-json\/wp\/v2\/types\/page"}],"author":[{"embeddable":true,"href":"https:\/\/www2.unifap.br\/audint\/wp-json\/wp\/v2\/users\/3273"}],"replies":[{"embeddable":true,"href":"https:\/\/www2.unifap.br\/audint\/wp-json\/wp\/v2\/comments?post=1033"}],"version-history":[{"count":1,"href":"https:\/\/www2.unifap.br\/audint\/wp-json\/wp\/v2\/pages\/1033\/revisions"}],"predecessor-version":[{"id":1035,"href":"https:\/\/www2.unifap.br\/audint\/wp-json\/wp\/v2\/pages\/1033\/revisions\/1035"}],"up":[{"embeddable":true,"href":"https:\/\/www2.unifap.br\/audint\/wp-json\/wp\/v2\/pages\/1006"}],"wp:attachment":[{"href":"https:\/\/www2.unifap.br\/audint\/wp-json\/wp\/v2\/media?parent=1033"}],"curies":[{"name":"wp","href":"https:\/\/api.w.org\/{rel}","templated":true}]}}