{"id":1040,"date":"2019-08-26T12:14:16","date_gmt":"2019-08-26T12:14:16","guid":{"rendered":"http:\/\/www2.unifap.br\/audint\/?page_id=1040"},"modified":"2026-03-23T14:41:18","modified_gmt":"2026-03-23T14:41:18","slug":"relatorio-semestral","status":"publish","type":"page","link":"https:\/\/www2.unifap.br\/audint\/relatorios\/relatorio-semestral\/","title":{"rendered":"RELAT\u00d3RIO SEMESTRAL"},"content":{"rendered":"<p>A Audint\/Unifap apresenta os relat\u00f3rios semestrais de suas atividades. Atualmente, n\u00e3o h\u00e1 obrigatoriedade normativa da elabora\u00e7\u00e3o do documento em tela, o qual era disposto pela Instru\u00e7\u00e3o Normativa n\u00ba 09, de 09 de outubro de 2018- CGU (revogada), todavia, ele foi mantido por mais exerc\u00edcios no planejamento anual da Audint, considerando suas compet\u00eancias e deveres solidificados no compromisso de agregar valor \u00e0 gest\u00e3o das diversas \u00e1reas, especialmente no fortalecimento da governan\u00e7a. Nessa perspectiva, a sua atua\u00e7\u00e3o tem com instrumento basilar o seu Regimento Interno, aprovado pelo Conselho Diretor (Condir), ao qual est\u00e1 vinculado regimentalmente. Atualmente, o Relat\u00f3rio Semestral n\u00e3o \u00e9 mais realizado, sendo suprido pelo RAINT e Relat\u00f3rio do Programa de Gest\u00e3o e Melhoria da Qualidade (PGMQ).<\/p>\n<p><a href=\"http:\/\/www2.unifap.br\/audint\/files\/2024\/09\/Relatorio_Semestral_2024.docx_assinado.pdf\" target=\"_blank\" rel=\"noopener\">RELAT\u00d3RIO SEMESTRAL 2024.1<\/a><\/p>\n<p><a href=\"http:\/\/www2.unifap.br\/audint\/files\/2023\/07\/Relatrio_Semestral_2023.pdf\" target=\"_blank\" rel=\"noopener\">RELAT\u00d3RIO SEMESTRAL 2023.1<\/a><\/p>\n<p><a href=\"http:\/\/www2.unifap.br\/audint\/files\/2022\/11\/RELATORIO-SEMESTRAL-2022.1.pdf\" target=\"_blank\" rel=\"noopener\">RELAT\u00d3RIO SEMESTRAL 2022.1<\/a><\/p>\n<p><a href=\"http:\/\/www2.unifap.br\/audint\/files\/2022\/11\/RELATORIO-SEMESTRAL-2021.1.pdf\" target=\"_blank\" rel=\"noopener\">RELAT\u00d3RIO SEMESTRAL 2021.1<\/a><\/p>\n<p><a href=\"http:\/\/www2.unifap.br\/audint\/files\/2022\/11\/RELATORIO-SEMESTRAL-2020.1.pdf\" target=\"_blank\" rel=\"noopener\">RELAT\u00d3RIO SEMESTRAL 2020.1<\/a><\/p>\n<p><a href=\"http:\/\/www2.unifap.br\/audint\/files\/2022\/11\/RELATORIO-SEMESTRAL-2019.1.pdf\" target=\"_blank\" rel=\"noopener\">RELAT\u00d3RIO SEMESTRAL 2019.1<\/a><\/p>\n<p>&nbsp;<\/p>\n<p>&nbsp;<\/p>\n<p>&nbsp;<\/p>\n","protected":false},"excerpt":{"rendered":"<p>A Audint\/Unifap apresenta os relat\u00f3rios semestrais de suas atividades. Atualmente, n\u00e3o h\u00e1 obrigatoriedade normativa da elabora\u00e7\u00e3o do documento em tela, o qual era disposto pela Instru\u00e7\u00e3o Normativa n\u00ba 09, de 09 de outubro de 2018- CGU (revogada), todavia, ele foi mantido por mais exerc\u00edcios no planejamento anual da Audint, considerando suas compet\u00eancias e deveres solidificados&#8230;<\/p>\n","protected":false},"author":3273,"featured_media":0,"parent":20,"menu_order":3,"comment_status":"closed","ping_status":"closed","template":"","meta":{"inline_featured_image":false,"ngg_post_thumbnail":0,"footnotes":""},"class_list":["post-1040","page","type-page","status-publish","hentry","entry"],"_links":{"self":[{"href":"https:\/\/www2.unifap.br\/audint\/wp-json\/wp\/v2\/pages\/1040","targetHints":{"allow":["GET"]}}],"collection":[{"href":"https:\/\/www2.unifap.br\/audint\/wp-json\/wp\/v2\/pages"}],"about":[{"href":"https:\/\/www2.unifap.br\/audint\/wp-json\/wp\/v2\/types\/page"}],"author":[{"embeddable":true,"href":"https:\/\/www2.unifap.br\/audint\/wp-json\/wp\/v2\/users\/3273"}],"replies":[{"embeddable":true,"href":"https:\/\/www2.unifap.br\/audint\/wp-json\/wp\/v2\/comments?post=1040"}],"version-history":[{"count":9,"href":"https:\/\/www2.unifap.br\/audint\/wp-json\/wp\/v2\/pages\/1040\/revisions"}],"predecessor-version":[{"id":1554,"href":"https:\/\/www2.unifap.br\/audint\/wp-json\/wp\/v2\/pages\/1040\/revisions\/1554"}],"up":[{"embeddable":true,"href":"https:\/\/www2.unifap.br\/audint\/wp-json\/wp\/v2\/pages\/20"}],"wp:attachment":[{"href":"https:\/\/www2.unifap.br\/audint\/wp-json\/wp\/v2\/media?parent=1040"}],"curies":[{"name":"wp","href":"https:\/\/api.w.org\/{rel}","templated":true}]}}