{"id":1074,"date":"2020-09-18T20:46:24","date_gmt":"2020-09-18T20:46:24","guid":{"rendered":"http:\/\/www2.unifap.br\/audint\/?page_id=1074"},"modified":"2026-03-23T14:36:20","modified_gmt":"2026-03-23T14:36:20","slug":"relatorio-de-gestao","status":"publish","type":"page","link":"https:\/\/www2.unifap.br\/audint\/relatorios\/relatorio-de-gestao\/","title":{"rendered":"PARECER RELAT\u00d3RIO DE GEST\u00c3O"},"content":{"rendered":"<h3>Instru\u00e7\u00e3o Normativa SFC-CGU n\u00ba 05, de 27 de agosto de 2021<\/h3>\n<p>Art. 15 &#8211; As unidades de auditoria interna singulares da Administra\u00e7\u00e3o Indireta do Poder Executivo Federal emitir\u00e3o parecer sobre a presta\u00e7\u00e3o de contas anual da entidade.<\/p>\n<p>Art. 16 &#8211; O parecer deve expressar opini\u00e3o geral, com base nos trabalhos de auditorias individuais previstos e executados no \u00e2mbito do PAINT, sobre a adequa\u00e7\u00e3o dos processos de governan\u00e7a, gest\u00e3o de riscos e controles internos institu\u00eddos pela entidade para fornecer seguran\u00e7a razo\u00e1vel quanto:<br \/>\nI &#8211; \u00e0 ader\u00eancia da presta\u00e7\u00e3o de contas aos normativos que regem a mat\u00e9ria;<br \/>\nII &#8211; \u00e0 conformidade legal dos atos administrativos;<br \/>\nIII &#8211; ao processo de elabora\u00e7\u00e3o das informa\u00e7\u00f5es cont\u00e1beis e financeiras;<br \/>\nIV &#8211; ao atingimento dos objetivos operacionais.<br \/>\n\u00a7 1\u00ba O parecer pode incluir informa\u00e7\u00f5es de trabalhos de outros provedores de avalia\u00e7\u00e3o para tratar dos t\u00f3picos contidos nesses incisos.<br \/>\n\u00a7 2\u00ba Se a unidade de auditoria interna n\u00e3o puder se manifestar sobre algum dos incisos deste artigo, ela dever\u00e1 registrar no parecer a negativa de opini\u00e3o justificada.<br \/>\n\u00a7 3\u00ba A opini\u00e3o a que se refere o presente artigo ser\u00e1 emitida em conformidade com as disposi\u00e7\u00f5es espec\u00edficas constantes do Referencial T\u00e9cnico de Auditoria Interna Governamental do Poder Executivo Federal, aprovado pela IN SFC n\u00ba 3, de 9 de junho de 2017.<\/p>\n<p>Art. 17 &#8211; O parecer deve ser publicado na p\u00e1gina da entidade na internet juntamente com o relat\u00f3rio de gest\u00e3o do exerc\u00edcio ao qual se refere.<\/p>\n<h3>Relat\u00f3rios de Gest\u00e3o Unifap<\/h3>\n<p>Os Relat\u00f3rios de Gest\u00e3o da Unifap podem ser consultados atrav\u00e9s da p\u00e1gina de <a href=\"https:\/\/transparencia.unifap.br\/unifap-transparencia-e-prestacao-de-contas\/\" target=\"_blank\" rel=\"noopener\">Transpar\u00eancia e Presta\u00e7\u00e3o de Contas<\/a>,&nbsp; os quais cont\u00e9m os pareceres emitidos pela Audint.<\/p>\n","protected":false},"excerpt":{"rendered":"<p>Instru\u00e7\u00e3o Normativa SFC-CGU n\u00ba 05, de 27 de agosto de 2021 Art. 15 &#8211; As unidades de auditoria interna singulares da Administra\u00e7\u00e3o Indireta do Poder Executivo Federal emitir\u00e3o parecer sobre a presta\u00e7\u00e3o de contas anual da entidade. Art. 16 &#8211; O parecer deve expressar opini\u00e3o geral, com base nos trabalhos de auditorias individuais previstos e&#8230;<\/p>\n","protected":false},"author":3272,"featured_media":0,"parent":20,"menu_order":4,"comment_status":"closed","ping_status":"closed","template":"","meta":{"inline_featured_image":false,"ngg_post_thumbnail":0,"footnotes":""},"class_list":["post-1074","page","type-page","status-publish","hentry","entry"],"_links":{"self":[{"href":"https:\/\/www2.unifap.br\/audint\/wp-json\/wp\/v2\/pages\/1074","targetHints":{"allow":["GET"]}}],"collection":[{"href":"https:\/\/www2.unifap.br\/audint\/wp-json\/wp\/v2\/pages"}],"about":[{"href":"https:\/\/www2.unifap.br\/audint\/wp-json\/wp\/v2\/types\/page"}],"author":[{"embeddable":true,"href":"https:\/\/www2.unifap.br\/audint\/wp-json\/wp\/v2\/users\/3272"}],"replies":[{"embeddable":true,"href":"https:\/\/www2.unifap.br\/audint\/wp-json\/wp\/v2\/comments?post=1074"}],"version-history":[{"count":8,"href":"https:\/\/www2.unifap.br\/audint\/wp-json\/wp\/v2\/pages\/1074\/revisions"}],"predecessor-version":[{"id":1824,"href":"https:\/\/www2.unifap.br\/audint\/wp-json\/wp\/v2\/pages\/1074\/revisions\/1824"}],"up":[{"embeddable":true,"href":"https:\/\/www2.unifap.br\/audint\/wp-json\/wp\/v2\/pages\/20"}],"wp:attachment":[{"href":"https:\/\/www2.unifap.br\/audint\/wp-json\/wp\/v2\/media?parent=1074"}],"curies":[{"name":"wp","href":"https:\/\/api.w.org\/{rel}","templated":true}]}}