{"id":1107,"date":"2020-09-19T00:37:35","date_gmt":"2020-09-19T00:37:35","guid":{"rendered":"http:\/\/www2.unifap.br\/audint\/?page_id=1107"},"modified":"2020-09-19T00:41:13","modified_gmt":"2020-09-19T00:41:13","slug":"2020-001-relatorio-de-auditoria-receitas-proprias","status":"publish","type":"page","link":"https:\/\/www2.unifap.br\/audint\/auditorias\/2020-2\/2020-001-relatorio-de-auditoria-receitas-proprias\/","title":{"rendered":"2020\/001 &#8211; Relat\u00f3rio de auditoria &#8211; Receitas Pr\u00f3prias"},"content":{"rendered":"<p>Os trabalhos tiveram por escopo os procedimentos e controles das receitas pr\u00f3prias no ano de 2020 , analisando os controles internos administrativos dos servi\u00e7os correspondentes.<\/p>\n<p><a href=\"http:\/\/www2.unifap.br\/audint\/files\/2020\/09\/RELAT\u00d3RIO-RECEITAS-PR\u00d3PRIAS.pdf\">RELAT\u00d3RIO &#8211; RECEITAS PR\u00d3PRIAS<\/a><\/p>\n","protected":false},"excerpt":{"rendered":"<p>Os trabalhos tiveram por escopo os procedimentos e controles das receitas pr\u00f3prias no ano de 2020 , analisando os controles internos administrativos dos servi\u00e7os correspondentes. RELAT\u00d3RIO &#8211; RECEITAS PR\u00d3PRIAS<\/p>\n","protected":false},"author":3272,"featured_media":0,"parent":1105,"menu_order":1,"comment_status":"closed","ping_status":"closed","template":"","meta":{"inline_featured_image":false,"ngg_post_thumbnail":0,"footnotes":""},"class_list":["post-1107","page","type-page","status-publish","hentry","entry"],"_links":{"self":[{"href":"https:\/\/www2.unifap.br\/audint\/wp-json\/wp\/v2\/pages\/1107","targetHints":{"allow":["GET"]}}],"collection":[{"href":"https:\/\/www2.unifap.br\/audint\/wp-json\/wp\/v2\/pages"}],"about":[{"href":"https:\/\/www2.unifap.br\/audint\/wp-json\/wp\/v2\/types\/page"}],"author":[{"embeddable":true,"href":"https:\/\/www2.unifap.br\/audint\/wp-json\/wp\/v2\/users\/3272"}],"replies":[{"embeddable":true,"href":"https:\/\/www2.unifap.br\/audint\/wp-json\/wp\/v2\/comments?post=1107"}],"version-history":[{"count":2,"href":"https:\/\/www2.unifap.br\/audint\/wp-json\/wp\/v2\/pages\/1107\/revisions"}],"predecessor-version":[{"id":1110,"href":"https:\/\/www2.unifap.br\/audint\/wp-json\/wp\/v2\/pages\/1107\/revisions\/1110"}],"up":[{"embeddable":true,"href":"https:\/\/www2.unifap.br\/audint\/wp-json\/wp\/v2\/pages\/1105"}],"wp:attachment":[{"href":"https:\/\/www2.unifap.br\/audint\/wp-json\/wp\/v2\/media?parent=1107"}],"curies":[{"name":"wp","href":"https:\/\/api.w.org\/{rel}","templated":true}]}}