{"id":111,"date":"2016-03-18T20:26:04","date_gmt":"2016-03-18T20:26:04","guid":{"rendered":"http:\/\/www2.unifap.br\/audint\/?page_id=111"},"modified":"2026-03-23T14:15:49","modified_gmt":"2026-03-23T14:15:49","slug":"raint","status":"publish","type":"page","link":"https:\/\/www2.unifap.br\/audint\/relatorios\/raint\/","title":{"rendered":"RAINT"},"content":{"rendered":"<p>O Relat\u00f3rio Anual de Atividades de Auditoria Interna, regulamentado pela Instru\u00e7\u00e3o Normativa SFC n\u00ba 05, de 27 de agosto de 2021, consiste na consolida\u00e7\u00e3o das informa\u00e7\u00f5es sobre a execu\u00e7\u00e3o do PAINT e an\u00e1lise dos resultados decorrentes dos trabalhos de auditoria.<br \/>\nAcesse os <em>links<\/em> abaixo para ter acesso aos relat\u00f3rios da Audint\/Unifap.<\/p>\n<p><a href=\"http:\/\/www2.unifap.br\/audint\/files\/2026\/03\/RAINT_2025.pdf\" target=\"_blank\" rel=\"noopener\">RAINT 2025<\/a><\/p>\n<p><a href=\"http:\/\/www2.unifap.br\/audint\/files\/2025\/04\/RAINT_2024.pdf\" target=\"_blank\" rel=\"noopener\">RAINT 2024<\/a><\/p>\n<p><a href=\"http:\/\/www2.unifap.br\/audint\/files\/2024\/04\/RAINT-2023.pdf\" target=\"_blank\" rel=\"noopener\"><u>RAINT 2023<\/u><\/a><\/p>\n<p><a style=\"font-size: 14px;background-color: #ffffff\" href=\"http:\/\/www2.unifap.br\/audint\/files\/2023\/03\/RAINT-2022.pdf\" target=\"_blank\" rel=\"noopener\"><u>RAINT 2022<\/u><\/a><\/p>\n<p><a href=\"http:\/\/www2.unifap.br\/audint\/files\/2022\/11\/RAINT-2021.pdf\"><u>RAINT 2021<\/u><\/a><\/p>\n<p><a href=\"http:\/\/www2.unifap.br\/audint\/files\/2022\/11\/RAINT-2020.pdf\"><u>RAINT 2020<\/u><\/a><\/p>\n<p><a href=\"http:\/\/www2.unifap.br\/audint\/files\/2022\/11\/RAINT-2019.pdf\"><u>RAINT 2019<\/u><\/a><\/p>\n<p><a href=\"http:\/\/www2.unifap.br\/audint\/files\/2022\/11\/RAINT-2018.pdf\"><u>RAINT 2018<\/u><\/a><\/p>\n<p><a href=\"http:\/\/www2.unifap.br\/audint\/files\/2022\/11\/RAINT-2017.pdf\"><u>RAINT 2017<\/u><\/a><\/p>\n<p><a href=\"http:\/\/www2.unifap.br\/audint\/files\/2022\/11\/RAINT-2016.pdf\"><u>RAINT 2016<\/u><\/a><\/p>\n","protected":false},"excerpt":{"rendered":"<p>O Relat\u00f3rio Anual de Atividades de Auditoria Interna, regulamentado pela Instru\u00e7\u00e3o Normativa SFC n\u00ba 05, de 27 de agosto de 2021, consiste na consolida\u00e7\u00e3o das informa\u00e7\u00f5es sobre a execu\u00e7\u00e3o do PAINT e an\u00e1lise dos resultados decorrentes dos trabalhos de auditoria. Acesse os links abaixo para ter acesso aos relat\u00f3rios da Audint\/Unifap. RAINT 2025 RAINT 2024&#8230;<\/p>\n","protected":false},"author":205,"featured_media":0,"parent":20,"menu_order":2,"comment_status":"closed","ping_status":"closed","template":"","meta":{"inline_featured_image":false,"ngg_post_thumbnail":0,"footnotes":""},"class_list":["post-111","page","type-page","status-publish","hentry","entry"],"_links":{"self":[{"href":"https:\/\/www2.unifap.br\/audint\/wp-json\/wp\/v2\/pages\/111","targetHints":{"allow":["GET"]}}],"collection":[{"href":"https:\/\/www2.unifap.br\/audint\/wp-json\/wp\/v2\/pages"}],"about":[{"href":"https:\/\/www2.unifap.br\/audint\/wp-json\/wp\/v2\/types\/page"}],"author":[{"embeddable":true,"href":"https:\/\/www2.unifap.br\/audint\/wp-json\/wp\/v2\/users\/205"}],"replies":[{"embeddable":true,"href":"https:\/\/www2.unifap.br\/audint\/wp-json\/wp\/v2\/comments?post=111"}],"version-history":[{"count":14,"href":"https:\/\/www2.unifap.br\/audint\/wp-json\/wp\/v2\/pages\/111\/revisions"}],"predecessor-version":[{"id":1815,"href":"https:\/\/www2.unifap.br\/audint\/wp-json\/wp\/v2\/pages\/111\/revisions\/1815"}],"up":[{"embeddable":true,"href":"https:\/\/www2.unifap.br\/audint\/wp-json\/wp\/v2\/pages\/20"}],"wp:attachment":[{"href":"https:\/\/www2.unifap.br\/audint\/wp-json\/wp\/v2\/media?parent=111"}],"curies":[{"name":"wp","href":"https:\/\/api.w.org\/{rel}","templated":true}]}}