{"id":1168,"date":"2021-06-21T18:01:35","date_gmt":"2021-06-21T18:01:35","guid":{"rendered":"http:\/\/www2.unifap.br\/audint\/?page_id=1168"},"modified":"2021-06-21T18:01:35","modified_gmt":"2021-06-21T18:01:35","slug":"resolucao-no-03-2021-condir-unifap-politica-de-desenvolvimento-de-competencias-da-auditoria-interna-da-unifap","status":"publish","type":"page","link":"https:\/\/www2.unifap.br\/audint\/legislacao\/regimento-interno\/resolucao-no-03-2021-condir-unifap-politica-de-desenvolvimento-de-competencias-da-auditoria-interna-da-unifap\/","title":{"rendered":"Resolu\u00e7\u00e3o n\u00ba 03\/2021 \u2013 CONDIR\/UNIFAP \u2013 Politica de Desenvolvimento de Compet\u00eancias da Auditoria Interna da Unifap"},"content":{"rendered":"<p>Em cumprimento a recomenda\u00e7\u00e3o registrada pela Controladoria Geral da Uni\u00e3o no sistema E-AUD sob o n\u00b0 181128 e processo 23125.006369\/2020-60 Sipac, que solicita a cria\u00e7\u00e3o de pol\u00edtica formalizada de desenvolvimento de compet\u00eancias para a Unidade de Auditoria e seus auditores.<\/p>\n<p>Considerando, ainda, a Instru\u00e7\u00e3o Normativa N\u00ba 3, de 09 de Junho de 2017, no qual em seu item 63 tem-se que a Unidade de Auditoria Interna Governamental e os auditores internos governamentais &#8220;devem zelar pelo aperfei\u00e7oamento de seus conhecimentos, habilidades e outras compet\u00eancias, por meio do desenvolvimento profissional cont\u00ednuo&#8221;.<\/p>\n<p>Apresentamos a <strong>Pol\u00edtica de Desenvolvimento de Compet\u00eancias da Unidade de Auditoria Interna da Unifap (PDC-AUDINT)<\/strong><\/p>\n<p><a href=\"http:\/\/www2.unifap.br\/audint\/files\/2021\/06\/POLITICA-DE-DESENVOLVIMENTO-DE-COMPET\u00caNCIAS-AUDINT.pdf\">POLITICA DE DESENVOLVIMENTO DE COMPET\u00caNCIAS &#8211; AUDINT<\/a><\/p>\n","protected":false},"excerpt":{"rendered":"<p>Em cumprimento a recomenda\u00e7\u00e3o registrada pela Controladoria Geral da Uni\u00e3o no sistema E-AUD sob o n\u00b0 181128 e processo 23125.006369\/2020-60 Sipac, que solicita a cria\u00e7\u00e3o de pol\u00edtica formalizada de desenvolvimento de compet\u00eancias para a Unidade de Auditoria e seus auditores. Considerando, ainda, a Instru\u00e7\u00e3o Normativa N\u00ba 3, de 09 de Junho de 2017, no qual&#8230;<\/p>\n","protected":false},"author":3272,"featured_media":0,"parent":343,"menu_order":2,"comment_status":"closed","ping_status":"closed","template":"","meta":{"inline_featured_image":false,"ngg_post_thumbnail":0,"footnotes":""},"class_list":["post-1168","page","type-page","status-publish","hentry","entry"],"_links":{"self":[{"href":"https:\/\/www2.unifap.br\/audint\/wp-json\/wp\/v2\/pages\/1168","targetHints":{"allow":["GET"]}}],"collection":[{"href":"https:\/\/www2.unifap.br\/audint\/wp-json\/wp\/v2\/pages"}],"about":[{"href":"https:\/\/www2.unifap.br\/audint\/wp-json\/wp\/v2\/types\/page"}],"author":[{"embeddable":true,"href":"https:\/\/www2.unifap.br\/audint\/wp-json\/wp\/v2\/users\/3272"}],"replies":[{"embeddable":true,"href":"https:\/\/www2.unifap.br\/audint\/wp-json\/wp\/v2\/comments?post=1168"}],"version-history":[{"count":1,"href":"https:\/\/www2.unifap.br\/audint\/wp-json\/wp\/v2\/pages\/1168\/revisions"}],"predecessor-version":[{"id":1171,"href":"https:\/\/www2.unifap.br\/audint\/wp-json\/wp\/v2\/pages\/1168\/revisions\/1171"}],"up":[{"embeddable":true,"href":"https:\/\/www2.unifap.br\/audint\/wp-json\/wp\/v2\/pages\/343"}],"wp:attachment":[{"href":"https:\/\/www2.unifap.br\/audint\/wp-json\/wp\/v2\/media?parent=1168"}],"curies":[{"name":"wp","href":"https:\/\/api.w.org\/{rel}","templated":true}]}}