{"id":118,"date":"2016-03-18T20:30:38","date_gmt":"2016-03-18T20:30:38","guid":{"rendered":"http:\/\/www2.unifap.br\/audint\/?page_id=118"},"modified":"2026-03-23T14:34:50","modified_gmt":"2026-03-23T14:34:50","slug":"auditorias","status":"publish","type":"page","link":"https:\/\/www2.unifap.br\/audint\/auditorias\/","title":{"rendered":"AUDITORIAS"},"content":{"rendered":"<h2><strong>Relat\u00f3rios de Auditoria Audint<\/strong><\/h2>\n<h3>2025<\/h3>\n<p><a href=\"http:\/\/www2.unifap.br\/audint\/files\/2025\/05\/RELATORIO-DEFINITIVO-DE-AUDITORIA-No-2025001.docx.pdf\" target=\"_blank\" rel=\"noopener\">2025001 &#8211; PNAES<\/a><br \/>\n<a href=\"http:\/\/www2.unifap.br\/audint\/files\/2025\/09\/RELATORIO-DEFINITIVO-DE-AUDITORIA-2025002.pdf\" target=\"_blank\" rel=\"noopener\">2025002 &#8211; Pol\u00edtica de perman\u00eancia e combate \u00e0 evas\u00e3o acad\u00eamica<\/a><br \/>\n<a href=\"http:\/\/www2.unifap.br\/audint\/files\/2025\/12\/RELATORIO-DEFINITIVO-DE-AUDITORIA-No-2025003.docx.pdf\" target=\"_blank\" rel=\"noopener\">2025003 &#8211; Ingresso nos programas de P\u00f3s-Gradua\u00e7\u00e3o<\/a><\/p>\n<h3>2024<\/h3>\n<p><a href=\"http:\/\/www2.unifap.br\/audint\/files\/2024\/06\/RELATORIO-DEFINITIVO-DE-AUDITORIA-No-2024001-SEM-ID.docx.pdf\" target=\"_blank\" rel=\"noopener\">2024001 &#8211; PNAES<\/a><br \/>\n<a href=\"http:\/\/www2.unifap.br\/audint\/files\/2024\/10\/RELATORIO-DE-AUDITORIA-FINAL-No-2024002.docx.pdf\" target=\"_blank\" rel=\"noopener\">2024002 &#8211; Gest\u00e3o Acad\u00eamica<\/a><br \/>\n<a href=\"http:\/\/www2.unifap.br\/audint\/files\/2025\/02\/RELATORIO-DEFINITIVO-DE-AUDITORIA-No-2024003-SEM-ID.docx.pdf\" target=\"_blank\" rel=\"noopener\">2024003 &#8211; Seguran\u00e7a Universit\u00e1ria<\/a><\/p>\n<h3>2023<\/h3>\n<p><span style=\"text-decoration: underline\">2023001 &#8211; Plano de Dados Abertos (PDA)<\/span> (Relat\u00f3rio n\u00e3o publicado por se tratar de relat\u00f3rio de consultoria e conter atos de gest\u00e3o interna).<br \/>\n<a href=\"http:\/\/www2.unifap.br\/audint\/files\/2023\/08\/RELATORIO-DEFINITIVO-DE-AUDITORIA-No-2023002-SEM-ID.docx.pdf\" target=\"_blank\" rel=\"noopener\">2023002 &#8211; Restaurante Universit\u00e1rio<\/a><br \/>\n<a href=\"http:\/\/www2.unifap.br\/audint\/files\/2023\/10\/RELATORIO-DE-AUDITORIA-No-2023003-TRANSPARENCIA-FUNDACOES-DE-APOIO.docx.pdf\" target=\"_blank\" rel=\"noopener\">2023003 &#8211; Transpar\u00eancia no relacionamento entre a Unifap e a Funda\u00e7\u00e3o de Apoio<\/a><br \/>\n<a href=\"http:\/\/www2.unifap.br\/audint\/files\/2024\/01\/RELATORIO_DE_AUDITORIA_2023004_-_Assinado.pdf\" target=\"_blank\" rel=\"noopener\">2023004 &#8211; Nova Lei de Licita\u00e7\u00e3o e Contratos Administrativos (Lei 14.133\/2021)<\/a><\/p>\n<h3><strong>2022<\/strong><\/h3>\n<p><a href=\"http:\/\/www2.unifap.br\/audint\/files\/2022\/05\/2022001-RELATORIO-FINAL-DE-AUDITORIA-TRANSFERENCIAS-VOLUNTARIAS.pdf\" target=\"_blank\" rel=\"noopener\">2022001 &#8211; Relat\u00f3rio de Auditoria &#8211; Transfer\u00eancias Volunt\u00e1rias<\/a>&nbsp;<br \/>\n<a href=\"http:\/\/www2.unifap.br\/audint\/files\/2022\/08\/SEM-ID-RELATORIO-DEFINITIVO-DE-AUDITORIA-No-2022002.docx-1.pdf\" target=\"_blank\" rel=\"noopener\">2022002 &#8211; Gest\u00e3o da Frota de Ve\u00edculos<\/a>&nbsp;<br \/>\n<a href=\"http:\/\/www2.unifap.br\/audint\/files\/2023\/06\/RELATORIO-DE-CONSULTORIA-No-2022003-PDF.pdf\" target=\"_blank\" rel=\"noopener\">2022003 &#8211; Avalia\u00e7\u00f5es Internas e Externas dos Cursos de Gradua\u00e7\u00e3o<\/a><br \/>\n<a href=\"http:\/\/www2.unifap.br\/audint\/files\/2022\/12\/1.-RELATORIO-DE-AUDITORIA-TRANSPARENCIA-FUNDACOES-DE-APOIO-No-2022004.docx.pdf\" target=\"_blank\" rel=\"noopener\">2022004 &#8211; Transpar\u00eancia no relacionamento entre a Unifap e Funda\u00e7\u00e3o de Apoio<\/a><\/p>\n<h3>2021<\/h3>\n<p><a href=\"http:\/\/www2.unifap.br\/audint\/files\/2021\/06\/Relat\u00f3rio-de-Auditoria-despesas-de-custeio-e-programa-de-gest\u00e3o.pdf\" target=\"_blank\" rel=\"noopener\">2021001 &#8211; Despesas de custeio, Sustentabilidade e Programa de Gest\u00e3o<\/a><br \/>\n<a href=\"http:\/\/www2.unifap.br\/audint\/files\/2021\/07\/Relat\u00f3rio-Aux\u00edlio-financeiro-para-aquisi\u00e7\u00e3o-de-equipamentos-eletr\u00f4nicos-e-pacote-de-internet.pdf\" target=\"_blank\" rel=\"noopener\">2021002 &#8211; Aux\u00edlio financeiro para aquisi\u00e7\u00e3o de equipamentos eletr\u00f4nicos e pacote de internet<\/a><br \/>\n<a href=\"http:\/\/www2.unifap.br\/audint\/files\/2021\/12\/RELAT\u00d3RIO-FUNDA\u00c7\u00d5ES-DE-APOIO-2021.pdf\">2021003 &#8211; Transpar\u00eancia na rela\u00e7\u00e3o entre a Unifap e as Funda\u00e7\u00f5es de Apoio<\/a><br \/>\n<a href=\"http:\/\/www2.unifap.br\/audint\/files\/2021\/12\/Relat\u00f3rio-Final-n\u00ba-2021004.pdf\" target=\"_blank\" rel=\"noopener\">2021004 &#8211; Plano de Desenvolvimento Institucional Governan\u00e7a<\/a><br \/>\n<a href=\"http:\/\/www2.unifap.br\/audint\/files\/2021\/12\/RELAT\u00d3RIO-FINAL-COMPRAS-EMERGENCIAIS-LEI-13.979.2020.pdf\">2021005 &#8211; Compras Emergenciais<\/a><\/p>\n<h3>2020<\/h3>\n<p><a href=\"http:\/\/www2.unifap.br\/audint\/files\/2020\/09\/RELAT\u00d3RIO-RECEITAS-PR\u00d3PRIAS.pdf\" target=\"_blank\" rel=\"noopener\">2020001 &#8211; Receitas Pr\u00f3prias<\/a><br \/>\n<a href=\"http:\/\/www2.unifap.br\/audint\/files\/2020\/09\/RELAT%C3%93RIO-POL%C3%8DTICA-DE-DESENVOLVIMENTO-DE-PESSOAL.pdf\" target=\"_blank\" rel=\"noopener\">2020002 &#8211; Pol\u00edtica de Desenvolvimento de Pessoal<\/a><br \/>\n<a href=\"http:\/\/www2.unifap.br\/audint\/files\/2020\/09\/RELAT%C3%93RIO-FUNDA%C3%87%C3%95ES-DE-APOIO-TRANSPAR%C3%8ANCIA.pdf\" target=\"_blank\" rel=\"noopener\">2020003 &#8211; Transpar\u00eancia na rela\u00e7\u00e3o entre a Unifap e as Funda\u00e7\u00f5es de Apoio<\/a><br \/>\n<a href=\"http:\/\/www2.unifap.br\/audint\/files\/2021\/01\/Relat%C3%B3rio-de-Auditoria-Atividades-de-ensino-pesquisa-e-extens%C3%A3o-dos-cursos-Campus-Binacional.pdf\" target=\"_blank\" rel=\"noopener\">2020004 &#8211; Atividades de ensino, pesquisa e extens\u00e3o dos cursos Campus Binacional<\/a><br \/>\n<a href=\"http:\/\/www2.unifap.br\/audint\/files\/2020\/09\/RELAT%C3%93RIO-RECURSOS-DO-PNAES.pdf\" target=\"_blank\" rel=\"noopener\">2020005 &#8211; Recursos do Programa Nacional de Assist\u00eancia Estudantil &#8211; PNAES<\/a><\/p>\n<h3>2019<\/h3>\n<p><a href=\"http:\/\/www2.unifap.br\/audint\/files\/2019\/06\/Relat%C3%B3rio-Final-Auditoria-n%C2%BA-2019001.pdf\" target=\"_blank\" rel=\"noopener\">2019001 &#8211; Exames Peri\u00f3dicos<\/a><br \/>\n<a href=\"http:\/\/www2.unifap.br\/audint\/files\/2019\/07\/Relat%C3%B3rio-de-Auditoria-Final-PNAES-com-ap%C3%AAndice-Sem-ID-1.pdf\" target=\"_blank\" rel=\"noopener\">2019002 &#8211; Programa Nacional de Assist\u00eancia Estudantil &#8211; PNAES<\/a><br \/>\n<a href=\"http:\/\/www2.unifap.br\/audint\/files\/2019\/08\/Relat%C3%B3rio-de-Auditoria-FINAL-2019003-Manuten%C3%A7%C3%A3o-Predial.pdf\" target=\"_blank\" rel=\"noopener\">2019003 &#8211; Manuten\u00e7\u00e3o Predial<\/a><br \/>\n<a href=\"http:\/\/www2.unifap.br\/audint\/files\/2019\/10\/Relat%C3%B3rio-Final-de-Auditoria-n%C2%BA-2019004.pdf\" target=\"_blank\" rel=\"noopener\">2019004 &#8211; Contratos de Vigil\u00e2ncia<\/a><br \/>\n<a href=\"http:\/\/www2.unifap.br\/audint\/files\/2023\/04\/Relatorio-Final-de-Auditoria-2019005-Campus-Mazagao.pdf\">2019005 &#8211; Atividades do curso de Licenciatura em Educa\u00e7\u00e3o do Campo \u2013 Campus Mazag\u00e3o<\/a><br \/>\n<a href=\"http:\/\/www2.unifap.br\/audint\/files\/2023\/04\/Relatorio-Final-2019006-formatado-SEM-ID.pdf\" target=\"_blank\" rel=\"noopener\">2019006 &#8211; Sistema de Registro de Pre\u00e7o<\/a><\/p>\n<h3>2018<\/h3>\n<p><a href=\"http:\/\/www2.unifap.br\/audint\/files\/2018\/04\/Relat%C3%B3rio-de-Auditoria-e-anexos-PROBIC-UNIFAP1.pdf\" target=\"_blank\" rel=\"noopener\">2018001 &#8211; Programa de Bolsa de Inicia\u00e7\u00e3o Cient\u00edfica &#8211; PROBIC\/UNIFAP<\/a><br \/>\n<a href=\"http:\/\/www2.unifap.br\/audint\/files\/2018\/04\/Relat%C3%B3rio-de-Auditoria-e-anexos-Educa%C3%A7%C3%A3o-a-Dist%C3%A2ncia.pdf\" target=\"_blank\" rel=\"noopener\">2018002 &#8211; Educa\u00e7\u00e3o \u00e0 Dist\u00e2ncia<\/a><br \/>\n<a href=\"http:\/\/www2.unifap.br\/audint\/files\/2018\/06\/Relat%C3%B3rio-de-auditoria-e-anexos-Processo-de-pagamento-de-Substitui%C3%A7%C3%A3o-e-afastamento-de-t%C3%A9cnico-para-qualifica%C3%A7%C3%A3o.pdf\" target=\"_blank\" rel=\"noopener\">2018003 &#8211; Processo de pagamento de substitui\u00e7\u00e3o e afastamento de t\u00e9cnico para qualifica\u00e7\u00e3o<\/a><br \/>\n<a href=\"http:\/\/www2.unifap.br\/audint\/files\/2018\/09\/Relat%C3%B3rio-de-Auditoria-Sistema-de-Registro-de-Pre%C3%A7o.pdf\" target=\"_blank\" rel=\"noopener\">2018004 &#8211; Sistema de Registro de Pre\u00e7o<\/a><br \/>\n<a href=\"http:\/\/www2.unifap.br\/audint\/files\/2018\/10\/Relat%C3%B3rio-de-Auditoria-Bens-M%C3%B3veis.pdf\" target=\"_blank\" rel=\"noopener\">2018005 &#8211; Bens M\u00f3veis<\/a><br \/>\n<a href=\"http:\/\/www2.unifap.br\/audint\/files\/2019\/02\/RELAT%C3%93RIO-DEFINITIVO-Sem-identifica%C3%A7%C3%A3o.pdf\" target=\"_blank\" rel=\"noopener\">2018006 &#8211; Programa de Aux\u00edlio \u00e0 Extens\u00e3o Universit\u00e1ria \u2013 PAEX<\/a><br \/>\n<a href=\"http:\/\/www2.unifap.br\/audint\/files\/2018\/11\/RELAT%C3%93RIO-DEFINITIVO.pdf\" target=\"_blank\" rel=\"noopener\">2018007 &#8211; Est\u00e1gio Curricular Obrigat\u00f3rio<\/a><br \/>\n<a href=\"http:\/\/www2.unifap.br\/audint\/files\/2018\/12\/Relat%C3%B3rio-Definitivo-Governan%C3%A7a1.pdf\" target=\"_blank\" rel=\"noopener\">2018008 &#8211; Governan\u00e7a e Gest\u00e3o de Riscos<\/a><\/p>\n<h3>2017<\/h3>\n<p><a href=\"http:\/\/www2.unifap.br\/audint\/auditorias\/2017-2\/2016-2\/\" target=\"_blank\" rel=\"noopener\">2017001 &#8211; Contratos com Funda\u00e7\u00f5es de Apoio e suas presta\u00e7\u00f5es de contas<\/a><br \/>\n<a href=\"http:\/\/www2.unifap.br\/audint\/files\/2017\/08\/Relat%C3%B3rio-de-Auditoria-Aux%C3%ADlio-natalidade-e-aux%C3%ADlio-pr%C3%A9-escolar.pdf\" target=\"_blank\" rel=\"noopener\">2017002 &#8211; Aux\u00edlio-natalidade e aux\u00edlio pr\u00e9-escolar<\/a><br \/>\n<a href=\"http:\/\/www2.unifap.br\/audint\/files\/2017\/08\/Relat%C3%B3rio-de-Auditoria-PIBEX-e-anexos.pdf\" target=\"_blank\" rel=\"noopener\">2017003 &#8211; Programa Institucional de Bolsas de Extens\u00e3o &#8211; PIBEX<\/a><br \/>\n<a href=\"http:\/\/www2.unifap.br\/audint\/files\/2017\/08\/Relat%C3%B3rio-de-Auditoria-Processos-seletivos-e-concursos-e-anexos.pdf\" target=\"_blank\" rel=\"noopener\">2017004 &#8211; Processos seletivos e concursos<\/a><br \/>\n<a href=\"http:\/\/www2.unifap.br\/audint\/files\/2017\/08\/Relat%C3%B3rio-de-Auditoria-PAPESQ-Edital-015-2015-e-anexos.pdf\" target=\"_blank\" rel=\"noopener\">2017005 &#8211; Programa de Aux\u00edlio ao Pesquisador &#8211; PAPESQ (Edital 015-2015)<\/a><br \/>\n<a href=\"http:\/\/www2.unifap.br\/audint\/files\/2017\/10\/Relat%C3%B3rio-de-Auditoria-%E2%80%93-Processos-de-Mobilidade-acad%C3%AAmica-de-docentes-e-discentes-e-anexos.pdf\" target=\"_blank\" rel=\"noopener\">2017006 &#8211; Processos de mobilidade acad\u00eamica de docentes e discentes<\/a>&nbsp;<br \/>\n<span style=\"text-decoration: underline\">2017007 &#8211; Educa\u00e7\u00e3o \u00e0 Dist\u00e2ncia (convertido no Relat\u00f3rio de Auditoria 2018002)<\/span><br \/>\n<a href=\"http:\/\/www2.unifap.br\/audint\/files\/2018\/01\/Relat%C3%B3rio-de-Auditoria-Progress%C3%A3o-Funcional-e-anexos.pdf\" target=\"_blank\" rel=\"noopener\">2017008 &#8211; Progress\u00e3o Funcional<\/a><br \/>\n<a href=\"http:\/\/www2.unifap.br\/audint\/files\/2018\/01\/Relat%C3%B3rio-de-Auditoria-Governan%C3%A7a-e-anexos.pdf\" target=\"_blank\" rel=\"noopener\">2017009 &#8211; Governan\u00e7a e Gest\u00e3o de Riscos<\/a><\/p>\n<h3>2016<\/h3>\n<p><a href=\"http:\/\/www2.unifap.br\/audint\/files\/2016\/04\/Relat%C3%B3rio-de-Auditoria-e-Anexos-Progep.pdf\" target=\"_blank\" rel=\"noopener\">2016001 &#8211; Cess\u00e3o\/Reembolso de Servidores e Hor\u00e1rio Especial para servidor estudante<\/a><br \/>\n<a href=\"http:\/\/www2.unifap.br\/audint\/files\/2016\/04\/RELAT%C3%93RIO-AUDITORIA-e-Anexos-PREFEITURA.pdf\" target=\"_blank\" rel=\"noopener\">2016002 &#8211; Manuten\u00e7\u00e3o Predial<\/a><br \/>\n<a href=\"http:\/\/www2.unifap.br\/audint\/files\/2016\/05\/Relat%C3%B3rio-de-Auditoria-Concess%C3%A3o-de-Di%C3%A1rias.pdf\" target=\"_blank\" rel=\"noopener\">2016003 &#8211; Concess\u00e3o de Di\u00e1rias<\/a><br \/>\n<a href=\"http:\/\/www2.unifap.br\/audint\/files\/2016\/06\/Relat%C3%B3rio-de-Auditoria-Campus-Marco-Zero.pdf\" target=\"_blank\" rel=\"noopener\">2016004 &#8211; PAID, os PPC, os projetos de pesquisa e extens\u00e3o<\/a><br \/>\n<a href=\"http:\/\/www2.unifap.br\/audint\/files\/2016\/09\/Relatorio-Final-de-Auditoria-em-Patrim%C3%B4nio-e-Anexos.pdf\" target=\"_blank\" rel=\"noopener\">2016005 &#8211; Patrim\u00f4nio (Bens M\u00f3veis)<\/a><br \/>\n<a href=\"http:\/\/www2.unifap.br\/audint\/files\/2016\/11\/Relar%C3%B3rio-Final-de-Auditoria-Campus-Binacional.pdf\" target=\"_blank\" rel=\"noopener\">2016006 &#8211; Contratos de manuten\u00e7\u00e3o predial e de loca\u00e7\u00e3o de im\u00f3veis (Campus Binacional)<\/a><br \/>\n<a href=\"http:\/\/www2.unifap.br\/audint\/files\/2016\/11\/Relatorio-Final-de-Auditoria-Obras.pdf\" target=\"_blank\" rel=\"noopener\">2016007 &#8211; Obras<\/a><br \/>\n<a href=\"http:\/\/www2.unifap.br\/audint\/files\/2016\/12\/Relar%C3%B3rio-Final-de-Auditoria-Acompanhamento-e-Avalia%C3%A7%C3%A3o-de-Gest%C3%A3o.pdf\" target=\"_blank\" rel=\"noopener\">2016008 &#8211; Acompanhamento e Avalia\u00e7\u00e3o de Gest\u00e3o<\/a><br \/>\n<a href=\"http:\/\/www2.unifap.br\/audint\/files\/2016\/12\/Relar%C3%B3rio-Final-de-Auditoria-Bolsa-Trabalho.pdf\" target=\"_blank\" rel=\"noopener\">2016009 &#8211; Bolsa Trabalho<\/a><br \/>\n&nbsp;<br \/>\n&nbsp;<\/p>\n","protected":false},"excerpt":{"rendered":"<p>Relat\u00f3rios de Auditoria Audint 2025 2025001 &#8211; PNAES 2025002 &#8211; Pol\u00edtica de perman\u00eancia e combate \u00e0 evas\u00e3o acad\u00eamica 2025003 &#8211; Ingresso nos programas de P\u00f3s-Gradua\u00e7\u00e3o 2024 2024001 &#8211; PNAES 2024002 &#8211; Gest\u00e3o Acad\u00eamica 2024003 &#8211; Seguran\u00e7a Universit\u00e1ria 2023 2023001 &#8211; Plano de Dados Abertos (PDA) (Relat\u00f3rio n\u00e3o publicado por se tratar de relat\u00f3rio de consultoria&#8230;<\/p>\n","protected":false},"author":205,"featured_media":0,"parent":0,"menu_order":5,"comment_status":"closed","ping_status":"closed","template":"","meta":{"inline_featured_image":false,"ngg_post_thumbnail":0,"footnotes":""},"class_list":["post-118","page","type-page","status-publish","hentry","entry"],"_links":{"self":[{"href":"https:\/\/www2.unifap.br\/audint\/wp-json\/wp\/v2\/pages\/118","targetHints":{"allow":["GET"]}}],"collection":[{"href":"https:\/\/www2.unifap.br\/audint\/wp-json\/wp\/v2\/pages"}],"about":[{"href":"https:\/\/www2.unifap.br\/audint\/wp-json\/wp\/v2\/types\/page"}],"author":[{"embeddable":true,"href":"https:\/\/www2.unifap.br\/audint\/wp-json\/wp\/v2\/users\/205"}],"replies":[{"embeddable":true,"href":"https:\/\/www2.unifap.br\/audint\/wp-json\/wp\/v2\/comments?post=118"}],"version-history":[{"count":30,"href":"https:\/\/www2.unifap.br\/audint\/wp-json\/wp\/v2\/pages\/118\/revisions"}],"predecessor-version":[{"id":1822,"href":"https:\/\/www2.unifap.br\/audint\/wp-json\/wp\/v2\/pages\/118\/revisions\/1822"}],"wp:attachment":[{"href":"https:\/\/www2.unifap.br\/audint\/wp-json\/wp\/v2\/media?parent=118"}],"curies":[{"name":"wp","href":"https:\/\/api.w.org\/{rel}","templated":true}]}}