{"id":1188,"date":"2021-07-03T15:36:02","date_gmt":"2021-07-03T15:36:02","guid":{"rendered":"http:\/\/www2.unifap.br\/audint\/?page_id=1188"},"modified":"2021-07-03T15:36:30","modified_gmt":"2021-07-03T15:36:30","slug":"relatorio-semestral-2021","status":"publish","type":"page","link":"https:\/\/www2.unifap.br\/audint\/relatorios\/relatorio-semestral\/relatorio-semestral-2021\/","title":{"rendered":"2021"},"content":{"rendered":"<p>Em cumprimento \u00e0s diretrizes prescritas na Instru\u00e7\u00e3o Normativa n\u00ba 09 \u2013 CGU, de 9 de outubro de 2018, a Unidade de Auditoria Interna da Universidade Federal do Amap\u00e1 apresenta o seu Relat\u00f3rio Semestral de Auditoria com as a\u00e7\u00f5es executadas de janeiro a julho do ano de exerc\u00edcio de 2021<\/p>\n<p><a href=\"http:\/\/www2.unifap.br\/audint\/files\/2021\/07\/RELAT\u00d3RIO-SEMESTRAL-2021.pdf\">RELAT\u00d3RIO SEMESTRAL 2021<\/a><\/p>\n","protected":false},"excerpt":{"rendered":"<p>Em cumprimento \u00e0s diretrizes prescritas na Instru\u00e7\u00e3o Normativa n\u00ba 09 \u2013 CGU, de 9 de outubro de 2018, a Unidade de Auditoria Interna da Universidade Federal do Amap\u00e1 apresenta o seu Relat\u00f3rio Semestral de Auditoria com as a\u00e7\u00f5es executadas de janeiro a julho do ano de exerc\u00edcio de 2021 RELAT\u00d3RIO SEMESTRAL 2021<\/p>\n","protected":false},"author":3272,"featured_media":0,"parent":1040,"menu_order":3,"comment_status":"closed","ping_status":"closed","template":"","meta":{"inline_featured_image":false,"ngg_post_thumbnail":0,"footnotes":""},"class_list":["post-1188","page","type-page","status-publish","hentry","entry"],"_links":{"self":[{"href":"https:\/\/www2.unifap.br\/audint\/wp-json\/wp\/v2\/pages\/1188","targetHints":{"allow":["GET"]}}],"collection":[{"href":"https:\/\/www2.unifap.br\/audint\/wp-json\/wp\/v2\/pages"}],"about":[{"href":"https:\/\/www2.unifap.br\/audint\/wp-json\/wp\/v2\/types\/page"}],"author":[{"embeddable":true,"href":"https:\/\/www2.unifap.br\/audint\/wp-json\/wp\/v2\/users\/3272"}],"replies":[{"embeddable":true,"href":"https:\/\/www2.unifap.br\/audint\/wp-json\/wp\/v2\/comments?post=1188"}],"version-history":[{"count":2,"href":"https:\/\/www2.unifap.br\/audint\/wp-json\/wp\/v2\/pages\/1188\/revisions"}],"predecessor-version":[{"id":1190,"href":"https:\/\/www2.unifap.br\/audint\/wp-json\/wp\/v2\/pages\/1188\/revisions\/1190"}],"up":[{"embeddable":true,"href":"https:\/\/www2.unifap.br\/audint\/wp-json\/wp\/v2\/pages\/1040"}],"wp:attachment":[{"href":"https:\/\/www2.unifap.br\/audint\/wp-json\/wp\/v2\/media?parent=1188"}],"curies":[{"name":"wp","href":"https:\/\/api.w.org\/{rel}","templated":true}]}}