{"id":1205,"date":"2021-12-27T16:41:58","date_gmt":"2021-12-27T16:41:58","guid":{"rendered":"http:\/\/www2.unifap.br\/audint\/?page_id=1205"},"modified":"2021-12-27T16:41:58","modified_gmt":"2021-12-27T16:41:58","slug":"2021-003-relatorio-de-auditoria-transparencia-na-relacao-entre-a-unifap-e-as-fundacoes-de-apoio","status":"publish","type":"page","link":"https:\/\/www2.unifap.br\/audint\/auditorias\/2021-2\/2021-003-relatorio-de-auditoria-transparencia-na-relacao-entre-a-unifap-e-as-fundacoes-de-apoio\/","title":{"rendered":"2021\/003 \u2013 Relat\u00f3rio de Auditoria \u2013 Transpar\u00eancia na rela\u00e7\u00e3o entre a Unifap e as Funda\u00e7\u00f5es de Apoio"},"content":{"rendered":"<p>Os trabalhos tiveram por escopo a an\u00e1lise da evolu\u00e7\u00e3o no acompanhamento dos procedimentos e controles da transpar\u00eancia da rela\u00e7\u00e3o entre a Unifap e as Funda\u00e7\u00f5es de Apoio com ela relacionada , analisando os controles internos administrativos dos servi\u00e7os correspondentes a luz dos itens 9.3 e 9.4 do Ac\u00f3rd\u00e3o n\u00ba 1178\/2018 Plen\u00e1rio.<\/p>\n<p><a href=\"http:\/\/www2.unifap.br\/audint\/files\/2021\/12\/RELAT\u00d3RIO-FUNDA\u00c7\u00d5ES-DE-APOIO-2021.pdf\">RELAT\u00d3RIO &#8211; FUNDA\u00c7\u00d5ES DE APOIO 2021<\/a><\/p>\n<p>&nbsp;<\/p>\n","protected":false},"excerpt":{"rendered":"<p>Os trabalhos tiveram por escopo a an\u00e1lise da evolu\u00e7\u00e3o no acompanhamento dos procedimentos e controles da transpar\u00eancia da rela\u00e7\u00e3o entre a Unifap e as Funda\u00e7\u00f5es de Apoio com ela relacionada , analisando os controles internos administrativos dos servi\u00e7os correspondentes a luz dos itens 9.3 e 9.4 do Ac\u00f3rd\u00e3o n\u00ba 1178\/2018 Plen\u00e1rio. RELAT\u00d3RIO &#8211; FUNDA\u00c7\u00d5ES DE&#8230;<\/p>\n","protected":false},"author":3272,"featured_media":0,"parent":1145,"menu_order":3,"comment_status":"closed","ping_status":"closed","template":"","meta":{"inline_featured_image":false,"ngg_post_thumbnail":0,"footnotes":""},"class_list":["post-1205","page","type-page","status-publish","hentry","entry"],"_links":{"self":[{"href":"https:\/\/www2.unifap.br\/audint\/wp-json\/wp\/v2\/pages\/1205","targetHints":{"allow":["GET"]}}],"collection":[{"href":"https:\/\/www2.unifap.br\/audint\/wp-json\/wp\/v2\/pages"}],"about":[{"href":"https:\/\/www2.unifap.br\/audint\/wp-json\/wp\/v2\/types\/page"}],"author":[{"embeddable":true,"href":"https:\/\/www2.unifap.br\/audint\/wp-json\/wp\/v2\/users\/3272"}],"replies":[{"embeddable":true,"href":"https:\/\/www2.unifap.br\/audint\/wp-json\/wp\/v2\/comments?post=1205"}],"version-history":[{"count":1,"href":"https:\/\/www2.unifap.br\/audint\/wp-json\/wp\/v2\/pages\/1205\/revisions"}],"predecessor-version":[{"id":1209,"href":"https:\/\/www2.unifap.br\/audint\/wp-json\/wp\/v2\/pages\/1205\/revisions\/1209"}],"up":[{"embeddable":true,"href":"https:\/\/www2.unifap.br\/audint\/wp-json\/wp\/v2\/pages\/1145"}],"wp:attachment":[{"href":"https:\/\/www2.unifap.br\/audint\/wp-json\/wp\/v2\/media?parent=1205"}],"curies":[{"name":"wp","href":"https:\/\/api.w.org\/{rel}","templated":true}]}}