{"id":122,"date":"2016-03-18T20:35:13","date_gmt":"2016-03-18T20:35:13","guid":{"rendered":"http:\/\/www2.unifap.br\/audint\/?page_id=122"},"modified":"2026-03-23T14:35:16","modified_gmt":"2026-03-23T14:35:16","slug":"monitoramento","status":"publish","type":"page","link":"https:\/\/www2.unifap.br\/audint\/monitoramento\/","title":{"rendered":"MONITORAMENTO"},"content":{"rendered":"<p>Nesta p\u00e1gina \u00e9 publicado o quadro das recomenda\u00e7\u00f5es emitidas pela Audint\/Unifap que est\u00e3o em monitoramento por esta unidade, atendendo ao <a href=\"https:\/\/pesquisa.apps.tcu.gov.br\/redireciona\/acordao-completo\/ACORDAO-COMPLETO-2583754\">Ac\u00f3rd\u00e3o n\u00ba 843\/2023-TCU-Plen\u00e1rio<\/a>.<\/p>\n<p><a href=\"http:\/\/www2.unifap.br\/audint\/files\/2025\/12\/2025.DEZ-RECOMENDACOES-AUDINT-ACORDAO-No-843-2023.xlsx-Status-das-recomendacoes.pdf\" target=\"_blank\" rel=\"noopener\">Recomenda\u00e7\u00f5es emitidas pela Audint\/Unifap em monitoramento &#8211; Atualizado em 22\/12\/2025<\/a><\/p>\n","protected":false},"excerpt":{"rendered":"<p>Nesta p\u00e1gina \u00e9 publicado o quadro das recomenda\u00e7\u00f5es emitidas pela Audint\/Unifap que est\u00e3o em monitoramento por esta unidade, atendendo ao Ac\u00f3rd\u00e3o n\u00ba 843\/2023-TCU-Plen\u00e1rio. Recomenda\u00e7\u00f5es emitidas pela Audint\/Unifap em monitoramento &#8211; Atualizado em 22\/12\/2025<\/p>\n","protected":false},"author":205,"featured_media":0,"parent":0,"menu_order":6,"comment_status":"closed","ping_status":"closed","template":"","meta":{"inline_featured_image":false,"ngg_post_thumbnail":0,"footnotes":""},"class_list":["post-122","page","type-page","status-publish","hentry","entry"],"_links":{"self":[{"href":"https:\/\/www2.unifap.br\/audint\/wp-json\/wp\/v2\/pages\/122","targetHints":{"allow":["GET"]}}],"collection":[{"href":"https:\/\/www2.unifap.br\/audint\/wp-json\/wp\/v2\/pages"}],"about":[{"href":"https:\/\/www2.unifap.br\/audint\/wp-json\/wp\/v2\/types\/page"}],"author":[{"embeddable":true,"href":"https:\/\/www2.unifap.br\/audint\/wp-json\/wp\/v2\/users\/205"}],"replies":[{"embeddable":true,"href":"https:\/\/www2.unifap.br\/audint\/wp-json\/wp\/v2\/comments?post=122"}],"version-history":[{"count":13,"href":"https:\/\/www2.unifap.br\/audint\/wp-json\/wp\/v2\/pages\/122\/revisions"}],"predecessor-version":[{"id":1823,"href":"https:\/\/www2.unifap.br\/audint\/wp-json\/wp\/v2\/pages\/122\/revisions\/1823"}],"wp:attachment":[{"href":"https:\/\/www2.unifap.br\/audint\/wp-json\/wp\/v2\/media?parent=122"}],"curies":[{"name":"wp","href":"https:\/\/api.w.org\/{rel}","templated":true}]}}