{"id":1462,"date":"2022-07-27T11:52:53","date_gmt":"2022-07-27T11:52:53","guid":{"rendered":"https:\/\/www2.unifap.br\/audint\/?page_id=1462"},"modified":"2022-07-27T11:56:46","modified_gmt":"2022-07-27T11:56:46","slug":"in-no-05-de-27-08-2021-sfc-cgu","status":"publish","type":"page","link":"https:\/\/www2.unifap.br\/audint\/legislacao\/instrucoes-normativas\/in-no-05-de-27-08-2021-sfc-cgu\/","title":{"rendered":"IN n\u00ba 05, de 27\/08\/2021 &#8211; SFC\/CGU"},"content":{"rendered":"<p><a href=\"https:\/\/www.in.gov.br\/web\/dou\/-\/instrucao-normativa-n-5-de-27-de-agosto-de-2021-342352374\" target=\"_blank\" rel=\"noopener\">INSTRU\u00c7\u00c3O NORMATIVA N\u00ba 5, DE 27 DE AGOSTO DE 2021<\/a> &#8211; Disp\u00f5e sobre o Plano Anual de Auditoria Interna, sobre o Relat\u00f3rio Anual de Atividades de Auditoria Interna e sobre o parecer sobre a presta\u00e7\u00e3o de contas da entidade das unidades de auditoria interna governamental sujeitas \u00e0 supervis\u00e3o t\u00e9cnica do Sistema de Controle Interno do Poder Executivo Federal.<\/p>\n","protected":false},"excerpt":{"rendered":"<p>INSTRU\u00c7\u00c3O NORMATIVA N\u00ba 5, DE 27 DE AGOSTO DE 2021 &#8211; Disp\u00f5e sobre o Plano Anual de Auditoria Interna, sobre o Relat\u00f3rio Anual de Atividades de Auditoria Interna e sobre o parecer sobre a presta\u00e7\u00e3o de contas da entidade das unidades de auditoria interna governamental sujeitas \u00e0 supervis\u00e3o t\u00e9cnica do Sistema de Controle Interno do&#8230;<\/p>\n","protected":false},"author":3273,"featured_media":0,"parent":149,"menu_order":4,"comment_status":"closed","ping_status":"closed","template":"","meta":{"inline_featured_image":false,"ngg_post_thumbnail":0,"footnotes":""},"class_list":["post-1462","page","type-page","status-publish","hentry","entry"],"_links":{"self":[{"href":"https:\/\/www2.unifap.br\/audint\/wp-json\/wp\/v2\/pages\/1462","targetHints":{"allow":["GET"]}}],"collection":[{"href":"https:\/\/www2.unifap.br\/audint\/wp-json\/wp\/v2\/pages"}],"about":[{"href":"https:\/\/www2.unifap.br\/audint\/wp-json\/wp\/v2\/types\/page"}],"author":[{"embeddable":true,"href":"https:\/\/www2.unifap.br\/audint\/wp-json\/wp\/v2\/users\/3273"}],"replies":[{"embeddable":true,"href":"https:\/\/www2.unifap.br\/audint\/wp-json\/wp\/v2\/comments?post=1462"}],"version-history":[{"count":4,"href":"https:\/\/www2.unifap.br\/audint\/wp-json\/wp\/v2\/pages\/1462\/revisions"}],"predecessor-version":[{"id":1468,"href":"https:\/\/www2.unifap.br\/audint\/wp-json\/wp\/v2\/pages\/1462\/revisions\/1468"}],"up":[{"embeddable":true,"href":"https:\/\/www2.unifap.br\/audint\/wp-json\/wp\/v2\/pages\/149"}],"wp:attachment":[{"href":"https:\/\/www2.unifap.br\/audint\/wp-json\/wp\/v2\/media?parent=1462"}],"curies":[{"name":"wp","href":"https:\/\/api.w.org\/{rel}","templated":true}]}}