{"id":1516,"date":"2022-10-13T15:14:03","date_gmt":"2022-10-13T15:14:03","guid":{"rendered":"https:\/\/www2.unifap.br\/audint\/?page_id=1516"},"modified":"2022-10-13T15:14:03","modified_gmt":"2022-10-13T15:14:03","slug":"2022-003-relatorio-de-consultoria-avaliacoes-sinaes","status":"publish","type":"page","link":"https:\/\/www2.unifap.br\/audint\/auditorias\/2022-2\/2022-003-relatorio-de-consultoria-avaliacoes-sinaes\/","title":{"rendered":"2022\/003 &#8211; Relat\u00f3rio de Consultoria &#8211; Avalia\u00e7\u00f5es SINAES"},"content":{"rendered":"<p>No per\u00edodo de agosto a outubro de 2022, a Audint realizou a a\u00e7\u00e3o de consultoria do tipo &#8220;Assessoramento\/Aconselhamento&#8221; ao Departamento de Avalia\u00e7\u00e3o Institucional &#8211; DEAVI\/PROPLAN.<\/p>\n<p>O escopo da a\u00e7\u00e3o foi a &#8220;Avalia\u00e7\u00e3o Interna e Externa dos Cursos&#8221;, conforme legisla\u00e7\u00e3o que instituiu o Sistema Nacional de Avalia\u00e7\u00e3o da Educa\u00e7\u00e3o Superior &#8211; SINAES (Lei 10.861\/2004).<\/p>\n<p>O relat\u00f3rio final com os produtos desenvolvidos e o mapeamento de riscos foi encaminhado ao DEAVI para fins de registro dos trabalhos e an\u00e1lise interna das a\u00e7\u00f5es.<\/p>\n","protected":false},"excerpt":{"rendered":"<p>No per\u00edodo de agosto a outubro de 2022, a Audint realizou a a\u00e7\u00e3o de consultoria do tipo &#8220;Assessoramento\/Aconselhamento&#8221; ao Departamento de Avalia\u00e7\u00e3o Institucional &#8211; DEAVI\/PROPLAN. O escopo da a\u00e7\u00e3o foi a &#8220;Avalia\u00e7\u00e3o Interna e Externa dos Cursos&#8221;, conforme legisla\u00e7\u00e3o que instituiu o Sistema Nacional de Avalia\u00e7\u00e3o da Educa\u00e7\u00e3o Superior &#8211; SINAES (Lei 10.861\/2004). O relat\u00f3rio&#8230;<\/p>\n","protected":false},"author":3273,"featured_media":0,"parent":1421,"menu_order":0,"comment_status":"closed","ping_status":"closed","template":"","meta":{"inline_featured_image":false,"ngg_post_thumbnail":0,"footnotes":""},"class_list":["post-1516","page","type-page","status-publish","hentry","entry"],"_links":{"self":[{"href":"https:\/\/www2.unifap.br\/audint\/wp-json\/wp\/v2\/pages\/1516","targetHints":{"allow":["GET"]}}],"collection":[{"href":"https:\/\/www2.unifap.br\/audint\/wp-json\/wp\/v2\/pages"}],"about":[{"href":"https:\/\/www2.unifap.br\/audint\/wp-json\/wp\/v2\/types\/page"}],"author":[{"embeddable":true,"href":"https:\/\/www2.unifap.br\/audint\/wp-json\/wp\/v2\/users\/3273"}],"replies":[{"embeddable":true,"href":"https:\/\/www2.unifap.br\/audint\/wp-json\/wp\/v2\/comments?post=1516"}],"version-history":[{"count":1,"href":"https:\/\/www2.unifap.br\/audint\/wp-json\/wp\/v2\/pages\/1516\/revisions"}],"predecessor-version":[{"id":1517,"href":"https:\/\/www2.unifap.br\/audint\/wp-json\/wp\/v2\/pages\/1516\/revisions\/1517"}],"up":[{"embeddable":true,"href":"https:\/\/www2.unifap.br\/audint\/wp-json\/wp\/v2\/pages\/1421"}],"wp:attachment":[{"href":"https:\/\/www2.unifap.br\/audint\/wp-json\/wp\/v2\/media?parent=1516"}],"curies":[{"name":"wp","href":"https:\/\/api.w.org\/{rel}","templated":true}]}}