{"id":1608,"date":"2023-01-17T18:57:09","date_gmt":"2023-01-17T18:57:09","guid":{"rendered":"https:\/\/www2.unifap.br\/audint\/?page_id=1608"},"modified":"2026-03-23T14:45:26","modified_gmt":"2026-03-23T14:45:26","slug":"programa-de-gestao-audint","status":"publish","type":"page","link":"https:\/\/www2.unifap.br\/audint\/programa-de-gestao-audint\/","title":{"rendered":"PROGRAMA DE GEST\u00c3O E DESEMPENHO AUDINT"},"content":{"rendered":"<h3>PROGRAMA DE GEST\u00c3O E DESEMPENHO<\/h3>\n<h3>CICLO 2026<\/h3>\n<p>O PGD\/Audint est\u00e1 autorizado pela <a href=\"http:\/\/www2.unifap.br\/audint\/files\/2025\/06\/portaria-22.pdf\" target=\"_blank\" rel=\"noopener\">Portaria n\u00ba 0742\/2025-UNIFAP<\/a>, aderido atrav\u00e9s do processo eletr\u00f4nico n\u00ba 23125.007774\/2025-17.<\/p>\n<p>O PGD\/AUDINT \u00e9 gerido atrav\u00e9s do Sistema Petrvs, no qual s\u00e3o cadastrados os Planos de Entrega, Planos de Trabalho e Registros de Execu\u00e7\u00e3o do Programa de Gest\u00e3o e Desempenho, conforme os orientativos emitidos pela institui\u00e7\u00e3o.<\/p>\n<h3>CICLO 2025<\/h3>\n<p>O PGD\/Audint est\u00e1 autorizado pela <a href=\"http:\/\/www2.unifap.br\/audint\/files\/2025\/06\/portaria-22.pdf\" target=\"_blank\" rel=\"noopener\">Portaria n\u00ba 0742\/2025-UNIFAP<\/a>, aderido atrav\u00e9s do processo eletr\u00f4nico n\u00ba 23125.007774\/2025-17 e gerido atrav\u00e9s do Sistema Petrvs, no qual s\u00e3o cadastrados os Planos de Entrega, Planos de Trabalho e Registros de Execu\u00e7\u00e3o do Programa de Gest\u00e3o e Desempenho.<\/p>\n<p>O Programa de Gest\u00e3o e Desempenho \u00e9 regulado pelos seguintes normativos:<\/p>\n<ul>\n<li>Decreto n\u00ba 11.072, de 17 de maio de 2022;<\/li>\n<li>Instru\u00e7\u00e3o Normativa Conjunta SEGES-SGPRT\/MGI n\u00ba 24, de 28 de julho de 2023;<\/li>\n<li>Instru\u00e7\u00e3o Normativa Conjunta SGP-SRT-SEGES\/MGI n\u00ba 52, de 21 de dezembro de 2023;<\/li>\n<li>Portaria n\u00ba 1824\/2024-UNIFAP, de 27\/11\/2024.<\/li>\n<\/ul>\n<h3>CICLO 2024<\/h3>\n<p>Plano de entregas no Sistema SGD.<\/p>\n<h3>CICLO 2023<\/h3>\n<p>O Programa de Gest\u00e3o est\u00e1 institu\u00eddo na Unifap atrav\u00e9s da Portaria n\u00ba 0818\/2022-Unifap. A unidade de Auditoria Interna &#8211; Audint aderiu ao PGD atrav\u00e9s do Processo n\u00ba <span style=\"font-weight: 400\">23125.031203\/2022-97.<\/span><\/p>\n<h3>Editais 2023<\/h3>\n<p>18\/01\/2023 &#8211; <a href=\"http:\/\/www2.unifap.br\/audint\/files\/2023\/01\/EDITAL-DE-SELECAO-PGD-No-01-2023-AUDINT.pdf\" target=\"_blank\" rel=\"noopener\">EDITAL DO PROGRAMA DE GEST\u00c3O N\u00ba 01\/2023<\/a><\/p>\n<p>19\/01\/2023 &#8211; <a href=\"http:\/\/www2.unifap.br\/audint\/files\/2023\/01\/EDITAL-DE-RESULTADO-PGD-No-02-2023-AUDINT-2.pdf\" target=\"_blank\" rel=\"noopener\">RESULTADO DO EDITAL PGD N\u00ba 01\/2023 <\/a><\/p>\n<h3>Legisla\u00e7\u00e3o e Normas<\/h3>\n<p><a href=\"http:\/\/www2.unifap.br\/audint\/files\/2023\/01\/PORTARIA-0818-2022-UNIFAP.pdf\" target=\"_blank\" rel=\"noopener\">Portaria n\u00ba 0818-2022-UNIFAP<\/a><\/p>\n<p><a href=\"http:\/\/www.planalto.gov.br\/ccivil_03\/_ato2019-2022\/2022\/decreto\/D11072.htm\" target=\"_blank\" rel=\"noopener\">Decreto n\u00ba 11.072, de 17 de maio de 2022<\/a> &#8211; Disp\u00f5e sobre o Programa de Gest\u00e3o e Desempenho &#8211; PGD da administra\u00e7\u00e3o p\u00fablica federal direta, aut\u00e1rquica e fundacional.<\/p>\n","protected":false},"excerpt":{"rendered":"<p>PROGRAMA DE GEST\u00c3O E DESEMPENHO CICLO 2026 O PGD\/Audint est\u00e1 autorizado pela Portaria n\u00ba 0742\/2025-UNIFAP, aderido atrav\u00e9s do processo eletr\u00f4nico n\u00ba 23125.007774\/2025-17. O PGD\/AUDINT \u00e9 gerido atrav\u00e9s do Sistema Petrvs, no qual s\u00e3o cadastrados os Planos de Entrega, Planos de Trabalho e Registros de Execu\u00e7\u00e3o do Programa de Gest\u00e3o e Desempenho, conforme os orientativos emitidos&#8230;<\/p>\n","protected":false},"author":3273,"featured_media":0,"parent":0,"menu_order":0,"comment_status":"closed","ping_status":"closed","template":"","meta":{"inline_featured_image":false,"ngg_post_thumbnail":0,"footnotes":""},"class_list":["post-1608","page","type-page","status-publish","hentry","entry"],"_links":{"self":[{"href":"https:\/\/www2.unifap.br\/audint\/wp-json\/wp\/v2\/pages\/1608","targetHints":{"allow":["GET"]}}],"collection":[{"href":"https:\/\/www2.unifap.br\/audint\/wp-json\/wp\/v2\/pages"}],"about":[{"href":"https:\/\/www2.unifap.br\/audint\/wp-json\/wp\/v2\/types\/page"}],"author":[{"embeddable":true,"href":"https:\/\/www2.unifap.br\/audint\/wp-json\/wp\/v2\/users\/3273"}],"replies":[{"embeddable":true,"href":"https:\/\/www2.unifap.br\/audint\/wp-json\/wp\/v2\/comments?post=1608"}],"version-history":[{"count":23,"href":"https:\/\/www2.unifap.br\/audint\/wp-json\/wp\/v2\/pages\/1608\/revisions"}],"predecessor-version":[{"id":1827,"href":"https:\/\/www2.unifap.br\/audint\/wp-json\/wp\/v2\/pages\/1608\/revisions\/1827"}],"wp:attachment":[{"href":"https:\/\/www2.unifap.br\/audint\/wp-json\/wp\/v2\/media?parent=1608"}],"curies":[{"name":"wp","href":"https:\/\/api.w.org\/{rel}","templated":true}]}}