{"id":1744,"date":"2024-08-07T14:40:14","date_gmt":"2024-08-07T14:40:14","guid":{"rendered":"https:\/\/www2.unifap.br\/audint\/?page_id=1744"},"modified":"2026-03-23T14:24:35","modified_gmt":"2026-03-23T14:24:35","slug":"sistema-e-cgu","status":"publish","type":"page","link":"https:\/\/www2.unifap.br\/audint\/sistema-e-cgu\/","title":{"rendered":"SISTEMA E-CGU"},"content":{"rendered":"<p>A Audint est\u00e1 em processo de ades\u00e3o ao sistema e-CGU, em atendimento ao <a href=\"https:\/\/pesquisa.apps.tcu.gov.br\/documento\/acordao-completo\/*\/NUMACORDAO%253A843%2520ANOACORDAO%253A2023%2520COLEGIADO%253A%2522Plen%25C3%25A1rio%2522\/DTRELEVANCIA%2520desc%252C%2520NUMACORDAOINT%2520desc\/0\"><span style=\"font-weight: 400\">Ac\u00f3rd\u00e3o n\u00ba 843\/2023-TCU-Plen\u00e1rio<\/span><\/a> e aos requisitos de atendimento \u00e0 Avalia\u00e7\u00e3o IA-CM.<\/p>\n<p>Neste sentido, abaixo constam as instru\u00e7\u00f5es de acesso ao sistema, disponibilizados pela Controladoria-Geral da Uni\u00e3o &#8211; CGU.<\/p>\n<ul>\n<li><a href=\"https:\/\/ecgu.cgu.gov.br\/\" target=\"_blank\" rel=\"noopener\">Sistema e-CGU<\/a><\/li>\n<li><a href=\"http:\/\/www2.unifap.br\/audint\/files\/2024\/08\/e-Aud-Guia-de-Acesso-ao-Sistema.pdf\" target=\"_blank\" rel=\"noopener\">Guia de acesso ao sistema (CGU)<\/a><\/li>\n<li><a href=\"https:\/\/www.youtube.com\/watch?v=_6WrBdpmEZM&amp;list=PLfcgNxuoKmUEwHu81ojEcE2j190Y1TW66&amp;index=3\"><span style=\"font-weight: 400\">Conceitos b\u00e1sicos do sistema e-Aud: navegando pelo sistema<\/span><\/a><\/li>\n<li><a href=\"https:\/\/www.youtube.com\/watch?v=-C1nHj5UDMk&amp;list=PLfcgNxuoKmUEjONWBVbLW2S8PRJHFgVfx&amp;index=7\"><span style=\"font-weight: 400\">Comunica\u00e7\u00f5es e Auditoria e Monitoramento de Recomenda\u00e7\u00f5es no e-Aud (vis\u00e3o gestor)<\/span><\/a><\/li>\n<li><a href=\"https:\/\/www.youtube.com\/watch?v=lH904SerXvI\"><span style=\"font-weight: 400\">Capacita\u00e7\u00e3o sobre o uso do sistema e-Aud para gestores federais<\/span><\/a><\/li>\n<\/ul>\n<p>Guia de acesso ao e-CGU, desenvolvido pela equipe da Audint\/Unifap.<\/p>\n<ul>\n<li><a href=\"http:\/\/www2.unifap.br\/audint\/files\/2025\/09\/Guia-rapido-de-acesso-ao-e-CGU-Audint-Unifap-A4-1.pdf\" target=\"_blank\" rel=\"noopener\">Guia r\u00e1pido de acesso ao e-CGU (Audint\/Unifap)<\/a><\/li>\n<\/ul>\n","protected":false},"excerpt":{"rendered":"<p>A Audint est\u00e1 em processo de ades\u00e3o ao sistema e-CGU, em atendimento ao Ac\u00f3rd\u00e3o n\u00ba 843\/2023-TCU-Plen\u00e1rio e aos requisitos de atendimento \u00e0 Avalia\u00e7\u00e3o IA-CM. Neste sentido, abaixo constam as instru\u00e7\u00f5es de acesso ao sistema, disponibilizados pela Controladoria-Geral da Uni\u00e3o &#8211; CGU. Sistema e-CGU Guia de acesso ao sistema (CGU) Conceitos b\u00e1sicos do sistema e-Aud: navegando&#8230;<\/p>\n","protected":false},"author":3273,"featured_media":0,"parent":0,"menu_order":0,"comment_status":"closed","ping_status":"closed","template":"","meta":{"inline_featured_image":false,"ngg_post_thumbnail":0,"footnotes":""},"class_list":["post-1744","page","type-page","status-publish","hentry","entry"],"_links":{"self":[{"href":"https:\/\/www2.unifap.br\/audint\/wp-json\/wp\/v2\/pages\/1744","targetHints":{"allow":["GET"]}}],"collection":[{"href":"https:\/\/www2.unifap.br\/audint\/wp-json\/wp\/v2\/pages"}],"about":[{"href":"https:\/\/www2.unifap.br\/audint\/wp-json\/wp\/v2\/types\/page"}],"author":[{"embeddable":true,"href":"https:\/\/www2.unifap.br\/audint\/wp-json\/wp\/v2\/users\/3273"}],"replies":[{"embeddable":true,"href":"https:\/\/www2.unifap.br\/audint\/wp-json\/wp\/v2\/comments?post=1744"}],"version-history":[{"count":7,"href":"https:\/\/www2.unifap.br\/audint\/wp-json\/wp\/v2\/pages\/1744\/revisions"}],"predecessor-version":[{"id":1816,"href":"https:\/\/www2.unifap.br\/audint\/wp-json\/wp\/v2\/pages\/1744\/revisions\/1816"}],"wp:attachment":[{"href":"https:\/\/www2.unifap.br\/audint\/wp-json\/wp\/v2\/media?parent=1744"}],"curies":[{"name":"wp","href":"https:\/\/api.w.org\/{rel}","templated":true}]}}