{"id":215,"date":"2016-03-23T19:14:51","date_gmt":"2016-03-23T19:14:51","guid":{"rendered":"http:\/\/www2.unifap.br\/audint\/?page_id=215"},"modified":"2022-07-27T12:51:08","modified_gmt":"2022-07-27T12:51:08","slug":"lei-12-772-de-28122012","status":"publish","type":"page","link":"https:\/\/www2.unifap.br\/audint\/legislacao\/leis\/lei-12-772-de-28122012\/","title":{"rendered":"12.772\/12"},"content":{"rendered":"<p style=\"text-align: justify\"><a href=\"http:\/\/www.planalto.gov.br\/ccivil_03\/_ato2011-2014\/2012\/lei\/l12772.htm\">LEI N\u00ba 12.772, DE 28 DE DEZEMBRO DE 2012<\/a> &#8211; Disp\u00f5e sobre a estrutura\u00e7\u00e3o do Plano de Carreiras e Cargos de Magist\u00e9rio Federal; sobre a Carreira do Magist\u00e9rio Superior, de que trata a Lei n<span style=\"text-decoration: underline\"><sup>o<\/sup><\/span>&nbsp;7.596, de 10 de abril de 1987; sobre o Plano de Carreira e Cargos de Magist\u00e9rio do Ensino B\u00e1sico, T\u00e9cnico e Tecnol\u00f3gico e sobre o Plano de Carreiras de Magist\u00e9rio do Ensino B\u00e1sico Federal, de que trata a Lei n<span style=\"text-decoration: underline\"><sup>o<\/sup><\/span>&nbsp;11.784, de 22 de setembro de 2008; sobre a contrata\u00e7\u00e3o de professores substitutos, visitantes e estrangeiros, de que trata a Lei n<span style=\"text-decoration: underline\"><sup>o<\/sup><\/span>&nbsp;8.745 de 9 de dezembro de 1993; sobre a remunera\u00e7\u00e3o das Carreiras e Planos Especiais do Instituto Nacional de Estudos e Pesquisas Educacionais An\u00edsio Teixeira e do Fundo Nacional de Desenvolvimento da Educa\u00e7\u00e3o, de que trata a Lei n<span style=\"text-decoration: underline\"><sup>o<\/sup><\/span>&nbsp;11.357, de 19 de outubro de 2006; altera remunera\u00e7\u00e3o do Plano de Cargos T\u00e9cnico-Administrativos em Educa\u00e7\u00e3o; altera as Leis n<span style=\"text-decoration: underline\"><sup>os<\/sup><\/span>&nbsp;8.745, de 9 de dezembro de 1993, 11.784, de 22 de setembro de 2008, 11.091, de 12 de janeiro de 2005, 11.892, de 29 de dezembro de 2008, 11.357, de 19 de outubro de 2006, 11.344, de 8 de setembro de 2006, 12.702, de 7 de agosto de 2012, e 8.168, de 16 de janeiro de 1991; revoga o art. 4<span style=\"text-decoration: underline\"><sup>o<\/sup><\/span>&nbsp;da Lei n<span style=\"text-decoration: underline\"><sup>o<\/sup><\/span>&nbsp;12.677, de 25 de junho de 2012; e d\u00e1 outras provid\u00eancias.<\/p>\n<p style=\"text-align: justify\">&nbsp;<\/p>\n","protected":false},"excerpt":{"rendered":"<p>LEI N\u00ba 12.772, DE 28 DE DEZEMBRO DE 2012 &#8211; Disp\u00f5e sobre a estrutura\u00e7\u00e3o do Plano de Carreiras e Cargos de Magist\u00e9rio Federal; sobre a Carreira do Magist\u00e9rio Superior, de que trata a Lei no&nbsp;7.596, de 10 de abril de 1987; sobre o Plano de Carreira e Cargos de Magist\u00e9rio do Ensino B\u00e1sico, T\u00e9cnico e&#8230;<\/p>\n","protected":false},"author":852,"featured_media":0,"parent":143,"menu_order":2,"comment_status":"open","ping_status":"open","template":"","meta":{"inline_featured_image":false,"ngg_post_thumbnail":0,"footnotes":""},"class_list":["post-215","page","type-page","status-publish","hentry","entry"],"_links":{"self":[{"href":"https:\/\/www2.unifap.br\/audint\/wp-json\/wp\/v2\/pages\/215","targetHints":{"allow":["GET"]}}],"collection":[{"href":"https:\/\/www2.unifap.br\/audint\/wp-json\/wp\/v2\/pages"}],"about":[{"href":"https:\/\/www2.unifap.br\/audint\/wp-json\/wp\/v2\/types\/page"}],"author":[{"embeddable":true,"href":"https:\/\/www2.unifap.br\/audint\/wp-json\/wp\/v2\/users\/852"}],"replies":[{"embeddable":true,"href":"https:\/\/www2.unifap.br\/audint\/wp-json\/wp\/v2\/comments?post=215"}],"version-history":[{"count":9,"href":"https:\/\/www2.unifap.br\/audint\/wp-json\/wp\/v2\/pages\/215\/revisions"}],"predecessor-version":[{"id":1476,"href":"https:\/\/www2.unifap.br\/audint\/wp-json\/wp\/v2\/pages\/215\/revisions\/1476"}],"up":[{"embeddable":true,"href":"https:\/\/www2.unifap.br\/audint\/wp-json\/wp\/v2\/pages\/143"}],"wp:attachment":[{"href":"https:\/\/www2.unifap.br\/audint\/wp-json\/wp\/v2\/media?parent=215"}],"curies":[{"name":"wp","href":"https:\/\/api.w.org\/{rel}","templated":true}]}}