{"id":235,"date":"2016-03-23T19:38:24","date_gmt":"2016-03-23T19:38:24","guid":{"rendered":"http:\/\/www2.unifap.br\/audint\/?page_id=235"},"modified":"2022-08-01T13:40:36","modified_gmt":"2022-08-01T13:40:36","slug":"no-1-171-de-22061994","status":"publish","type":"page","link":"https:\/\/www2.unifap.br\/audint\/legislacao\/decretos\/no-1-171-de-22061994\/","title":{"rendered":"1.171\/1994"},"content":{"rendered":"<p><a href=\"http:\/\/www.planalto.gov.br\/ccivil_03\/decreto\/d1171.htm#:~:text=DECRETO%20N%C2%BA%201.171%2C%20DE%2022,Constitui%C3%A7%C3%A3o%2C%20bem%20como%20nos%20arts.\" target=\"_blank\" rel=\"noopener\">DECRETO N\u00ba 1.171, DE 22 DE JUNHO DE 1994<\/a> &#8211; Aprova o C\u00f3digo de \u00c9tica Profissional do Servidor P\u00fablico Civil do Poder Executivo Federal.<\/p>\n","protected":false},"excerpt":{"rendered":"<p>DECRETO N\u00ba 1.171, DE 22 DE JUNHO DE 1994 &#8211; Aprova o C\u00f3digo de \u00c9tica Profissional do Servidor P\u00fablico Civil do Poder Executivo Federal.<\/p>\n","protected":false},"author":852,"featured_media":0,"parent":145,"menu_order":1,"comment_status":"closed","ping_status":"closed","template":"","meta":{"inline_featured_image":false,"ngg_post_thumbnail":0,"footnotes":""},"class_list":["post-235","page","type-page","status-publish","hentry","entry"],"_links":{"self":[{"href":"https:\/\/www2.unifap.br\/audint\/wp-json\/wp\/v2\/pages\/235","targetHints":{"allow":["GET"]}}],"collection":[{"href":"https:\/\/www2.unifap.br\/audint\/wp-json\/wp\/v2\/pages"}],"about":[{"href":"https:\/\/www2.unifap.br\/audint\/wp-json\/wp\/v2\/types\/page"}],"author":[{"embeddable":true,"href":"https:\/\/www2.unifap.br\/audint\/wp-json\/wp\/v2\/users\/852"}],"replies":[{"embeddable":true,"href":"https:\/\/www2.unifap.br\/audint\/wp-json\/wp\/v2\/comments?post=235"}],"version-history":[{"count":4,"href":"https:\/\/www2.unifap.br\/audint\/wp-json\/wp\/v2\/pages\/235\/revisions"}],"predecessor-version":[{"id":1490,"href":"https:\/\/www2.unifap.br\/audint\/wp-json\/wp\/v2\/pages\/235\/revisions\/1490"}],"up":[{"embeddable":true,"href":"https:\/\/www2.unifap.br\/audint\/wp-json\/wp\/v2\/pages\/145"}],"wp:attachment":[{"href":"https:\/\/www2.unifap.br\/audint\/wp-json\/wp\/v2\/media?parent=235"}],"curies":[{"name":"wp","href":"https:\/\/api.w.org\/{rel}","templated":true}]}}