{"id":246,"date":"2016-03-23T20:12:42","date_gmt":"2016-03-23T20:12:42","guid":{"rendered":"http:\/\/www2.unifap.br\/audint\/?page_id=246"},"modified":"2022-08-01T13:34:10","modified_gmt":"2022-08-01T13:34:10","slug":"8-443-de-16071992","status":"publish","type":"page","link":"https:\/\/www2.unifap.br\/audint\/legislacao\/leis\/8-443-de-16071992\/","title":{"rendered":"8.443\/1992"},"content":{"rendered":"<p><a href=\"http:\/\/www.planalto.gov.br\/ccivil_03\/leis\/l8443.htm#:~:text=Lei%20N%C2%BA%208.443%2C%20DE%2016%20DE%20JULHO%20DE%201992.&amp;text=Disp%C3%B5e%20sobre%20a%20Lei%20Org%C3%A2nica,Uni%C3%A3o%20e%20d%C3%A1%20outras%20provid%C3%AAncias.\" target=\"_blank\" rel=\"noopener\">Lei N\u00ba 8.443, DE 16 DE JULHO DE 1992<\/a> &#8211; Disp\u00f5e sobre a Lei Org\u00e2nica do Tribunal de Contas da Uni\u00e3o e d\u00e1 outras provid\u00eancias.<\/p>\n","protected":false},"excerpt":{"rendered":"<p>Lei N\u00ba 8.443, DE 16 DE JULHO DE 1992 &#8211; Disp\u00f5e sobre a Lei Org\u00e2nica do Tribunal de Contas da Uni\u00e3o e d\u00e1 outras provid\u00eancias.<\/p>\n","protected":false},"author":852,"featured_media":0,"parent":143,"menu_order":7,"comment_status":"open","ping_status":"open","template":"","meta":{"inline_featured_image":false,"ngg_post_thumbnail":0,"footnotes":""},"class_list":["post-246","page","type-page","status-publish","hentry","entry"],"_links":{"self":[{"href":"https:\/\/www2.unifap.br\/audint\/wp-json\/wp\/v2\/pages\/246","targetHints":{"allow":["GET"]}}],"collection":[{"href":"https:\/\/www2.unifap.br\/audint\/wp-json\/wp\/v2\/pages"}],"about":[{"href":"https:\/\/www2.unifap.br\/audint\/wp-json\/wp\/v2\/types\/page"}],"author":[{"embeddable":true,"href":"https:\/\/www2.unifap.br\/audint\/wp-json\/wp\/v2\/users\/852"}],"replies":[{"embeddable":true,"href":"https:\/\/www2.unifap.br\/audint\/wp-json\/wp\/v2\/comments?post=246"}],"version-history":[{"count":5,"href":"https:\/\/www2.unifap.br\/audint\/wp-json\/wp\/v2\/pages\/246\/revisions"}],"predecessor-version":[{"id":1485,"href":"https:\/\/www2.unifap.br\/audint\/wp-json\/wp\/v2\/pages\/246\/revisions\/1485"}],"up":[{"embeddable":true,"href":"https:\/\/www2.unifap.br\/audint\/wp-json\/wp\/v2\/pages\/143"}],"wp:attachment":[{"href":"https:\/\/www2.unifap.br\/audint\/wp-json\/wp\/v2\/media?parent=246"}],"curies":[{"name":"wp","href":"https:\/\/api.w.org\/{rel}","templated":true}]}}