{"id":353,"date":"2016-05-27T19:47:37","date_gmt":"2016-05-27T19:47:37","guid":{"rendered":"http:\/\/www2.unifap.br\/audint\/?page_id=353"},"modified":"2016-06-01T14:17:49","modified_gmt":"2016-06-01T14:17:49","slug":"2016003-concessao-de-diarias","status":"publish","type":"page","link":"https:\/\/www2.unifap.br\/audint\/auditorias\/auditoria_2016\/2016003-concessao-de-diarias\/","title":{"rendered":"2016\/003 &#8211; Concess\u00e3o de Di\u00e1rias"},"content":{"rendered":"<h2><a href=\"http:\/\/www2.unifap.br\/audint\/files\/2016\/05\/Relat\u00f3rio-de-Auditoria-Concess\u00e3o-de-Di\u00e1rias.pdf\"><a href=\"http:\/\/www2.unifap.br\/audint\/files\/2016\/05\/Relat\u00f3rio-de-Auditoria-Concess\u00e3o-de-Di\u00e1rias.pdf\">Relat\u00f3rio de Auditoria &#8211; Concess\u00e3o de Di\u00e1rias<\/a><\/a><\/h2>\n","protected":false},"excerpt":{"rendered":"<p>Relat\u00f3rio de Auditoria &#8211; Concess\u00e3o de Di\u00e1rias<\/p>\n","protected":false},"author":852,"featured_media":0,"parent":120,"menu_order":3,"comment_status":"closed","ping_status":"open","template":"page-template-full.php","meta":{"inline_featured_image":false,"ngg_post_thumbnail":0,"footnotes":""},"class_list":["post-353","page","type-page","status-publish","hentry","entry"],"_links":{"self":[{"href":"https:\/\/www2.unifap.br\/audint\/wp-json\/wp\/v2\/pages\/353","targetHints":{"allow":["GET"]}}],"collection":[{"href":"https:\/\/www2.unifap.br\/audint\/wp-json\/wp\/v2\/pages"}],"about":[{"href":"https:\/\/www2.unifap.br\/audint\/wp-json\/wp\/v2\/types\/page"}],"author":[{"embeddable":true,"href":"https:\/\/www2.unifap.br\/audint\/wp-json\/wp\/v2\/users\/852"}],"replies":[{"embeddable":true,"href":"https:\/\/www2.unifap.br\/audint\/wp-json\/wp\/v2\/comments?post=353"}],"version-history":[{"count":6,"href":"https:\/\/www2.unifap.br\/audint\/wp-json\/wp\/v2\/pages\/353\/revisions"}],"predecessor-version":[{"id":367,"href":"https:\/\/www2.unifap.br\/audint\/wp-json\/wp\/v2\/pages\/353\/revisions\/367"}],"up":[{"embeddable":true,"href":"https:\/\/www2.unifap.br\/audint\/wp-json\/wp\/v2\/pages\/120"}],"wp:attachment":[{"href":"https:\/\/www2.unifap.br\/audint\/wp-json\/wp\/v2\/media?parent=353"}],"curies":[{"name":"wp","href":"https:\/\/api.w.org\/{rel}","templated":true}]}}