{"id":384,"date":"2016-06-20T19:50:14","date_gmt":"2016-06-20T19:50:14","guid":{"rendered":"http:\/\/www2.unifap.br\/audint\/?page_id=384"},"modified":"2026-03-23T14:26:32","modified_gmt":"2026-03-23T14:26:32","slug":"mapeamento-de-processos-3","status":"publish","type":"page","link":"https:\/\/www2.unifap.br\/audint\/mapeamento-de-processos-3\/","title":{"rendered":"MAPEAMENTO DE PROCESSOS"},"content":{"rendered":"<p>O mapeamento de processos na Audint busca documentar e padronizar as atividades desempenhadas pela unidade. De acordo com o BPM CBoK, v3.0, trata-se de \u201cmetodologias e estruturas de trabalho padronizadas asseguram que a modelagem, an\u00e1lise e transforma\u00e7\u00e3o de processos siga um caminho comumente aceito para atingir os melhores resultados&#8221;.<\/p>\n<p>Abaixo apresenta-se os fluxos operacionais das atividades desenvolvidas pela Audint:<\/p>\n<p><strong>Relat\u00f3rios e pareceres<\/strong><\/p>\n<ul>\n<li><a href=\"http:\/\/www2.unifap.br\/audint\/files\/2024\/07\/Elaboracao-do-Plano-Anual-de-Auditoria-Interna-PAINT.png\" target=\"_blank\" rel=\"noopener\">Elabora\u00e7\u00e3o do Plano Anual de Atividades de Auditoria Interna (PAINT)<\/a><\/li>\n<li><a href=\"http:\/\/www2.unifap.br\/audint\/files\/2024\/07\/Elaboracao-do-RAINT.png\" target=\"_blank\" rel=\"noopener\">Elabora\u00e7\u00e3o do Relat\u00f3rio Anual de Atividades de Auditoria Interna (RAINT)<\/a><\/li>\n<li><a href=\"http:\/\/www2.unifap.br\/audint\/files\/2024\/07\/Elaboracao-do-Relatorio-Semestral.png\" target=\"_blank\" rel=\"noopener\">Elabora\u00e7\u00e3o do Relat\u00f3rio Semestral<\/a><\/li>\n<li><a href=\"http:\/\/www2.unifap.br\/audint\/files\/2024\/07\/Elaboracao-do-Parecer-do-Relatorio-de-Gestao.png\" target=\"_blank\" rel=\"noopener\">Elabora\u00e7\u00e3o do Parecer do Relat\u00f3rio de Gest\u00e3o<\/a><\/li>\n<\/ul>\n<p><strong>A\u00e7\u00f5es de Auditoria<\/strong><\/p>\n<ul>\n<li><a href=\"http:\/\/www2.unifap.br\/audint\/files\/2024\/07\/Acao-de-Auditoria-de-Avaliacao.png\" target=\"_blank\" rel=\"noopener\">A\u00e7\u00e3o de Auditoria de Avalia\u00e7\u00e3o<\/a><\/li>\n<li><a href=\"http:\/\/www2.unifap.br\/audint\/files\/2024\/07\/Acao-de-Consultoria.png\" target=\"_blank\" rel=\"noopener\">A\u00e7\u00e3o de Auditoria de Consultoria<\/a><\/li>\n<\/ul>\n<p><strong>Monitoramento<\/strong><\/p>\n<ul>\n<li><a href=\"http:\/\/www2.unifap.br\/audint\/files\/2024\/07\/Acompanhamento-das-determinacoes-do-TCU.png\" target=\"_blank\" rel=\"noopener\">Acompanhamento das Determina\u00e7\u00f5es do TCU<\/a><\/li>\n<li><a href=\"http:\/\/www2.unifap.br\/audint\/files\/2024\/07\/Acompanhamento-das-recomendacoes-da-CGU.png\" target=\"_blank\" rel=\"noopener\">Acompanhamento das Recomenda\u00e7\u00f5es da CGU<\/a><\/li>\n<li><a href=\"http:\/\/www2.unifap.br\/audint\/files\/2024\/07\/Publicacao-do-PPP.png\" target=\"_blank\" rel=\"noopener\">Publica\u00e7\u00e3o do Plano de Provid\u00eancias Permanente (PPP)<\/a><\/li>\n<li><a href=\"http:\/\/www2.unifap.br\/audint\/files\/2024\/07\/Portaria-Conjunta-PGF-SE-CGU-no-03-2023.png\" target=\"_blank\" rel=\"noopener\">Portaria Conjunta PGF\/SE-CGU n\u00ba 3\/2023<\/a><\/li>\n<\/ul>\n<p><strong>Programa de Gest\u00e3o e Melhoria da Qualidade (PGMQ)<\/strong><\/p>\n<ul>\n<li><a href=\"http:\/\/www2.unifap.br\/audint\/files\/2024\/07\/PGMQ-Autoavaliacao-IA-CM-Audint.png\" target=\"_blank\" rel=\"noopener\">Autoavalia\u00e7\u00e3o IA-CM<\/a><\/li>\n<li><a href=\"http:\/\/www2.unifap.br\/audint\/files\/2024\/07\/PGMQ-Avaliacao-Externa-IA-CM.png\" target=\"_blank\" rel=\"noopener\">Avalia\u00e7\u00e3o Externa<\/a><\/li>\n<li><a href=\"http:\/\/www2.unifap.br\/audint\/files\/2024\/07\/PGMQ-Avaliacao-pela-Alta-Administracao.png\" target=\"_blank\" rel=\"noopener\">Avalia\u00e7\u00e3o pela Alta Administra\u00e7\u00e3o<\/a><\/li>\n<li><a href=\"http:\/\/www2.unifap.br\/audint\/files\/2024\/07\/PGMQ-Elaboracao-do-Relatorio-do-Programa-de-Gestao-e-Melhoria-da-Qualidade.png\" target=\"_blank\" rel=\"noopener\">Elabora\u00e7\u00e3o do Relat\u00f3rio do Programa de Gest\u00e3o e Melhoria da Qualidade<\/a><\/li>\n<\/ul>\n<p>&nbsp;<\/p>\n<p>Atualizado em 09\/07\/2024<\/p>\n","protected":false},"excerpt":{"rendered":"<p>O mapeamento de processos na Audint busca documentar e padronizar as atividades desempenhadas pela unidade. De acordo com o BPM CBoK, v3.0, trata-se de \u201cmetodologias e estruturas de trabalho padronizadas asseguram que a modelagem, an\u00e1lise e transforma\u00e7\u00e3o de processos siga um caminho comumente aceito para atingir os melhores resultados&#8221;. Abaixo apresenta-se os fluxos operacionais das&#8230;<\/p>\n","protected":false},"author":852,"featured_media":0,"parent":0,"menu_order":7,"comment_status":"closed","ping_status":"open","template":"","meta":{"inline_featured_image":false,"ngg_post_thumbnail":0,"footnotes":""},"class_list":["post-384","page","type-page","status-publish","hentry","entry"],"_links":{"self":[{"href":"https:\/\/www2.unifap.br\/audint\/wp-json\/wp\/v2\/pages\/384","targetHints":{"allow":["GET"]}}],"collection":[{"href":"https:\/\/www2.unifap.br\/audint\/wp-json\/wp\/v2\/pages"}],"about":[{"href":"https:\/\/www2.unifap.br\/audint\/wp-json\/wp\/v2\/types\/page"}],"author":[{"embeddable":true,"href":"https:\/\/www2.unifap.br\/audint\/wp-json\/wp\/v2\/users\/852"}],"replies":[{"embeddable":true,"href":"https:\/\/www2.unifap.br\/audint\/wp-json\/wp\/v2\/comments?post=384"}],"version-history":[{"count":6,"href":"https:\/\/www2.unifap.br\/audint\/wp-json\/wp\/v2\/pages\/384\/revisions"}],"predecessor-version":[{"id":1817,"href":"https:\/\/www2.unifap.br\/audint\/wp-json\/wp\/v2\/pages\/384\/revisions\/1817"}],"wp:attachment":[{"href":"https:\/\/www2.unifap.br\/audint\/wp-json\/wp\/v2\/media?parent=384"}],"curies":[{"name":"wp","href":"https:\/\/api.w.org\/{rel}","templated":true}]}}