{"id":83,"date":"2016-03-17T18:39:03","date_gmt":"2016-03-17T18:39:03","guid":{"rendered":"http:\/\/www2.unifap.br\/audint\/?page_id=83"},"modified":"2026-03-23T14:34:25","modified_gmt":"2026-03-23T14:34:25","slug":"legislacao","status":"publish","type":"page","link":"https:\/\/www2.unifap.br\/audint\/legislacao\/","title":{"rendered":"LEGISLA\u00c7\u00c3O, NORMAS E MANUAIS"},"content":{"rendered":"<h3>Normativos Internos<\/h3>\n<p><a href=\"http:\/\/www2.unifap.br\/audint\/files\/2025\/09\/Portaria-no-1549_2025_UNIFAP.pdf\" target=\"_blank\" rel=\"noopener\">Portaria n\u00ba 1549\/2025-UNIFAP<\/a>&nbsp;&#8211; Aprova a Pol\u00edtica de Monitoramento da unidade de Auditoria Interna da<br \/>\nUniversidade Federal do Amap\u00e1.<\/p>\n<p><a href=\"http:\/\/www2.unifap.br\/audint\/files\/2025\/04\/Res.3.2025_-_CONDIR_-_Aprova_a_incluso_do__5_no_Artigo_5_do_Estatuto_da_AUDIN-1.pdf\" target=\"_blank\" rel=\"noopener\">Resolu\u00e7\u00e3o n\u00ba 03\/2025-CONDIR\/UNIFAP<\/a> \u2013 Estatuto da Unidade de Auditoria Interna da Unifap.<\/p>\n<p><a href=\"http:\/\/www2.unifap.br\/audint\/files\/2021\/06\/POLITICA-DE-DESENVOLVIMENTO-DE-COMPET%C3%8ANCIAS-AUDINT.pdf\" target=\"_blank\" rel=\"noopener\">Resolu\u00e7\u00e3o n\u00ba 03\/2021-CONDIR-UNIFAP<\/a> \u2013 Pol\u00edtica de Desenvolvimento de Compet\u00eancias da Unidade de Auditoria Interna da Unifap (PDC-AUDINT).<\/p>\n<p><a href=\"http:\/\/www2.unifap.br\/audint\/files\/2021\/06\/PGMQ-AUDINT.pdf\" target=\"_blank\" rel=\"noopener\">Resolu\u00e7\u00e3o n\u00ba 04\/2021-CONDIR-UNIFAP<\/a> \u2013 Programa de Gest\u00e3o e Melhoria da Qualidade (PGMQ) da Auditoria Interna da Unifap.<\/p>\n<h3>Instru\u00e7\u00f5es Normativas e Portarias<\/h3>\n<p><a href=\"https:\/\/www.in.gov.br\/materia\/-\/asset_publisher\/Kujrw0TZC2Mb\/content\/id\/19111706\/do1-2017-06-12-instrucao-normativa-n-3-de-9-de-junho-de-2017-19111304\" target=\"_blank\" rel=\"noopener\">INSTRU\u00c7\u00c3O NORMATIVA SFC N\u00ba 3, DE 9 DE JUNHO DE 2017<\/a>&nbsp;\u2013&nbsp;Aprova o Referencial T\u00e9cnico da Atividade de Auditoria Interna Governamental do Poder Executivo Federal.<\/p>\n<p><a href=\"https:\/\/www.in.gov.br\/web\/guest\/materia\/-\/asset_publisher\/Kujrw0TZC2Mb\/content\/id\/25807442\/do1-2018-06-15-instrucao-normativa-n-4-de-11-de-junho-de-2018-25807365\" target=\"_blank\" rel=\"noopener\">INSTRU\u00c7\u00c3O NORMATIVA SFC N\u00ba 4, DE 11 DE JUNHO DE 2018<\/a>&nbsp;\u2013 Aprova, na forma do Anexo a esta Instru\u00e7\u00e3o Normativa, a Sistem\u00e1tica de Quantifica\u00e7\u00e3o e Registro dos Resultados e Benef\u00edcios da Atividade de Auditoria Interna Governamental do Poder Executivo Federal, que estabelece os conceitos, requisitos e regras b\u00e1sicas para contabiliza\u00e7\u00e3o de benef\u00edcios.<\/p>\n<p><a href=\"https:\/\/www.in.gov.br\/en\/web\/dou\/-\/instrucao-normativa-n-13-de-6-de-maio-de-2020-255615399\" target=\"_blank\" rel=\"noopener\">INSTRU\u00c7\u00c3O NORMATIVA SFC N\u00ba 13, DE 6 DE MAIO DE 2020<\/a> \u2013 Aprova os requisitos m\u00ednimos a serem observados nos estatutos das Unidades de Auditoria Interna Governamental (UAIG) do Poder Executivo Federal.<\/p>\n<p><a href=\"https:\/\/www.in.gov.br\/web\/dou\/-\/instrucao-normativa-n-5-de-27-de-agosto-de-2021-342352374\" target=\"_blank\" rel=\"noopener\">INSTRU\u00c7\u00c3O NORMATIVA SFC N\u00ba 5, DE 27 DE AGOSTO DE 2021<\/a> \u2013 Disp\u00f5e sobre o Plano Anual de Auditoria Interna, sobre o Relat\u00f3rio Anual de Atividades de Auditoria Interna e sobre o parecer sobre a presta\u00e7\u00e3o de contas da entidade das unidades de auditoria interna governamental sujeitas \u00e0 supervis\u00e3o t\u00e9cnica do Sistema de Controle Interno do Poder Executivo Federal.<\/p>\n<p><a href=\"https:\/\/www.in.gov.br\/en\/web\/dou\/-\/portaria-conjunta-pgf\/se-cgu-n-3-de-7-de-dezembro-de-2023-531784569\" target=\"_blank\" rel=\"noopener\">PORTARIA CONJUNTA PGF\/SE-CGU N\u00ba 3, DE 7 DE DEZEMBRO DE 2023 <\/a>\u2013 Estabelece o procedimento a ser adotado pelas Unidades de Auditoria Interna e pelas Procuradorias Federias junto \u00e0s autarquias e \u00e0s funda\u00e7\u00f5es p\u00fablicas federais em processos que tramitam no Tribunal de Contas da Uni\u00e3o.<\/p>\n<h3>Manuais<\/h3>\n<p><a href=\"http:\/\/www2.unifap.br\/audint\/files\/2017\/12\/MANUAL-DE-PROCESSOS-DE-AUDITORIA1.pdf\" target=\"_blank\" rel=\"noopener\">Manual de Processos de Auditoria Interna (AUDINT\/2016)<\/a><\/p>\n<p><a href=\"https:\/\/repositorio.cgu.gov.br\/handle\/1\/64815\" target=\"_blank\" rel=\"noopener\">Manual de Orienta\u00e7\u00f5es T\u00e9cnicas &#8211; MOT (CGU\/2017)<\/a><\/p>\n<p><a href=\"https:\/\/repositorio.cgu.gov.br\/handle\/1\/68936\" target=\"_blank\" rel=\"noopener\">Orienta\u00e7\u00e3o Pr\u00e1tica: Servi\u00e7os de Auditoria (CGU\/2022)<\/a><\/p>\n","protected":false},"excerpt":{"rendered":"<p>Normativos Internos Portaria n\u00ba 1549\/2025-UNIFAP&nbsp;&#8211; Aprova a Pol\u00edtica de Monitoramento da unidade de Auditoria Interna da Universidade Federal do Amap\u00e1. Resolu\u00e7\u00e3o n\u00ba 03\/2025-CONDIR\/UNIFAP \u2013 Estatuto da Unidade de Auditoria Interna da Unifap. Resolu\u00e7\u00e3o n\u00ba 03\/2021-CONDIR-UNIFAP \u2013 Pol\u00edtica de Desenvolvimento de Compet\u00eancias da Unidade de Auditoria Interna da Unifap (PDC-AUDINT). Resolu\u00e7\u00e3o n\u00ba 04\/2021-CONDIR-UNIFAP \u2013 Programa de&#8230;<\/p>\n","protected":false},"author":852,"featured_media":0,"parent":0,"menu_order":3,"comment_status":"closed","ping_status":"closed","template":"","meta":{"inline_featured_image":false,"ngg_post_thumbnail":0,"footnotes":""},"class_list":["post-83","page","type-page","status-publish","hentry","entry"],"_links":{"self":[{"href":"https:\/\/www2.unifap.br\/audint\/wp-json\/wp\/v2\/pages\/83","targetHints":{"allow":["GET"]}}],"collection":[{"href":"https:\/\/www2.unifap.br\/audint\/wp-json\/wp\/v2\/pages"}],"about":[{"href":"https:\/\/www2.unifap.br\/audint\/wp-json\/wp\/v2\/types\/page"}],"author":[{"embeddable":true,"href":"https:\/\/www2.unifap.br\/audint\/wp-json\/wp\/v2\/users\/852"}],"replies":[{"embeddable":true,"href":"https:\/\/www2.unifap.br\/audint\/wp-json\/wp\/v2\/comments?post=83"}],"version-history":[{"count":22,"href":"https:\/\/www2.unifap.br\/audint\/wp-json\/wp\/v2\/pages\/83\/revisions"}],"predecessor-version":[{"id":1821,"href":"https:\/\/www2.unifap.br\/audint\/wp-json\/wp\/v2\/pages\/83\/revisions\/1821"}],"wp:attachment":[{"href":"https:\/\/www2.unifap.br\/audint\/wp-json\/wp\/v2\/media?parent=83"}],"curies":[{"name":"wp","href":"https:\/\/api.w.org\/{rel}","templated":true}]}}