{"id":915,"date":"2018-10-23T14:54:51","date_gmt":"2018-10-23T14:54:51","guid":{"rendered":"http:\/\/www2.unifap.br\/audint\/?page_id=915"},"modified":"2022-07-27T12:08:25","modified_gmt":"2022-07-27T12:08:25","slug":"in-no-04-de-110618-sfccgu","status":"publish","type":"page","link":"https:\/\/www2.unifap.br\/audint\/legislacao\/instrucoes-normativas\/in-no-04-de-110618-sfccgu\/","title":{"rendered":"IN n\u00ba 04, de 11\/06\/18 &#8211; SFC\/CGU"},"content":{"rendered":"<p><a href=\"https:\/\/www.in.gov.br\/web\/guest\/materia\/-\/asset_publisher\/Kujrw0TZC2Mb\/content\/id\/25807442\/do1-2018-06-15-instrucao-normativa-n-4-de-11-de-junho-de-2018-25807365\" target=\"_blank\" rel=\"noopener\">INSTRU\u00c7\u00c3O NORMATIVA N\u00ba 4, DE 11 DE JUNHO DE 2018<\/a> &#8211; Aprova, na forma do Anexo a esta Instru\u00e7\u00e3o Normativa, a Sistem\u00e1tica de Quantifica\u00e7\u00e3o e Registro dos Resultados e Benef\u00edcios da Atividade de Auditoria Interna Governamental do Poder Executivo Federal, que estabelece os conceitos, requisitos e regras b\u00e1sicas para contabiliza\u00e7\u00e3o de benef\u00edcios.<\/p>\n","protected":false},"excerpt":{"rendered":"<p>INSTRU\u00c7\u00c3O NORMATIVA N\u00ba 4, DE 11 DE JUNHO DE 2018 &#8211; Aprova, na forma do Anexo a esta Instru\u00e7\u00e3o Normativa, a Sistem\u00e1tica de Quantifica\u00e7\u00e3o e Registro dos Resultados e Benef\u00edcios da Atividade de Auditoria Interna Governamental do Poder Executivo Federal, que estabelece os conceitos, requisitos e regras b\u00e1sicas para contabiliza\u00e7\u00e3o de benef\u00edcios.<\/p>\n","protected":false},"author":3273,"featured_media":0,"parent":149,"menu_order":2,"comment_status":"closed","ping_status":"open","template":"","meta":{"inline_featured_image":false,"ngg_post_thumbnail":0,"footnotes":""},"class_list":["post-915","page","type-page","status-publish","hentry","entry"],"_links":{"self":[{"href":"https:\/\/www2.unifap.br\/audint\/wp-json\/wp\/v2\/pages\/915","targetHints":{"allow":["GET"]}}],"collection":[{"href":"https:\/\/www2.unifap.br\/audint\/wp-json\/wp\/v2\/pages"}],"about":[{"href":"https:\/\/www2.unifap.br\/audint\/wp-json\/wp\/v2\/types\/page"}],"author":[{"embeddable":true,"href":"https:\/\/www2.unifap.br\/audint\/wp-json\/wp\/v2\/users\/3273"}],"replies":[{"embeddable":true,"href":"https:\/\/www2.unifap.br\/audint\/wp-json\/wp\/v2\/comments?post=915"}],"version-history":[{"count":5,"href":"https:\/\/www2.unifap.br\/audint\/wp-json\/wp\/v2\/pages\/915\/revisions"}],"predecessor-version":[{"id":1470,"href":"https:\/\/www2.unifap.br\/audint\/wp-json\/wp\/v2\/pages\/915\/revisions\/1470"}],"up":[{"embeddable":true,"href":"https:\/\/www2.unifap.br\/audint\/wp-json\/wp\/v2\/pages\/149"}],"wp:attachment":[{"href":"https:\/\/www2.unifap.br\/audint\/wp-json\/wp\/v2\/media?parent=915"}],"curies":[{"name":"wp","href":"https:\/\/api.w.org\/{rel}","templated":true}]}}