{"id":16,"date":"2018-02-01T20:36:09","date_gmt":"2018-02-01T20:36:09","guid":{"rendered":"http:\/\/www2.unifap.br\/auditoriomultiuso\/?page_id=16"},"modified":"2018-03-14T13:05:10","modified_gmt":"2018-03-14T13:05:10","slug":"inicio","status":"publish","type":"page","link":"https:\/\/www2.unifap.br\/auditoriomultiuso\/","title":{"rendered":"Apresenta\u00e7\u00e3o"},"content":{"rendered":"<p><a href=\"http:\/\/www2.unifap.br\/auditoriomultiuso\/files\/2018\/02\/anfiteatro.jpg\"><img fetchpriority=\"high\" decoding=\"async\" class=\"size-medium wp-image-17 aligncenter\" alt=\"anfiteatro\" src=\"http:\/\/www2.unifap.br\/auditoriomultiuso\/files\/2018\/02\/anfiteatro-300x225.jpg\" width=\"300\" height=\"225\" srcset=\"https:\/\/www2.unifap.br\/auditoriomultiuso\/files\/2018\/02\/anfiteatro-300x225.jpg 300w, https:\/\/www2.unifap.br\/auditoriomultiuso\/files\/2018\/02\/anfiteatro.jpg 500w\" sizes=\"(max-width: 300px) 100vw, 300px\" \/><\/a><\/p>\n<p>O <strong>Audit\u00f3rio Multiuso<\/strong><strong> <\/strong><strong>inaugurado em junho de 2006, <\/strong>constitui o patrim\u00f4nio cient\u00edfico, art\u00edstico e cultural desta IFES e tem a finalidade de ser utilizado com a\u00e7\u00f5es e solenidades no \u00e2mbito do Ensino, Pesquisa, Extens\u00e3o e da Administra\u00e7\u00e3o universit\u00e1ria, como por exemplo a cola\u00e7\u00e3o de grau, que \u00e9 o evento institucional n\u00ba 1 da universidade, simp\u00f3sios, congressos, palestras e reuni\u00f5es promovidos pela Universidade Federal do Amap\u00e1.<\/p>\n<p><strong>\u00a0<\/strong><\/p>\n<p><strong>Conhecido pela comunidade acad\u00eamica <\/strong>por \u201canfiteatro\u201d possui um sal\u00e3o principal com capacidade para 400 pessoas, palco, 3 camarins com banheiro, 1 dep\u00f3sito e 1 sala para recursos audiovisuais, possui tamb\u00e9m <i>hall<\/i> de entrada, 2 salas administrativas, 1 banheiro masculino, 1 feminino, ambos com acesso a portador de defici\u00eancia f\u00edsica e copa.<\/p>\n","protected":false},"excerpt":{"rendered":"<p>O Audit\u00f3rio Multiuso inaugurado em junho de 2006, constitui o patrim\u00f4nio cient\u00edfico, art\u00edstico e cultural desta IFES e tem a finalidade de ser utilizado com a\u00e7\u00f5es e solenidades no \u00e2mbito do Ensino, Pesquisa, Extens\u00e3o e da Administra\u00e7\u00e3o universit\u00e1ria, como por&hellip; <\/p>\n<p><a href=\"https:\/\/www2.unifap.br\/auditoriomultiuso\/\" class=\"readmore-button\">Continue Reading<\/a><\/p>\n","protected":false},"author":655,"featured_media":0,"parent":0,"menu_order":0,"comment_status":"open","ping_status":"closed","template":"","meta":{"inline_featured_image":false,"ngg_post_thumbnail":0,"footnotes":""},"class_list":["post-16","page","type-page","status-publish","hentry"],"_links":{"self":[{"href":"https:\/\/www2.unifap.br\/auditoriomultiuso\/wp-json\/wp\/v2\/pages\/16","targetHints":{"allow":["GET"]}}],"collection":[{"href":"https:\/\/www2.unifap.br\/auditoriomultiuso\/wp-json\/wp\/v2\/pages"}],"about":[{"href":"https:\/\/www2.unifap.br\/auditoriomultiuso\/wp-json\/wp\/v2\/types\/page"}],"author":[{"embeddable":true,"href":"https:\/\/www2.unifap.br\/auditoriomultiuso\/wp-json\/wp\/v2\/users\/655"}],"replies":[{"embeddable":true,"href":"https:\/\/www2.unifap.br\/auditoriomultiuso\/wp-json\/wp\/v2\/comments?post=16"}],"version-history":[{"count":5,"href":"https:\/\/www2.unifap.br\/auditoriomultiuso\/wp-json\/wp\/v2\/pages\/16\/revisions"}],"predecessor-version":[{"id":45,"href":"https:\/\/www2.unifap.br\/auditoriomultiuso\/wp-json\/wp\/v2\/pages\/16\/revisions\/45"}],"wp:attachment":[{"href":"https:\/\/www2.unifap.br\/auditoriomultiuso\/wp-json\/wp\/v2\/media?parent=16"}],"curies":[{"name":"wp","href":"https:\/\/api.w.org\/{rel}","templated":true}]}}