{"id":23,"date":"2018-02-01T20:38:13","date_gmt":"2018-02-01T20:38:13","guid":{"rendered":"http:\/\/www2.unifap.br\/auditoriomultiuso\/?page_id=23"},"modified":"2023-05-08T11:14:51","modified_gmt":"2023-05-08T11:14:51","slug":"instrucao-de-uso","status":"publish","type":"page","link":"https:\/\/www2.unifap.br\/auditoriomultiuso\/instrucao-de-uso\/","title":{"rendered":"Instru\u00e7\u00e3o de uso"},"content":{"rendered":"<address><b>OBJETIVO<\/b>: Regulamentar e disciplinar os procedimentos para a utiliza\u00e7\u00e3o do anfiteatro da Universidade Federal do Amap\u00e1, a fim de estabelecer conviv\u00eancia harm\u00f4nica e garantir a conserva\u00e7\u00e3o e a preserva\u00e7\u00e3o de suas instala\u00e7\u00f5es f\u00edsicas, mobili\u00e1rios, bem como dos equipamentos de proje\u00e7\u00e3o e sonoriza\u00e7\u00e3o.<\/address>\n<address>&nbsp;&nbsp;&nbsp;&nbsp;&nbsp;&nbsp;&nbsp;&nbsp;&nbsp;&nbsp;&nbsp;&nbsp;&nbsp;&nbsp;&nbsp;&nbsp;<\/address>\n<address><b>FINALIDADE<\/b>: O anfiteatro \u00e9 um espa\u00e7o destinado precipuamente para a realiza\u00e7\u00e3o de atividades de cunho acad\u00eamico, cient\u00edfico e cultural, cola\u00e7\u00e3o de grau, recep\u00e7\u00e3o aos novos alunos, atividades administrativas, congressos, &nbsp;confer\u00eancias,&nbsp; semin\u00e1rios,&nbsp; col\u00f3quios, workshops e atividades afins.<\/address>\n<address>&nbsp;<\/address>\n<address><b>DA UTILIZA\u00c7\u00c3O:<\/b><\/address>\n<address>&nbsp;<\/address>\n<address>1. A utiliza\u00e7\u00e3o do anfiteatro deve ser aquela destinada com fim espec\u00edfico para o qual os espa\u00e7os foram cedidos;<\/address>\n<address>&nbsp;<\/address>\n<address>2. A previs\u00e3o estimada de p\u00fablico para reserva deve ser de no m\u00ednimo m\u00ednimo&nbsp;<b>150&nbsp;<\/b>e no m\u00e1ximo&nbsp;<b>400&nbsp;<\/b>pessoas.<\/address>\n<address>&nbsp;<\/address>\n<address>3. A PROEAC n\u00e3o disponibiliza pessoal para transporte de qualquer material e\/ou equipamento para os eventos;<\/address>\n<address>&nbsp;<\/address>\n<address>4. \u00c9 permitido ao usu\u00e1rio colocar arranjo de flores naturais na mesa de honra, bem como outros elementos\/materiais decorativos que fomentem o evento, desde que n\u00e3o ocasione danos aos espa\u00e7os f\u00edsicos;<\/address>\n<address>&nbsp;<\/address>\n<address>5. Todo e qualquer material ou equipamento que for trazido para o anfiteatro pelos organizadores ou participantes do evento ficar\u00e1 sob a inteira responsabilidade de quem os trouxer. A PROEAC n\u00e3o se responsabiliza por perdas ou danos desses materiais, os quais dever\u00e3o ser retirados imediatamente ap\u00f3s o t\u00e9rmino do evento;<\/address>\n<address>&nbsp;<\/address>\n<address>6. \u00c9 de inteira responsabilidade da coordena\u00e7\u00e3o do evento providenciar: pessoal de apoio, copos descart\u00e1veis, mesa para coffebreak, decora\u00e7\u00e3o, recursos \u00e1udio visuais (microfones, datashow, jogo de luz etc.), pedestal, porta bandeira, cavalete, papel higi\u00eanico, papel toalha, sab\u00e3o para as m\u00e3os, tudo que se fizer necess\u00e1rio para realiza\u00e7\u00e3o do evento.<\/address>\n<address>&nbsp;<\/address>\n<address>7. A PROEAC pode suspender ou proibir o direito de uso daqueles solicitantes que fizeram m\u00e1 utiliza\u00e7\u00e3o do espa\u00e7o. A PROEAC tamb\u00e9m se reserva no direito de recusar a cess\u00e3o do anfiteatro sempre que considerar conveniente;<\/address>\n<address>&nbsp;<\/address>\n<address>8. A exposi\u00e7\u00e3o de materiais publicit\u00e1rios e a montagem de&nbsp;stands&nbsp;em espa\u00e7os adjacentes ao anfiteatro est\u00e3o sujeitas \u00e0 autoriza\u00e7\u00e3o pr\u00e9via.&nbsp; O&nbsp; controle&nbsp; e&nbsp; a retirada desses materiais s\u00e3o de responsabilidade do organizador do evento, devendo ser providenciados imediatamente ap\u00f3s o t\u00e9rmino da atividade;<\/address>\n<address>&nbsp;<\/address>\n<address>9. Ocorrendo danos ao mobili\u00e1rio ou equipamento, advindos da m\u00e1 utiliza\u00e7\u00e3o, o respons\u00e1vel ter\u00e1 de repor, com itens de mesma especifica\u00e7\u00e3o e valor;<\/address>\n<address>&nbsp;<\/address>\n<address>10. A PROEAC n\u00e3o se responsabiliza pelas reservas e pelas solicita\u00e7\u00f5es de utiliza\u00e7\u00e3o que n\u00e3o estejam em conson\u00e2ncia com estas normas;<\/address>\n<address>&nbsp;<\/address>\n<address>11. Todas as altera\u00e7\u00f5es nos programas dos eventos&nbsp; j\u00e1 agendados, que&nbsp; impliquem altera\u00e7\u00f5es em rela\u00e7\u00e3o aos equipamentos ou servi\u00e7o de apoio necess\u00e1rio dever\u00e3o ser comunicados, imediatamente \u00e0 PROEAC para proceder ao ajuste;<\/address>\n<address>&nbsp;<\/address>\n<address>12. Para a verifica\u00e7\u00e3o das condi\u00e7\u00f5es do audit\u00f3rio, o solicitante ter\u00e1 acesso ao local sempre acompanhado de pessoal indicado pela PROEAC, mediante marca\u00e7\u00e3o pr\u00e9via;<\/address>\n<address>&nbsp;<\/address>\n<address>13. O solicitante deve comunicar \u00e0 PROEAC sobre todos os problemas ou defici\u00eancias que detectarem no anfiteatro, a fim de que a pr\u00f3-reitoria possa suprir&nbsp; as&nbsp; inconveni\u00eancias&nbsp; no&nbsp; mais breve espa\u00e7o de tempo poss\u00edvel.<\/address>\n<address>&nbsp;<\/address>\n<address><b>DAS PROIBI\u00c7\u00d5ES<\/b><\/address>\n<address><b>&nbsp;<\/b><\/address>\n<address>Durante a realiza\u00e7\u00e3o do evento n\u00e3o ser\u00e3o permitidos:<\/address>\n<address>&nbsp;<\/address>\n<address>1. Servi\u00e7os de coffee-break e outras recep\u00e7\u00f5es na parte interna do anfiteatro;<\/address>\n<address>&nbsp;<\/address>\n<address>2. N\u00famero de usu\u00e1rios superior \u00e0 lota\u00e7\u00e3o;<\/address>\n<address>&nbsp;<\/address>\n<address>3. A obstru\u00e7\u00e3o dos corredores e da \u00e1rea de circula\u00e7\u00e3o com mobili\u00e1rios avulsos;<\/address>\n<address>&nbsp;<\/address>\n<address>4. Fumar, utilizar materiais explosivos, inflam\u00e1veis, t\u00f3xicos, nocivos ou qualquer&nbsp; material&nbsp; que possa danificar a decora\u00e7\u00e3o e a estrutura do espa\u00e7o, seu interior ou suas&nbsp; \u00e1reas adjacentes;<\/address>\n<address>&nbsp;<\/address>\n<address>5. Afixa\u00e7\u00e3o de cartazes, avisos, faixas e banners nas paredes internas e externas do anfiteatro. No entanto, \u00e9 permitida a utiliza\u00e7\u00e3o de cavaletes ou quadros espec\u00edficos, desde que n\u00e3o danifiquem o piso ou as paredes.<\/address>\n<address>&nbsp;<\/address>\n<address>6. O acesso de vendedores ambulantes de comidas e bebidas nas depend\u00eancias da institui\u00e7\u00e3o<\/address>\n<address>&nbsp;<\/address>\n<address><b>SERVI\u00c7OS DE COFFEE-BREAK<\/b><\/address>\n<address><b>&nbsp;<\/b><\/address>\n<address>1. Os custos com coffee-break e a prepara\u00e7\u00e3o do espa\u00e7o (materiais de apoio como mesas, toalhas, papel toalha, guardanapos, copos descart\u00e1veis, lou\u00e7as, bandejas, suprimentos de inform\u00e1tica, papelaria e outros) s\u00e3o de responsabilidade do solicitante.<\/address>\n<address>&nbsp;<\/address>\n<address><b>HOR\u00c1RIOS DE FUNCIONAMENTO:<\/b><\/address>\n<address><b>&nbsp;<\/b><\/address>\n<address>O funcionamento do audit\u00f3rio \u00e9 de segunda \u00e0 sexta-feira, hor\u00e1rio de 7:30 \u00e0s 22:00 horas, divididos em tr\u00eas turnos para os pedidos de pr\u00e9-reserva:<\/p>\n<ul>\n<li><strong>PER\u00cdODO MATUTINO: 8:00 \u00e0s 12:00 horas;<\/strong><\/li>\n<li><strong>PER\u00cdODO VESPERTINO: 14:00 \u00e0s 18:00 horas;<\/strong><\/li>\n<li><strong>PER\u00cdODO NOTURNO: 19:00 \u00e0s 22:00 horas.<\/strong><\/li>\n<\/ul>\n<p>&nbsp;<\/p>\n<\/address>\n<address><b>DAS RESERVAS:<\/b><\/address>\n<ol>\n<li><span style=\"font-family: Arial, sans-serif;color: #2e3944\">Os pedidos de pr\u00e9-reserva dever\u00e3o enviados por memorando eletr\u00f4nico ao DAC\/DACE\/PROEAC, quando se tratar de unidades internas; e por of\u00edcios quando se tratar de institui\u00e7\u00f5es externas. <\/span><\/li>\n<li>Os of\u00edcios dever\u00e3o ser entregues na PROEAC, endere\u00e7ados \u00e0 Sr. JEFFERSON DA SILVA PICAN\u00c7O \u2013 Chefe da Divis\u00e3o de A\u00e7\u00f5es Comunit\u00e1rias &#8211; DAC<\/li>\n<li><span style=\"font-family: Arial, sans-serif;color: #2e3944\">&nbsp;No pedido de reserva dever\u00e3o ser informados:<\/span>\n<ul>\n<li>Nome do evento;<\/li>\n<li>Nome do coordenador(a) do evento;<\/li>\n<li>Per\u00edodo de realiza\u00e7\u00e3o;<\/li>\n<li>Programa\u00e7\u00e3o;<\/li>\n<li>P\u00fablico-alvo;<\/li>\n<li>Quantidade de participantes;<\/li>\n<li>Telefones para contato com o respons\u00e1vel pela solicita\u00e7\u00e3o;<\/li>\n<li>E-mail do respons\u00e1vel pela solicita\u00e7\u00e3o<\/li>\n<\/ul>\n<\/li>\n<li>&nbsp;A UNIFAP&nbsp;<b>n\u00e3o&nbsp;<\/b>se responsabilizar\u00e1 pela suspens\u00e3o ou cancelamento de qualquer evento, bem como por qualquer dano causado ao cession\u00e1rio, decorrente de&nbsp;<b>caso fortuito&nbsp;<\/b>ou&nbsp;<b>for\u00e7a maior (falta de energia el\u00e9trica, \u00e1gua, greve, eventos naturais, defeito de equipamento essencial, etc<\/b>.).<\/li>\n<li>&nbsp;Tempo de Reserva: O agendamento poder\u00e1 ser realizado por um per\u00edodo m\u00e1ximo e ininterrupto de at\u00e9 5 dias \u00fateis.<\/li>\n<li>&nbsp;A UNIFAP&nbsp;<strong>n\u00e3o&nbsp;<\/strong>se responsabilizar\u00e1 pela suspens\u00e3o ou cancelamento de qualquer evento, bem como por qualquer dano causado ao cession\u00e1rio, decorrente de&nbsp;<strong>caso fortuito&nbsp;<\/strong>ou&nbsp;<strong>for\u00e7a maior (falta de energia el\u00e9trica, \u00e1gua, greve, eventos naturais, defeito de equipamento essencial, etc<\/strong>.).<\/li>\n<li>&nbsp;O pedido de cancelamento ou remarca\u00e7\u00e3o de reserva do anfiteatro dever\u00e1 ser feito pessoalmente no DAC\/PROEAC, com no m\u00ednimo 3 (tr\u00eas) dias \u00fateis de anteced\u00eancia da data do evento;<\/li>\n<li>&nbsp;A programa\u00e7\u00e3o dever\u00e1 iniciar e terminar nos hor\u00e1rios previstos e informados na reserva;<\/li>\n<li>&nbsp;O solicitante dever\u00e1 assinar termo de compromisso e responsabilidade, realizar vistoria&nbsp; antes e ap\u00f3s o evento, assegurando a correta utiliza\u00e7\u00e3o e preserva\u00e7\u00e3o.<\/li>\n<li>&nbsp;Os casos omissos e as outras d\u00favidas que surgirem quanto \u00e0 utiliza\u00e7\u00e3o&nbsp; ser\u00e3o&nbsp; resolvidos pela PROEAC.<\/li>\n<\/ol>\n<address>&nbsp;<\/address>\n<address><b>DA ENTREGA DAS CHAVES E VISTORIA<\/b><\/address>\n<address>&nbsp;<\/address>\n<address>1. Deferido o pedido, o requerente entregar\u00e1 o&nbsp;<span style=\"color: #ff0000\"><a href=\"http:\/\/www2.unifap.br\/auditoriomultiuso\/files\/2018\/12\/TERMO-DE-COMPROMISSO-E-RESPONSABILIDADE.pdf\"><span style=\"color: #ff0000\">TERMO DE COMPROMISSO E RESPONSABILIDADE<\/span><\/a><\/span> assinado&nbsp;e agendar\u00e1 a assinatura da&nbsp;cautela&nbsp;do MOLHO DE CHAVES e do <span style=\"color: #ff0000\"><a href=\"http:\/\/www2.unifap.br\/auditoriomultiuso\/files\/2018\/02\/Termo-de-vistoria.pdf\"><span style=\"color: #ff0000\">Termo de vistoria<\/span><\/a><\/span>, que dever\u00e1 ser no m\u00e1ximo 1 (um) dia antes do evento. A aus\u00eancia de representante do evento para realiza\u00e7\u00e3o dos procedimentos descritos implicar\u00e1 no cancelamento autom\u00e1tico do agendamento do evento.&nbsp;<\/address>\n<address>&nbsp;<\/address>\n<address><strong>DAS RESPONSABILIDADES<\/strong><\/address>\n<address>1. \u00c9 de total responsabilidade da equipe coordenadora do evento e suas a\u00e7\u00f5es, qualquer dano, avaria e limpeza do espa\u00e7o f\u00edsico, aos equipamentos e mob\u00edlia instalados no espa\u00e7o utilizado pelo evento. Ficando estabelecido que responder\u00e1 dentro da jurisprud\u00eancia exigida pela lei&nbsp;&nbsp;<\/address>\n<address>&nbsp;<\/address>\n<address><b>DA TAXA DE UTILIZA\u00c7\u00c3O<\/b><\/address>\n<address>1. Quando a solicita\u00e7\u00e3o do anfiteatro for realizada por p\u00fablico externo \u00e0 UNIFAP, ficar\u00e3o sujeitos ao pagamento de taxa de utiliza\u00e7\u00e3o, salvo se&nbsp; forem&nbsp; institui\u00e7\u00f5es de benemer\u00eancia, de reconhecida utilidade p\u00fablicas, ou Institui\u00e7\u00f5es com as quais a UNIFAP tenha acordos preferenciais de colabora\u00e7\u00e3o;<\/address>\n<address>&nbsp;<\/address>\n<address>2. O recolhimento dos valores a que se refere este Regulamento ser\u00e1 efetuado na conta \u00fanica da Universidade, atrav\u00e9s da Guia de Recolhimento da Uni\u00e3o \u2013 GRU.<\/address>\n<address>&nbsp;<\/address>\n<address>3. Excepcionalmente, a taxa de utiliza\u00e7\u00e3o poder\u00e1 ser revertida em permuta por material de consumo rotineiramente utilizado na manuten\u00e7\u00e3o do ANFITEATRO. Quando a&nbsp; permuta&nbsp; for autorizada, o solicitante dever\u00e1 assinar termo de doa\u00e7\u00e3o e apresentar a&nbsp; respectiva&nbsp; nota fiscal do material.<\/address>\n<address>&nbsp;<\/address>\n<address style=\"text-align: center\">&nbsp;<\/address>\n<address style=\"text-align: center\">Prof. Dr. Steve Wanderson Calheiros de Ara\u00fajo<\/address>\n<address style=\"text-align: center\">Pr\u00f3-Reitor de Extens\u00e3o e A\u00e7\u00f5es Comunit\u00e1rias<\/address>\n<address style=\"text-align: center\">&nbsp;<\/address>\n<table border=\"1\" cellspacing=\"0\" cellpadding=\"0\">\n<tbody>\n<tr>\n<td valign=\"top\" width=\"690\">Os casos omissos, n\u00e3o previstos neste, ser\u00e3o resolvidos pela <b>PROEAC (96) 3312-1746<\/b>.<\/td>\n<\/tr>\n<\/tbody>\n<\/table>\n","protected":false},"excerpt":{"rendered":"<p>OBJETIVO: Regulamentar e disciplinar os procedimentos para a utiliza\u00e7\u00e3o do anfiteatro da Universidade Federal do Amap\u00e1, a fim de estabelecer conviv\u00eancia harm\u00f4nica e garantir a conserva\u00e7\u00e3o e a preserva\u00e7\u00e3o de suas instala\u00e7\u00f5es f\u00edsicas, mobili\u00e1rios, bem como dos equipamentos de proje\u00e7\u00e3o&hellip; <\/p>\n<p><a href=\"https:\/\/www2.unifap.br\/auditoriomultiuso\/instrucao-de-uso\/\" class=\"readmore-button\">Continue Reading<\/a><\/p>\n","protected":false},"author":655,"featured_media":0,"parent":0,"menu_order":0,"comment_status":"open","ping_status":"open","template":"","meta":{"inline_featured_image":false,"ngg_post_thumbnail":0,"footnotes":""},"class_list":["post-23","page","type-page","status-publish","hentry"],"_links":{"self":[{"href":"https:\/\/www2.unifap.br\/auditoriomultiuso\/wp-json\/wp\/v2\/pages\/23","targetHints":{"allow":["GET"]}}],"collection":[{"href":"https:\/\/www2.unifap.br\/auditoriomultiuso\/wp-json\/wp\/v2\/pages"}],"about":[{"href":"https:\/\/www2.unifap.br\/auditoriomultiuso\/wp-json\/wp\/v2\/types\/page"}],"author":[{"embeddable":true,"href":"https:\/\/www2.unifap.br\/auditoriomultiuso\/wp-json\/wp\/v2\/users\/655"}],"replies":[{"embeddable":true,"href":"https:\/\/www2.unifap.br\/auditoriomultiuso\/wp-json\/wp\/v2\/comments?post=23"}],"version-history":[{"count":17,"href":"https:\/\/www2.unifap.br\/auditoriomultiuso\/wp-json\/wp\/v2\/pages\/23\/revisions"}],"predecessor-version":[{"id":123,"href":"https:\/\/www2.unifap.br\/auditoriomultiuso\/wp-json\/wp\/v2\/pages\/23\/revisions\/123"}],"wp:attachment":[{"href":"https:\/\/www2.unifap.br\/auditoriomultiuso\/wp-json\/wp\/v2\/media?parent=23"}],"curies":[{"name":"wp","href":"https:\/\/api.w.org\/{rel}","templated":true}]}}