{"id":120,"date":"2021-05-31T17:50:53","date_gmt":"2021-05-31T20:50:53","guid":{"rendered":"http:\/\/www2.unifap.br\/biblioteca-mazagao\/?page_id=120"},"modified":"2021-05-31T18:52:33","modified_gmt":"2021-05-31T21:52:33","slug":"quem-somos","status":"publish","type":"page","link":"https:\/\/www2.unifap.br\/biblioteca-mazagao\/quem-somos\/","title":{"rendered":"Quem somos?"},"content":{"rendered":"\t\t<div data-elementor-type=\"wp-page\" data-elementor-id=\"120\" class=\"elementor elementor-120\">\n\t\t\t\t\t\t<section class=\"elementor-section elementor-top-section elementor-element elementor-element-2ae1a163 elementor-section-boxed elementor-section-height-default elementor-section-height-default\" data-id=\"2ae1a163\" data-element_type=\"section\" data-e-type=\"section\">\n\t\t\t\t\t\t<div class=\"elementor-container elementor-column-gap-default\">\n\t\t\t\t\t<div class=\"elementor-column elementor-col-100 elementor-top-column elementor-element elementor-element-6205f6b4\" data-id=\"6205f6b4\" data-element_type=\"column\" data-e-type=\"column\">\n\t\t\t<div class=\"elementor-widget-wrap elementor-element-populated\">\n\t\t\t\t\t\t<div class=\"elementor-element elementor-element-78ab173e elementor-widget elementor-widget-text-editor\" data-id=\"78ab173e\" data-element_type=\"widget\" data-e-type=\"widget\" data-widget_type=\"text-editor.default\">\n\t\t\t\t<div class=\"elementor-widget-container\">\n\t\t\t\t\t\t\t\t\t<p dir=\"ltr\">Localizada no Munic\u00edpio de Mazag\u00e3o, no Estado do Amap\u00e1, a Biblioteca do Campus de Mazag\u00e3o (BCM) da Universidade Federal do Amap\u00e1 (UNIFAP) objetiva facilitar o acesso \u00e0 informa\u00e7\u00e3o oferecendo aos usu\u00e1rios atendimento de qualidade, imprescind\u00edvel para fortalecer o processo de ensino, pesquisa e extens\u00e3o, bem como para contribuir com a constru\u00e7\u00e3o do conhecimento e o desenvolvimento da sociedade; assegurar o acesso a literatura cient\u00edfica para as \u00e1reas das quais s\u00e3o ofertados cursos no Campus de Mazag\u00e3o.<\/p>\n<p dir=\"ltr\">Compete a BCM promover a organiza\u00e7\u00e3o, a conserva\u00e7\u00e3o e a dissemina\u00e7\u00e3o dos recursos bibliogr\u00e1ficos informacionais sob a cust\u00f3dia do Campus de Mazag\u00e3o e prestar atendimento a comunidade universit\u00e1ria.<\/p>\n<p dir=\"ltr\">\u00c9 vinculada diretamente a Coordena\u00e7\u00e3o do Campus de Mazag\u00e3o e ocupa um pr\u00e9dio constru\u00eddo para esta finalidade e entregue em 7 de abril de 2017. Trata-se de uma \u00e1rea de 240m\u00b2 e conta com sala audiovisual, leitura, atendimento, \u00e1rea de consulta digital do acervo e salas administrativas.&nbsp;<\/p>\n<p dir=\"ltr\">Bibliotec\u00e1rio respons\u00e1vel: Me. Raildo de Sousa Machado, CRB2-1501.<\/p>\t\t\t\t\t\t\t\t<\/div>\n\t\t\t\t<\/div>\n\t\t\t\t\t<\/div>\n\t\t<\/div>\n\t\t\t\t\t<\/div>\n\t\t<\/section>\n\t\t\t\t<section class=\"elementor-section elementor-top-section elementor-element elementor-element-a2be346 elementor-section-boxed elementor-section-height-default elementor-section-height-default\" data-id=\"a2be346\" data-element_type=\"section\" data-e-type=\"section\">\n\t\t\t\t\t\t<div class=\"elementor-container elementor-column-gap-default\">\n\t\t\t\t\t<div class=\"elementor-column elementor-col-100 elementor-top-column elementor-element elementor-element-1c8b8d8\" data-id=\"1c8b8d8\" data-element_type=\"column\" data-e-type=\"column\">\n\t\t\t<div class=\"elementor-widget-wrap elementor-element-populated\">\n\t\t\t\t\t\t<div class=\"elementor-element elementor-element-fb04748 elementor-widget-divider--view-line elementor-widget elementor-widget-divider\" data-id=\"fb04748\" data-element_type=\"widget\" data-e-type=\"widget\" data-widget_type=\"divider.default\">\n\t\t\t\t<div class=\"elementor-widget-container\">\n\t\t\t\t\t\t\t<div class=\"elementor-divider\">\n\t\t\t<span class=\"elementor-divider-separator\">\n\t\t\t\t\t\t<\/span>\n\t\t<\/div>\n\t\t\t\t\t\t<\/div>\n\t\t\t\t<\/div>\n\t\t\t\t\t<\/div>\n\t\t<\/div>\n\t\t\t\t\t<\/div>\n\t\t<\/section>\n\t\t\t\t<section class=\"elementor-section elementor-top-section elementor-element elementor-element-776434b elementor-section-boxed elementor-section-height-default elementor-section-height-default\" data-id=\"776434b\" data-element_type=\"section\" data-e-type=\"section\">\n\t\t\t\t\t\t<div class=\"elementor-container elementor-column-gap-default\">\n\t\t\t\t\t<div class=\"elementor-column elementor-col-100 elementor-top-column elementor-element elementor-element-9ace442\" data-id=\"9ace442\" data-element_type=\"column\" data-e-type=\"column\">\n\t\t\t<div class=\"elementor-widget-wrap elementor-element-populated\">\n\t\t\t\t\t\t<div class=\"elementor-element elementor-element-c1863a5 elementor-view-default elementor-widget elementor-widget-icon\" data-id=\"c1863a5\" data-element_type=\"widget\" data-e-type=\"widget\" data-widget_type=\"icon.default\">\n\t\t\t\t<div class=\"elementor-widget-container\">\n\t\t\t\t\t\t\t<div class=\"elementor-icon-wrapper\">\n\t\t\t<div class=\"elementor-icon\">\n\t\t\t<i aria-hidden=\"true\" class=\"fas fa-book\"><\/i>\t\t\t<\/div>\n\t\t<\/div>\n\t\t\t\t\t\t<\/div>\n\t\t\t\t<\/div>\n\t\t\t\t\t<\/div>\n\t\t<\/div>\n\t\t\t\t\t<\/div>\n\t\t<\/section>\n\t\t\t\t<\/div>\n\t\t","protected":false},"excerpt":{"rendered":"<p>Localizada no Munic\u00edpio de Mazag\u00e3o, no Estado do Amap\u00e1, a Biblioteca do Campus de Mazag\u00e3o (BCM) da Universidade Federal do Amap\u00e1 (UNIFAP) objetiva facilitar o acesso \u00e0 informa\u00e7\u00e3o oferecendo aos usu\u00e1rios atendimento de qualidade, imprescind\u00edvel para fortalecer o processo de ensino, pesquisa e extens\u00e3o, bem como para contribuir com a constru\u00e7\u00e3o do conhecimento e o&#8230;<\/p>\n","protected":false},"author":3903,"featured_media":0,"parent":0,"menu_order":0,"comment_status":"closed","ping_status":"closed","template":"","meta":{"inline_featured_image":false,"ngg_post_thumbnail":0,"footnotes":""},"class_list":["post-120","page","type-page","status-publish","hentry","entry"],"_links":{"self":[{"href":"https:\/\/www2.unifap.br\/biblioteca-mazagao\/wp-json\/wp\/v2\/pages\/120","targetHints":{"allow":["GET"]}}],"collection":[{"href":"https:\/\/www2.unifap.br\/biblioteca-mazagao\/wp-json\/wp\/v2\/pages"}],"about":[{"href":"https:\/\/www2.unifap.br\/biblioteca-mazagao\/wp-json\/wp\/v2\/types\/page"}],"author":[{"embeddable":true,"href":"https:\/\/www2.unifap.br\/biblioteca-mazagao\/wp-json\/wp\/v2\/users\/3903"}],"replies":[{"embeddable":true,"href":"https:\/\/www2.unifap.br\/biblioteca-mazagao\/wp-json\/wp\/v2\/comments?post=120"}],"version-history":[{"count":6,"href":"https:\/\/www2.unifap.br\/biblioteca-mazagao\/wp-json\/wp\/v2\/pages\/120\/revisions"}],"predecessor-version":[{"id":137,"href":"https:\/\/www2.unifap.br\/biblioteca-mazagao\/wp-json\/wp\/v2\/pages\/120\/revisions\/137"}],"wp:attachment":[{"href":"https:\/\/www2.unifap.br\/biblioteca-mazagao\/wp-json\/wp\/v2\/media?parent=120"}],"curies":[{"name":"wp","href":"https:\/\/api.w.org\/{rel}","templated":true}]}}