{"id":428,"date":"2022-05-24T08:48:50","date_gmt":"2022-05-24T11:48:50","guid":{"rendered":"https:\/\/www2.unifap.br\/biblioteca-mazagao\/?page_id=428"},"modified":"2022-05-24T10:52:40","modified_gmt":"2022-05-24T13:52:40","slug":"declaracao-de-adimplencia","status":"publish","type":"page","link":"https:\/\/www2.unifap.br\/biblioteca-mazagao\/solicitacoes\/declaracao-de-adimplencia\/","title":{"rendered":"Declara\u00e7\u00e3o de adimpl\u00eancia"},"content":{"rendered":"<p>Elaborada e emitida pela Biblioteca do Campus Mazag\u00e3o, a Declara\u00e7\u00e3o de Quita\u00e7\u00e3o (adimpl\u00eancia) \u00e9 um documento que comprova que o usu\u00e1rio n\u00e3o possui pend\u00eancias com a Biblioteca. Este documento \u00e9 necess\u00e1rio para:<\/p>\n<ul>\n<li>Discentes: solicita\u00e7\u00e3o de emiss\u00e3o de diploma de gradua\u00e7\u00e3o, p\u00f3s-gradua\u00e7\u00e3o Stricto sensu ou certificado de p\u00f3s-gradua\u00e7\u00e3o Lato sensu, transfer\u00eancia, trancamento de curso, desligamento da Universidade e nova matr\u00edcula;<\/li>\n<li>Servidores (docentes e t\u00e9cnicos-administrativos): exonera\u00e7\u00e3o; aposentadoria; licen\u00e7a para trato de interesses particulares; licen\u00e7a para acompanhar c\u00f4njuge; redistribui\u00e7\u00e3o; afastamento para qualifica\u00e7\u00e3o ou capacita\u00e7\u00e3o, com per\u00edodo superior a 3 (tr\u00eas) meses.<\/li>\n<\/ul>\n<p>Clique <a href=\"https:\/\/docs.google.com\/forms\/d\/e\/1FAIpQLSf_rk0D9MZ1HmZaKRelC03pNKteu6LIpAc_2rfpsKZeTEWmJg\/viewform\" target=\"_blank\" rel=\"noopener\">AQUI<\/a> para solicitar a sua Declara\u00e7\u00e3o de Quita\u00e7\u00e3o (adimpl\u00eancia) com a Biblioteca do Campus Mazag\u00e3o.<\/p>\n","protected":false},"excerpt":{"rendered":"<p>Elaborada e emitida pela Biblioteca do Campus Mazag\u00e3o, a Declara\u00e7\u00e3o de Quita\u00e7\u00e3o (adimpl\u00eancia) \u00e9 um documento que comprova que o usu\u00e1rio n\u00e3o possui pend\u00eancias com a Biblioteca. Este documento \u00e9 necess\u00e1rio para: Discentes: solicita\u00e7\u00e3o de emiss\u00e3o de diploma de gradua\u00e7\u00e3o, p\u00f3s-gradua\u00e7\u00e3o Stricto sensu ou certificado de p\u00f3s-gradua\u00e7\u00e3o Lato sensu, transfer\u00eancia, trancamento de curso, desligamento da&#8230;<\/p>\n","protected":false},"author":3903,"featured_media":0,"parent":359,"menu_order":0,"comment_status":"closed","ping_status":"closed","template":"","meta":{"inline_featured_image":false,"ngg_post_thumbnail":0,"footnotes":""},"class_list":["post-428","page","type-page","status-publish","hentry","entry"],"_links":{"self":[{"href":"https:\/\/www2.unifap.br\/biblioteca-mazagao\/wp-json\/wp\/v2\/pages\/428","targetHints":{"allow":["GET"]}}],"collection":[{"href":"https:\/\/www2.unifap.br\/biblioteca-mazagao\/wp-json\/wp\/v2\/pages"}],"about":[{"href":"https:\/\/www2.unifap.br\/biblioteca-mazagao\/wp-json\/wp\/v2\/types\/page"}],"author":[{"embeddable":true,"href":"https:\/\/www2.unifap.br\/biblioteca-mazagao\/wp-json\/wp\/v2\/users\/3903"}],"replies":[{"embeddable":true,"href":"https:\/\/www2.unifap.br\/biblioteca-mazagao\/wp-json\/wp\/v2\/comments?post=428"}],"version-history":[{"count":3,"href":"https:\/\/www2.unifap.br\/biblioteca-mazagao\/wp-json\/wp\/v2\/pages\/428\/revisions"}],"predecessor-version":[{"id":489,"href":"https:\/\/www2.unifap.br\/biblioteca-mazagao\/wp-json\/wp\/v2\/pages\/428\/revisions\/489"}],"up":[{"embeddable":true,"href":"https:\/\/www2.unifap.br\/biblioteca-mazagao\/wp-json\/wp\/v2\/pages\/359"}],"wp:attachment":[{"href":"https:\/\/www2.unifap.br\/biblioteca-mazagao\/wp-json\/wp\/v2\/media?parent=428"}],"curies":[{"name":"wp","href":"https:\/\/api.w.org\/{rel}","templated":true}]}}