{"id":430,"date":"2022-05-24T08:51:03","date_gmt":"2022-05-24T11:51:03","guid":{"rendered":"https:\/\/www2.unifap.br\/biblioteca-mazagao\/?page_id=430"},"modified":"2022-05-24T10:49:48","modified_gmt":"2022-05-24T13:49:48","slug":"ficha-catalografica","status":"publish","type":"page","link":"https:\/\/www2.unifap.br\/biblioteca-mazagao\/solicitacoes\/ficha-catalografica\/","title":{"rendered":"Ficha catalogr\u00e1fica"},"content":{"rendered":"<p>A ficha catalogr\u00e1fica cont\u00e9m as principais informa\u00e7\u00f5es sobre um documento e s\u00e3o elaboradas conforme o C\u00f3digo Anglo-Americano de Cataloga\u00e7\u00e3o, 2\u00aa edi\u00e7\u00e3o (AACR2), e possuem um n\u00famero de classifica\u00e7\u00e3o de assunto, seguindo o sistema <em>Dewey Decimal Classification<\/em> (DDC).<\/p>\n<p>De acordo com a Al\u00ednea e) do Artigo 6\u00ba da Lei n\u00ba 4.084, de 30 de junho de 1962, esta \u00e9 uma atividade executada exclusivamente por bibliotec\u00e1ria(o).<\/p>\n<p>O Servi\u00e7o \u00e9 exclusivo aos usu\u00e1rios com v\u00ednculo ativo com o Campus Mazag\u00e3o e deve ser acompanhada do <a href=\"https:\/\/www2.unifap.br\/educacaodocampo\/tcc\/\" target=\"_blank\" rel=\"noopener\">Anexo I \u2013 Termo de autoriza\u00e7\u00e3o para elabora\u00e7\u00e3o de ficha catalogr\u00e1fica<\/a>.<\/p>\n<p>Clique <a href=\"https:\/\/docs.google.com\/forms\/d\/e\/1FAIpQLScwbb9GPKJbFOTOUutgg02QnJ0Q5cGOtXh9DpagQ5u-NcO3UQ\/viewform\" target=\"_blank\" rel=\"noopener\">AQUI<\/a> para solicitar a ficha catalogr\u00e1fica do seu Trabalho de Conclus\u00e3o de Curso (TCC).<\/p>\n","protected":false},"excerpt":{"rendered":"<p>A ficha catalogr\u00e1fica cont\u00e9m as principais informa\u00e7\u00f5es sobre um documento e s\u00e3o elaboradas conforme o C\u00f3digo Anglo-Americano de Cataloga\u00e7\u00e3o, 2\u00aa edi\u00e7\u00e3o (AACR2), e possuem um n\u00famero de classifica\u00e7\u00e3o de assunto, seguindo o sistema Dewey Decimal Classification (DDC). De acordo com a Al\u00ednea e) do Artigo 6\u00ba da Lei n\u00ba 4.084, de 30 de junho de&#8230;<\/p>\n","protected":false},"author":3903,"featured_media":0,"parent":359,"menu_order":0,"comment_status":"closed","ping_status":"closed","template":"","meta":{"inline_featured_image":false,"ngg_post_thumbnail":0,"footnotes":""},"class_list":["post-430","page","type-page","status-publish","hentry","entry"],"_links":{"self":[{"href":"https:\/\/www2.unifap.br\/biblioteca-mazagao\/wp-json\/wp\/v2\/pages\/430","targetHints":{"allow":["GET"]}}],"collection":[{"href":"https:\/\/www2.unifap.br\/biblioteca-mazagao\/wp-json\/wp\/v2\/pages"}],"about":[{"href":"https:\/\/www2.unifap.br\/biblioteca-mazagao\/wp-json\/wp\/v2\/types\/page"}],"author":[{"embeddable":true,"href":"https:\/\/www2.unifap.br\/biblioteca-mazagao\/wp-json\/wp\/v2\/users\/3903"}],"replies":[{"embeddable":true,"href":"https:\/\/www2.unifap.br\/biblioteca-mazagao\/wp-json\/wp\/v2\/comments?post=430"}],"version-history":[{"count":3,"href":"https:\/\/www2.unifap.br\/biblioteca-mazagao\/wp-json\/wp\/v2\/pages\/430\/revisions"}],"predecessor-version":[{"id":487,"href":"https:\/\/www2.unifap.br\/biblioteca-mazagao\/wp-json\/wp\/v2\/pages\/430\/revisions\/487"}],"up":[{"embeddable":true,"href":"https:\/\/www2.unifap.br\/biblioteca-mazagao\/wp-json\/wp\/v2\/pages\/359"}],"wp:attachment":[{"href":"https:\/\/www2.unifap.br\/biblioteca-mazagao\/wp-json\/wp\/v2\/media?parent=430"}],"curies":[{"name":"wp","href":"https:\/\/api.w.org\/{rel}","templated":true}]}}