{"id":432,"date":"2022-05-24T08:51:42","date_gmt":"2022-05-24T11:51:42","guid":{"rendered":"https:\/\/www2.unifap.br\/biblioteca-mazagao\/?page_id=432"},"modified":"2022-05-24T10:46:42","modified_gmt":"2022-05-24T13:46:42","slug":"cadastro-minha-biblioteca","status":"publish","type":"page","link":"https:\/\/www2.unifap.br\/biblioteca-mazagao\/solicitacoes\/cadastro-minha-biblioteca\/","title":{"rendered":"Cadastro &#8220;Minha Biblioteca&#8221;"},"content":{"rendered":"<p>Desenvolvida para ser o melhor provedor de conte\u00fado universit\u00e1rio do Brasil e a melhor solu\u00e7\u00e3o digital de e-books para institui\u00e7\u00f5es de ensino superior, a MINHA BIBLIOTECA \u00e9 uma plataforma digital de livros que possui um vasto acervo de t\u00edtulos t\u00e9cnicos e cient\u00edficos.<\/p>\n<p>Formada por 16 grandes editoras acad\u00eamicas e 42 selos editoriais, por meio da Minha Biblioteca, estudantes, professores e profissionais t\u00eam acesso r\u00e1pido, f\u00e1cil e simult\u00e2neo a milhares de t\u00edtulos.<\/p>\n<p>Com um amplo acervo multidisciplinar, s\u00e3o milhares de t\u00edtulos t\u00e9cnicos, acad\u00eamicos e cient\u00edficos, em portugu\u00eas, divididos em 7 cat\u00e1logos: Ci\u00eancias Jur\u00eddicas, Ci\u00eancias Sociais aplicadas, Ci\u00eancias Exatas, Sa\u00fade, Medicina e Odontologia, Ci\u00eancias Pedag\u00f3gicas e Letras e Arte, que atendem \u00e0 bibliografia de mais de 400 cursos de gradua\u00e7\u00e3o.<\/p>\n<p>Clique <a href=\"https:\/\/docs.google.com\/forms\/d\/e\/1FAIpQLSfBKeXzdaVBSXC_Xp_TyLr2lO6sXr7v5uuPeDtYtbJcnYxNdQ\/viewform\" target=\"_blank\" rel=\"noopener\">AQUI<\/a> para solicitar o seu cadastro para o uso da <a href=\"https:\/\/dliportal.zbra.com.br\/Login.aspx?key=UNIFAP\" target=\"_blank\" rel=\"noopener\">Minha Biblioteca<\/a>.<\/p>\n","protected":false},"excerpt":{"rendered":"<p>Desenvolvida para ser o melhor provedor de conte\u00fado universit\u00e1rio do Brasil e a melhor solu\u00e7\u00e3o digital de e-books para institui\u00e7\u00f5es de ensino superior, a MINHA BIBLIOTECA \u00e9 uma plataforma digital de livros que possui um vasto acervo de t\u00edtulos t\u00e9cnicos e cient\u00edficos. Formada por 16 grandes editoras acad\u00eamicas e 42 selos editoriais, por meio da&#8230;<\/p>\n","protected":false},"author":3903,"featured_media":0,"parent":359,"menu_order":0,"comment_status":"closed","ping_status":"closed","template":"","meta":{"inline_featured_image":false,"ngg_post_thumbnail":0,"footnotes":""},"class_list":["post-432","page","type-page","status-publish","hentry","entry"],"_links":{"self":[{"href":"https:\/\/www2.unifap.br\/biblioteca-mazagao\/wp-json\/wp\/v2\/pages\/432","targetHints":{"allow":["GET"]}}],"collection":[{"href":"https:\/\/www2.unifap.br\/biblioteca-mazagao\/wp-json\/wp\/v2\/pages"}],"about":[{"href":"https:\/\/www2.unifap.br\/biblioteca-mazagao\/wp-json\/wp\/v2\/types\/page"}],"author":[{"embeddable":true,"href":"https:\/\/www2.unifap.br\/biblioteca-mazagao\/wp-json\/wp\/v2\/users\/3903"}],"replies":[{"embeddable":true,"href":"https:\/\/www2.unifap.br\/biblioteca-mazagao\/wp-json\/wp\/v2\/comments?post=432"}],"version-history":[{"count":3,"href":"https:\/\/www2.unifap.br\/biblioteca-mazagao\/wp-json\/wp\/v2\/pages\/432\/revisions"}],"predecessor-version":[{"id":485,"href":"https:\/\/www2.unifap.br\/biblioteca-mazagao\/wp-json\/wp\/v2\/pages\/432\/revisions\/485"}],"up":[{"embeddable":true,"href":"https:\/\/www2.unifap.br\/biblioteca-mazagao\/wp-json\/wp\/v2\/pages\/359"}],"wp:attachment":[{"href":"https:\/\/www2.unifap.br\/biblioteca-mazagao\/wp-json\/wp\/v2\/media?parent=432"}],"curies":[{"name":"wp","href":"https:\/\/api.w.org\/{rel}","templated":true}]}}