{"id":439,"date":"2022-05-24T08:54:34","date_gmt":"2022-05-24T11:54:34","guid":{"rendered":"https:\/\/www2.unifap.br\/biblioteca-mazagao\/?page_id=439"},"modified":"2022-05-31T09:51:21","modified_gmt":"2022-05-31T12:51:21","slug":"minha-biblioteca","status":"publish","type":"page","link":"https:\/\/www2.unifap.br\/biblioteca-mazagao\/acesso\/minha-biblioteca\/","title":{"rendered":"Minha Biblioteca"},"content":{"rendered":"<p>Desenvolvida para ser o melhor provedor de conte\u00fado universit\u00e1rio do Brasil e a melhor solu\u00e7\u00e3o digital de e-books para institui\u00e7\u00f5es de ensino superior, a MINHA BIBLIOTECA \u00e9 uma plataforma digital de livros que possui um vasto acervo de t\u00edtulos t\u00e9cnicos e cient\u00edficos.<\/p>\n<p>Formada por 16 grandes editoras acad\u00eamicas e 42 selos editoriais, por meio da Minha Biblioteca, estudantes, professores e profissionais t\u00eam acesso r\u00e1pido, f\u00e1cil e simult\u00e2neo a milhares de t\u00edtulos.<\/p>\n<p>Com um amplo acervo multidisciplinar, s\u00e3o milhares de t\u00edtulos t\u00e9cnicos, acad\u00eamicos e cient\u00edficos, em portugu\u00eas, divididos em 7 cat\u00e1logos: Ci\u00eancias Jur\u00eddicas, Ci\u00eancias Sociais aplicadas, Ci\u00eancias Exatas, Sa\u00fade, Medicina e Odontologia, Ci\u00eancias Pedag\u00f3gicas e Letras e Arte, que atendem \u00e0 bibliografia de mais de 400 cursos de gradua\u00e7\u00e3o.<\/p>\n<p>A solicita\u00e7\u00e3o de cadastro para o uso da Minha Biblioteca pode ser realizada no seguinte <a href=\"https:\/\/docs.google.com\/forms\/d\/e\/1FAIpQLSfBKeXzdaVBSXC_Xp_TyLr2lO6sXr7v5uuPeDtYtbJcnYxNdQ\/viewform\" target=\"_blank\" rel=\"noopener\">formul\u00e1rio<\/a>.<a href=\"https:\/\/dliportal.zbra.com.br\/Login.aspx?key=UNIFAP\" target=\"_blank\" rel=\"noopener\"><img fetchpriority=\"high\" decoding=\"async\" class=\"size-full wp-image-333 alignnone\" src=\"http:\/\/www2.unifap.br\/biblioteca-mazagao\/files\/2022\/03\/Captura-de-tela-2022-03-30-09.24.38.png\" alt=\"\" width=\"1920\" height=\"1080\"><\/a><\/p>\n","protected":false},"excerpt":{"rendered":"<p>Desenvolvida para ser o melhor provedor de conte\u00fado universit\u00e1rio do Brasil e a melhor solu\u00e7\u00e3o digital de e-books para institui\u00e7\u00f5es de ensino superior, a MINHA BIBLIOTECA \u00e9 uma plataforma digital de livros que possui um vasto acervo de t\u00edtulos t\u00e9cnicos e cient\u00edficos. Formada por 16 grandes editoras acad\u00eamicas e 42 selos editoriais, por meio da&#8230;<\/p>\n","protected":false},"author":3903,"featured_media":0,"parent":436,"menu_order":1,"comment_status":"closed","ping_status":"closed","template":"","meta":{"inline_featured_image":false,"ngg_post_thumbnail":0,"footnotes":""},"class_list":["post-439","page","type-page","status-publish","hentry","entry"],"_links":{"self":[{"href":"https:\/\/www2.unifap.br\/biblioteca-mazagao\/wp-json\/wp\/v2\/pages\/439","targetHints":{"allow":["GET"]}}],"collection":[{"href":"https:\/\/www2.unifap.br\/biblioteca-mazagao\/wp-json\/wp\/v2\/pages"}],"about":[{"href":"https:\/\/www2.unifap.br\/biblioteca-mazagao\/wp-json\/wp\/v2\/types\/page"}],"author":[{"embeddable":true,"href":"https:\/\/www2.unifap.br\/biblioteca-mazagao\/wp-json\/wp\/v2\/users\/3903"}],"replies":[{"embeddable":true,"href":"https:\/\/www2.unifap.br\/biblioteca-mazagao\/wp-json\/wp\/v2\/comments?post=439"}],"version-history":[{"count":3,"href":"https:\/\/www2.unifap.br\/biblioteca-mazagao\/wp-json\/wp\/v2\/pages\/439\/revisions"}],"predecessor-version":[{"id":473,"href":"https:\/\/www2.unifap.br\/biblioteca-mazagao\/wp-json\/wp\/v2\/pages\/439\/revisions\/473"}],"up":[{"embeddable":true,"href":"https:\/\/www2.unifap.br\/biblioteca-mazagao\/wp-json\/wp\/v2\/pages\/436"}],"wp:attachment":[{"href":"https:\/\/www2.unifap.br\/biblioteca-mazagao\/wp-json\/wp\/v2\/media?parent=439"}],"curies":[{"name":"wp","href":"https:\/\/api.w.org\/{rel}","templated":true}]}}