{"id":441,"date":"2022-05-24T08:54:50","date_gmt":"2022-05-24T11:54:50","guid":{"rendered":"https:\/\/www2.unifap.br\/biblioteca-mazagao\/?page_id=441"},"modified":"2022-05-31T09:51:05","modified_gmt":"2022-05-31T12:51:05","slug":"dot-lib","status":"publish","type":"page","link":"https:\/\/www2.unifap.br\/biblioteca-mazagao\/acesso\/dot-lib\/","title":{"rendered":"dot.lib"},"content":{"rendered":"<p>O objetivo da <a href=\"https:\/\/acervodigital.unifap.br\/plataformas.php\" target=\"_blank\" rel=\"noopener\">dot.lib<\/a> \u00e9 disseminar conhecimento cient\u00edfico atrav\u00e9s do fornecimento de acesso online a livros digitais (eBooks), peri\u00f3dicos eletr\u00f4nicos (eJournals) e bases de dados (databa<a href=\"https:\/\/acervodigital.unifap.br\/plataformas.php\" target=\"_blank\" rel=\"noopener\"><img decoding=\"async\" class=\" wp-image-289 alignleft\" src=\"http:\/\/www2.unifap.br\/biblioteca-mazagao\/files\/2021\/06\/logodotlib.png\" alt=\"\" width=\"129\" height=\"38\"><\/a>ses) nas mais diversas \u00e1reas do conhecimento.&nbsp;<br \/>\nA comunidade acad\u00eamica da UNIFAP tem acesso a <a href=\"https:\/\/acervodigital.unifap.br\/plataformas.php\" target=\"_blank\" rel=\"noopener\">dot.lib<\/a> com os mesmos login e senha do SIGAA.<\/p>\n","protected":false},"excerpt":{"rendered":"<p>O objetivo da dot.lib \u00e9 disseminar conhecimento cient\u00edfico atrav\u00e9s do fornecimento de acesso online a livros digitais (eBooks), peri\u00f3dicos eletr\u00f4nicos (eJournals) e bases de dados (databases) nas mais diversas \u00e1reas do conhecimento.&nbsp; A comunidade acad\u00eamica da UNIFAP tem acesso a dot.lib com os mesmos login e senha do SIGAA.<\/p>\n","protected":false},"author":3903,"featured_media":0,"parent":436,"menu_order":2,"comment_status":"closed","ping_status":"closed","template":"","meta":{"inline_featured_image":false,"ngg_post_thumbnail":0,"footnotes":""},"class_list":["post-441","page","type-page","status-publish","hentry","entry"],"_links":{"self":[{"href":"https:\/\/www2.unifap.br\/biblioteca-mazagao\/wp-json\/wp\/v2\/pages\/441","targetHints":{"allow":["GET"]}}],"collection":[{"href":"https:\/\/www2.unifap.br\/biblioteca-mazagao\/wp-json\/wp\/v2\/pages"}],"about":[{"href":"https:\/\/www2.unifap.br\/biblioteca-mazagao\/wp-json\/wp\/v2\/types\/page"}],"author":[{"embeddable":true,"href":"https:\/\/www2.unifap.br\/biblioteca-mazagao\/wp-json\/wp\/v2\/users\/3903"}],"replies":[{"embeddable":true,"href":"https:\/\/www2.unifap.br\/biblioteca-mazagao\/wp-json\/wp\/v2\/comments?post=441"}],"version-history":[{"count":3,"href":"https:\/\/www2.unifap.br\/biblioteca-mazagao\/wp-json\/wp\/v2\/pages\/441\/revisions"}],"predecessor-version":[{"id":471,"href":"https:\/\/www2.unifap.br\/biblioteca-mazagao\/wp-json\/wp\/v2\/pages\/441\/revisions\/471"}],"up":[{"embeddable":true,"href":"https:\/\/www2.unifap.br\/biblioteca-mazagao\/wp-json\/wp\/v2\/pages\/436"}],"wp:attachment":[{"href":"https:\/\/www2.unifap.br\/biblioteca-mazagao\/wp-json\/wp\/v2\/media?parent=441"}],"curies":[{"name":"wp","href":"https:\/\/api.w.org\/{rel}","templated":true}]}}