{"id":443,"date":"2022-05-24T08:55:16","date_gmt":"2022-05-24T11:55:16","guid":{"rendered":"https:\/\/www2.unifap.br\/biblioteca-mazagao\/?page_id=443"},"modified":"2022-05-31T09:50:24","modified_gmt":"2022-05-31T12:50:24","slug":"colecao-abnt","status":"publish","type":"page","link":"https:\/\/www2.unifap.br\/biblioteca-mazagao\/acesso\/colecao-abnt\/","title":{"rendered":"Cole\u00e7\u00e3o ABNT"},"content":{"rendered":"<p>A <a href=\"https:\/\/acervodigital.unifap.br\/index.php\" target=\"_blank\" rel=\"noopener\">Cole\u00e7\u00e3o ABNT<\/a> \u00e9 uma base de dados que re\u00fane as normas da Associa\u00e7\u00e3o Brasileira de Normas T\u00e9cnicas (ABNT), usadas para uniformizar diversos produtos e servi\u00e7os, inclusive a apresenta\u00e7\u00e3o de trabalhos cient\u00edficos em todo o pa\u00eds.<br \/>\nA comunidade acad\u00eamica da UNIFAP tem acesso a <a href=\"https:\/\/acervodigital.unifap.br\/index.php\" target=\"_blank\" rel=\"noopener\">Cole\u00e7\u00e3o ABNT<\/a> com os mesmos login e senha do SIGAA. O acesso \u00e9 permitido a partir de um computador com IP vinculado a UNIFAP.<a href=\"https:\/\/acervodigital.unifap.br\/index.php\" target=\"_blank\" rel=\"noopener\"><img fetchpriority=\"high\" decoding=\"async\" class=\"size-full wp-image-475 aligncenter\" src=\"http:\/\/www2.unifap.br\/biblioteca-mazagao\/files\/2022\/05\/12673722293_c456419bf7_z.jpg\" alt=\"\" width=\"640\" height=\"161\"><\/a><\/p>\n","protected":false},"excerpt":{"rendered":"<p>A Cole\u00e7\u00e3o ABNT \u00e9 uma base de dados que re\u00fane as normas da Associa\u00e7\u00e3o Brasileira de Normas T\u00e9cnicas (ABNT), usadas para uniformizar diversos produtos e servi\u00e7os, inclusive a apresenta\u00e7\u00e3o de trabalhos cient\u00edficos em todo o pa\u00eds. A comunidade acad\u00eamica da UNIFAP tem acesso a Cole\u00e7\u00e3o ABNT com os mesmos login e senha do SIGAA. O&#8230;<\/p>\n","protected":false},"author":3903,"featured_media":0,"parent":436,"menu_order":3,"comment_status":"closed","ping_status":"closed","template":"","meta":{"inline_featured_image":false,"ngg_post_thumbnail":0,"footnotes":""},"class_list":["post-443","page","type-page","status-publish","hentry","entry"],"_links":{"self":[{"href":"https:\/\/www2.unifap.br\/biblioteca-mazagao\/wp-json\/wp\/v2\/pages\/443","targetHints":{"allow":["GET"]}}],"collection":[{"href":"https:\/\/www2.unifap.br\/biblioteca-mazagao\/wp-json\/wp\/v2\/pages"}],"about":[{"href":"https:\/\/www2.unifap.br\/biblioteca-mazagao\/wp-json\/wp\/v2\/types\/page"}],"author":[{"embeddable":true,"href":"https:\/\/www2.unifap.br\/biblioteca-mazagao\/wp-json\/wp\/v2\/users\/3903"}],"replies":[{"embeddable":true,"href":"https:\/\/www2.unifap.br\/biblioteca-mazagao\/wp-json\/wp\/v2\/comments?post=443"}],"version-history":[{"count":3,"href":"https:\/\/www2.unifap.br\/biblioteca-mazagao\/wp-json\/wp\/v2\/pages\/443\/revisions"}],"predecessor-version":[{"id":476,"href":"https:\/\/www2.unifap.br\/biblioteca-mazagao\/wp-json\/wp\/v2\/pages\/443\/revisions\/476"}],"up":[{"embeddable":true,"href":"https:\/\/www2.unifap.br\/biblioteca-mazagao\/wp-json\/wp\/v2\/pages\/436"}],"wp:attachment":[{"href":"https:\/\/www2.unifap.br\/biblioteca-mazagao\/wp-json\/wp\/v2\/media?parent=443"}],"curies":[{"name":"wp","href":"https:\/\/api.w.org\/{rel}","templated":true}]}}