{"id":445,"date":"2022-05-24T08:55:45","date_gmt":"2022-05-24T11:55:45","guid":{"rendered":"https:\/\/www2.unifap.br\/biblioteca-mazagao\/?page_id=445"},"modified":"2022-05-31T09:52:00","modified_gmt":"2022-05-31T12:52:00","slug":"repositorio-institucional-da-unifap","status":"publish","type":"page","link":"https:\/\/www2.unifap.br\/biblioteca-mazagao\/acesso\/repositorio-institucional-da-unifap\/","title":{"rendered":"Reposit\u00f3rio Institucional da UNIFAP"},"content":{"rendered":"<p><a href=\"http:\/\/repositorio.unifap.br\/\" target=\"_blank\" rel=\"noopener\"><img decoding=\"async\" class=\"wp-image-479 alignleft\" src=\"http:\/\/www2.unifap.br\/biblioteca-mazagao\/files\/2022\/05\/logo_biblio-1-1.jpg\" alt=\"\" width=\"118\" height=\"160\"><\/a><\/p>\n<p>O <a href=\"http:\/\/repositorio.unifap.br\/\" target=\"_blank\" rel=\"noopener\">Reposit\u00f3rio Institucional da UNIFAP<\/a> (RIUNIFAP) \u00e9 uma Biblioteca Virtual que possui como objetivos promover a integra\u00e7\u00e3o e reuni\u00e3o de toda a produ\u00e7\u00e3o acad\u00eamica da UNIFAP; aumentar a visibilidade e preservar a mem\u00f3ria intelectual da Universidade; ampliar e facilitar o acesso \u00e0 produ\u00e7\u00e3o cient\u00edfica desenvolvida na UNIFAP.<br \/>\nNo <a href=\"http:\/\/repositorio.unifap.br\/\" target=\"_blank\" rel=\"noopener\">RIUNIFAP<\/a> est\u00e3o dispon\u00edveis todos os <a href=\"http:\/\/repositorio.unifap.br\/handle\/123456789\/16\" target=\"_blank\" rel=\"noopener\">Trabalhos de Conclus\u00e3o de Curso<\/a> (TCC) defendidos no Campus Mazag\u00e3o.<\/p>\n<p>&nbsp;<\/p>\n","protected":false},"excerpt":{"rendered":"<p>O Reposit\u00f3rio Institucional da UNIFAP (RIUNIFAP) \u00e9 uma Biblioteca Virtual que possui como objetivos promover a integra\u00e7\u00e3o e reuni\u00e3o de toda a produ\u00e7\u00e3o acad\u00eamica da UNIFAP; aumentar a visibilidade e preservar a mem\u00f3ria intelectual da Universidade; ampliar e facilitar o acesso \u00e0 produ\u00e7\u00e3o cient\u00edfica desenvolvida na UNIFAP. No RIUNIFAP est\u00e3o dispon\u00edveis todos os Trabalhos de&#8230;<\/p>\n","protected":false},"author":3903,"featured_media":0,"parent":436,"menu_order":4,"comment_status":"closed","ping_status":"closed","template":"","meta":{"inline_featured_image":false,"ngg_post_thumbnail":0,"footnotes":""},"class_list":["post-445","page","type-page","status-publish","hentry","entry"],"_links":{"self":[{"href":"https:\/\/www2.unifap.br\/biblioteca-mazagao\/wp-json\/wp\/v2\/pages\/445","targetHints":{"allow":["GET"]}}],"collection":[{"href":"https:\/\/www2.unifap.br\/biblioteca-mazagao\/wp-json\/wp\/v2\/pages"}],"about":[{"href":"https:\/\/www2.unifap.br\/biblioteca-mazagao\/wp-json\/wp\/v2\/types\/page"}],"author":[{"embeddable":true,"href":"https:\/\/www2.unifap.br\/biblioteca-mazagao\/wp-json\/wp\/v2\/users\/3903"}],"replies":[{"embeddable":true,"href":"https:\/\/www2.unifap.br\/biblioteca-mazagao\/wp-json\/wp\/v2\/comments?post=445"}],"version-history":[{"count":3,"href":"https:\/\/www2.unifap.br\/biblioteca-mazagao\/wp-json\/wp\/v2\/pages\/445\/revisions"}],"predecessor-version":[{"id":480,"href":"https:\/\/www2.unifap.br\/biblioteca-mazagao\/wp-json\/wp\/v2\/pages\/445\/revisions\/480"}],"up":[{"embeddable":true,"href":"https:\/\/www2.unifap.br\/biblioteca-mazagao\/wp-json\/wp\/v2\/pages\/436"}],"wp:attachment":[{"href":"https:\/\/www2.unifap.br\/biblioteca-mazagao\/wp-json\/wp\/v2\/media?parent=445"}],"curies":[{"name":"wp","href":"https:\/\/api.w.org\/{rel}","templated":true}]}}