{"id":447,"date":"2022-05-24T08:56:07","date_gmt":"2022-05-24T11:56:07","guid":{"rendered":"https:\/\/www2.unifap.br\/biblioteca-mazagao\/?page_id=447"},"modified":"2022-05-31T09:51:41","modified_gmt":"2022-05-31T12:51:41","slug":"portal-de-periodicos-da-capes","status":"publish","type":"page","link":"https:\/\/www2.unifap.br\/biblioteca-mazagao\/acesso\/portal-de-periodicos-da-capes\/","title":{"rendered":"Portal de Peri\u00f3dicos da CAPES"},"content":{"rendered":"<p>O <a href=\"https:\/\/www-periodicos-capes-gov-br.ezl.periodicos.capes.gov.br\/\" target=\"_blank\" rel=\"noopener\">Portal de Peri\u00f3dicos<\/a> da Coordena\u00e7\u00e3o de Aperfei\u00e7oamento de Pessoal de N\u00edvel Superior (CAPES) \u00e9 um dos maiores acervos cient\u00edficos virtuais do Pa\u00eds, que re\u00fane e disponibiliza conte\u00fados produzidos nacionalmente e outros assinados com editoras internacionais a institui\u00e7\u00f5es de ensino e pesquisa no Brasil. S\u00e3o mais de 49 mil peri\u00f3dicos com texto completo e 455 bases de dados de conte\u00fados diversos, como refer\u00eancias, patentes, estat\u00edsticas, material audiovisual, normas t\u00e9cnicas, teses, disserta\u00e7\u00f5es, livros e obras de refer\u00eancia.<br \/>\nFoi criado para reunir material cient\u00edfico de alta qualidade e disponibiliz\u00e1-lo \u00e0 comunidade acad\u00eamica brasileira. Assim, o <a href=\"https:\/\/www-periodicos-capes-gov-br.ezl.periodicos.capes.gov.br\/\" target=\"_blank\" rel=\"noopener\">Portal de Peri\u00f3dicos<\/a> tem o objetivo de reduzir as assimetrias regionais no acesso \u00e0 informa\u00e7\u00e3o cient\u00edfica, cobrindo todo o territ\u00f3rio nacional. \u00c9 considerado uma iniciativa \u00fanica no mundo, pois um grande n\u00famero de institui\u00e7\u00f5es acessa o acervo que \u00e9 inteiramente financiado pelo Governo Federal.<br \/>\nO <a href=\"https:\/\/www-periodicos-capes-gov-br.ezl.periodicos.capes.gov.br\/\" target=\"_blank\" rel=\"noopener\">Portal de Peri\u00f3dicos<\/a> propicia o desenvolvimento tecnol\u00f3gico e a inova\u00e7\u00e3o no Pa\u00eds por contribuir com o crescimento da produ\u00e7\u00e3o cient\u00edfica nacional e a inser\u00e7\u00e3o, cada vez maior, da ci\u00eancia brasileira no exterior. \u00c9, portanto, fundamental \u00e0s atribui\u00e7\u00f5es da CAPES de fomento, avalia\u00e7\u00e3o e regula\u00e7\u00e3o dos cursos de p\u00f3s-gradua\u00e7\u00e3o.<br \/>\nA comunidade acad\u00eamica da UNIFAP tem acesso ao Portal de Peri\u00f3dicos da CAPES a partir de um computador com IP vinculado a UNIFAP.<br \/>\nCaso voc\u00ea esteja acessando fora da rede da sua institui\u00e7\u00e3o, \u00e9 necess\u00e1rio efetuar o login e senha (os mesmos usados no SIGAA) na <a href=\"https:\/\/www-periodicos-capes-gov-br.ezl.periodicos.capes.gov.br\/index.php\/acesso-cafe.html\" target=\"_blank\" rel=\"noopener\">Comunidade Acad\u00eamica Federada (CAFe)<\/a>.<a href=\"https:\/\/www-periodicos-capes-gov-br.ezl.periodicos.capes.gov.br\/\" target=\"_blank\" rel=\"noopener\"><img decoding=\"async\" class=\"wp-image-482 aligncenter\" src=\"http:\/\/www2.unifap.br\/biblioteca-mazagao\/files\/2022\/05\/logo_periodicos-simples2.jpg\" alt=\"\" width=\"447\" height=\"56\"><\/a><\/p>\n<p>&nbsp;<\/p>\n","protected":false},"excerpt":{"rendered":"<p>O Portal de Peri\u00f3dicos da Coordena\u00e7\u00e3o de Aperfei\u00e7oamento de Pessoal de N\u00edvel Superior (CAPES) \u00e9 um dos maiores acervos cient\u00edficos virtuais do Pa\u00eds, que re\u00fane e disponibiliza conte\u00fados produzidos nacionalmente e outros assinados com editoras internacionais a institui\u00e7\u00f5es de ensino e pesquisa no Brasil. S\u00e3o mais de 49 mil peri\u00f3dicos com texto completo e 455&#8230;<\/p>\n","protected":false},"author":3903,"featured_media":0,"parent":436,"menu_order":5,"comment_status":"closed","ping_status":"closed","template":"","meta":{"inline_featured_image":false,"ngg_post_thumbnail":0,"footnotes":""},"class_list":["post-447","page","type-page","status-publish","hentry","entry"],"_links":{"self":[{"href":"https:\/\/www2.unifap.br\/biblioteca-mazagao\/wp-json\/wp\/v2\/pages\/447","targetHints":{"allow":["GET"]}}],"collection":[{"href":"https:\/\/www2.unifap.br\/biblioteca-mazagao\/wp-json\/wp\/v2\/pages"}],"about":[{"href":"https:\/\/www2.unifap.br\/biblioteca-mazagao\/wp-json\/wp\/v2\/types\/page"}],"author":[{"embeddable":true,"href":"https:\/\/www2.unifap.br\/biblioteca-mazagao\/wp-json\/wp\/v2\/users\/3903"}],"replies":[{"embeddable":true,"href":"https:\/\/www2.unifap.br\/biblioteca-mazagao\/wp-json\/wp\/v2\/comments?post=447"}],"version-history":[{"count":3,"href":"https:\/\/www2.unifap.br\/biblioteca-mazagao\/wp-json\/wp\/v2\/pages\/447\/revisions"}],"predecessor-version":[{"id":483,"href":"https:\/\/www2.unifap.br\/biblioteca-mazagao\/wp-json\/wp\/v2\/pages\/447\/revisions\/483"}],"up":[{"embeddable":true,"href":"https:\/\/www2.unifap.br\/biblioteca-mazagao\/wp-json\/wp\/v2\/pages\/436"}],"wp:attachment":[{"href":"https:\/\/www2.unifap.br\/biblioteca-mazagao\/wp-json\/wp\/v2\/media?parent=447"}],"curies":[{"name":"wp","href":"https:\/\/api.w.org\/{rel}","templated":true}]}}