{"id":449,"date":"2022-05-24T08:56:52","date_gmt":"2022-05-24T11:56:52","guid":{"rendered":"https:\/\/www2.unifap.br\/biblioteca-mazagao\/?page_id=449"},"modified":"2022-05-31T09:50:45","modified_gmt":"2022-05-31T12:50:45","slug":"dicionario-caldas-aulete","status":"publish","type":"page","link":"https:\/\/www2.unifap.br\/biblioteca-mazagao\/acesso\/dicionario-caldas-aulete\/","title":{"rendered":"Dicion\u00e1rio Caldas Aulete"},"content":{"rendered":"<p><a href=\"https:\/\/aulete.com.br\/index.php\" target=\"_blank\" rel=\"noopener\"><img decoding=\"async\" class=\"size-full wp-image-229 alignleft\" src=\"http:\/\/www2.unifap.br\/biblioteca-mazagao\/files\/2021\/06\/aulete_site.png\" alt=\"\" width=\"122\" height=\"51\"><\/a>Mais de 818 mil verbetes, defini\u00e7\u00f5es e locu\u00e7\u00f5es em permanente atualiza\u00e7\u00e3o. Um dicion\u00e1rio de crescimento infinito, sempre em intera\u00e7\u00e3o com a l\u00edngua portuguesa.<\/p>\n","protected":false},"excerpt":{"rendered":"<p>Mais de 818 mil verbetes, defini\u00e7\u00f5es e locu\u00e7\u00f5es em permanente atualiza\u00e7\u00e3o. Um dicion\u00e1rio de crescimento infinito, sempre em intera\u00e7\u00e3o com a l\u00edngua portuguesa.<\/p>\n","protected":false},"author":3903,"featured_media":0,"parent":436,"menu_order":6,"comment_status":"closed","ping_status":"closed","template":"","meta":{"inline_featured_image":false,"ngg_post_thumbnail":0,"footnotes":""},"class_list":["post-449","page","type-page","status-publish","hentry","entry"],"_links":{"self":[{"href":"https:\/\/www2.unifap.br\/biblioteca-mazagao\/wp-json\/wp\/v2\/pages\/449","targetHints":{"allow":["GET"]}}],"collection":[{"href":"https:\/\/www2.unifap.br\/biblioteca-mazagao\/wp-json\/wp\/v2\/pages"}],"about":[{"href":"https:\/\/www2.unifap.br\/biblioteca-mazagao\/wp-json\/wp\/v2\/types\/page"}],"author":[{"embeddable":true,"href":"https:\/\/www2.unifap.br\/biblioteca-mazagao\/wp-json\/wp\/v2\/users\/3903"}],"replies":[{"embeddable":true,"href":"https:\/\/www2.unifap.br\/biblioteca-mazagao\/wp-json\/wp\/v2\/comments?post=449"}],"version-history":[{"count":3,"href":"https:\/\/www2.unifap.br\/biblioteca-mazagao\/wp-json\/wp\/v2\/pages\/449\/revisions"}],"predecessor-version":[{"id":469,"href":"https:\/\/www2.unifap.br\/biblioteca-mazagao\/wp-json\/wp\/v2\/pages\/449\/revisions\/469"}],"up":[{"embeddable":true,"href":"https:\/\/www2.unifap.br\/biblioteca-mazagao\/wp-json\/wp\/v2\/pages\/436"}],"wp:attachment":[{"href":"https:\/\/www2.unifap.br\/biblioteca-mazagao\/wp-json\/wp\/v2\/media?parent=449"}],"curies":[{"name":"wp","href":"https:\/\/api.w.org\/{rel}","templated":true}]}}