{"id":1312,"date":"2015-11-12T17:03:00","date_gmt":"2015-11-12T20:03:00","guid":{"rendered":"http:\/\/www2.unifap.br\/biblioteca\/?page_id=1312"},"modified":"2021-09-23T13:14:06","modified_gmt":"2021-09-23T16:14:06","slug":"declaracao_autoria","status":"publish","type":"page","link":"https:\/\/www2.unifap.br\/biblioteca\/declaracao_autoria\/","title":{"rendered":"DECLARA\u00c7\u00c3O DE AUTORIA E AUTORIZA\u00c7\u00c3O PARA PUBLICA\u00c7\u00c3O"},"content":{"rendered":"\t\t<div data-elementor-type=\"wp-page\" data-elementor-id=\"1312\" class=\"elementor elementor-1312\">\n\t\t\t\t\t\t<section class=\"elementor-section elementor-top-section elementor-element elementor-element-adb9aa1 elementor-section-boxed elementor-section-height-default elementor-section-height-default\" data-id=\"adb9aa1\" data-element_type=\"section\" data-e-type=\"section\">\n\t\t\t\t\t\t<div class=\"elementor-container elementor-column-gap-default\">\n\t\t\t\t\t<div class=\"elementor-column elementor-col-100 elementor-top-column elementor-element elementor-element-aabaee3\" data-id=\"aabaee3\" data-element_type=\"column\" data-e-type=\"column\">\n\t\t\t<div class=\"elementor-widget-wrap elementor-element-populated\">\n\t\t\t\t\t\t<div class=\"elementor-element elementor-element-4536c28 elementor-align-justify elementor-widget elementor-widget-button\" data-id=\"4536c28\" data-element_type=\"widget\" data-e-type=\"widget\" data-widget_type=\"button.default\">\n\t\t\t\t<div class=\"elementor-widget-container\">\n\t\t\t\t\t\t\t\t\t<div class=\"elementor-button-wrapper\">\n\t\t\t\t\t<a class=\"elementor-button elementor-button-link elementor-size-xl\" href=\"http:\/\/www2.unifap.br\/biblioteca\/files\/2021\/09\/DECLARA\u00c7\u00c3O-DE-AUTORIA-E-AUTORIZA\u00c7\u00c3O-PARA-PUBLICA\u00c7\u00c3O_ATUAL.pdf\" target=\"_blank\">\n\t\t\t\t\t\t<span class=\"elementor-button-content-wrapper\">\n\t\t\t\t\t\t\t\t\t<span class=\"elementor-button-text\">Clique aqui para baixar<\/span>\n\t\t\t\t\t<\/span>\n\t\t\t\t\t<\/a>\n\t\t\t\t<\/div>\n\t\t\t\t\t\t\t\t<\/div>\n\t\t\t\t<\/div>\n\t\t\t\t\t<\/div>\n\t\t<\/div>\n\t\t\t\t\t<\/div>\n\t\t<\/section>\n\t\t\t\t<\/div>\n\t\t","protected":false},"excerpt":{"rendered":"<p>Clique aqui para baixar<\/p>\n","protected":false},"author":594,"featured_media":0,"parent":0,"menu_order":8,"comment_status":"open","ping_status":"open","template":"","meta":{"inline_featured_image":false,"ngg_post_thumbnail":0,"footnotes":""},"class_list":["post-1312","page","type-page","status-publish","hentry","entry"],"_links":{"self":[{"href":"https:\/\/www2.unifap.br\/biblioteca\/wp-json\/wp\/v2\/pages\/1312","targetHints":{"allow":["GET"]}}],"collection":[{"href":"https:\/\/www2.unifap.br\/biblioteca\/wp-json\/wp\/v2\/pages"}],"about":[{"href":"https:\/\/www2.unifap.br\/biblioteca\/wp-json\/wp\/v2\/types\/page"}],"author":[{"embeddable":true,"href":"https:\/\/www2.unifap.br\/biblioteca\/wp-json\/wp\/v2\/users\/594"}],"replies":[{"embeddable":true,"href":"https:\/\/www2.unifap.br\/biblioteca\/wp-json\/wp\/v2\/comments?post=1312"}],"version-history":[{"count":17,"href":"https:\/\/www2.unifap.br\/biblioteca\/wp-json\/wp\/v2\/pages\/1312\/revisions"}],"predecessor-version":[{"id":2362,"href":"https:\/\/www2.unifap.br\/biblioteca\/wp-json\/wp\/v2\/pages\/1312\/revisions\/2362"}],"wp:attachment":[{"href":"https:\/\/www2.unifap.br\/biblioteca\/wp-json\/wp\/v2\/media?parent=1312"}],"curies":[{"name":"wp","href":"https:\/\/api.w.org\/{rel}","templated":true}]}}