{"id":158,"date":"2009-06-04T09:54:45","date_gmt":"2009-06-04T12:54:45","guid":{"rendered":"http:\/\/pororoca.unifap.br\/biblioteca\/?page_id=158"},"modified":"2026-02-24T19:36:27","modified_gmt":"2026-02-24T22:36:27","slug":"equipe","status":"publish","type":"page","link":"https:\/\/www2.unifap.br\/biblioteca\/institucional\/equipe\/","title":{"rendered":"Equipe"},"content":{"rendered":"<p>DIRE\u00c7\u00c3O<br \/>\n<em>Diretora: <\/em><a href=\"http:\/\/lattes.cnpq.br\/1264453879497175\"><strong>Maria do Carmo Lima&nbsp; Marques<\/strong><\/a><br \/>\n<em>Detalhes da equipe: <\/em><a title=\"Dire\u00e7\u00e3o\" href=\"http:\/\/www2.unifap.br\/biblioteca\/equipe\/direcao\/\" target=\"_blank\" rel=\"noopener noreferrer\">clique aqui<\/a><\/p>\n<p><strong><strong>DIVIS\u00c3O DE FORMA\u00c7\u00c3O E <strong>PROCESSAMENTO&nbsp;<\/strong>DO ACERVO &#8211; DFPA<\/strong><br \/>\n<\/strong><em>Chefe de divis\u00e3o:<\/em> <strong>Mara Patr\u00edcia Correa Garcia<\/strong><br \/>\n<em>Detalhes da equipe: <\/em><a title=\"DFPA\" href=\"http:\/\/www2.unifap.br\/biblioteca\/equipe\/dfpa\/\" target=\"_blank\" rel=\"noopener noreferrer\">clique aqui<\/a><\/p>\n<p><strong>DIVIS\u00c3O DE INFORMA\u00c7\u00c3O E AUX\u00cdLIO AO USU\u00c1RIO&nbsp;&#8211; DIAU<\/strong><br \/>\n<em>Chefe de divis\u00e3o: <\/em><strong> Welliton Patrick Brasil Gomes<\/strong><br \/>\n<em>Detalhes da equipe: <\/em><a title=\"DIAU\" href=\"http:\/\/www2.unifap.br\/biblioteca\/equipe\/diau\/\" target=\"_blank\" rel=\"noopener noreferrer\">clique aqui<\/a><\/p>\n<p><strong>DIVIS\u00c3O DE DOCUMENTA\u00c7\u00c3O E PROGRAMAS ESPECIAIS &#8211;&nbsp;DDPE<\/strong><br \/>\n<em>Chefe de divis\u00e3o: <\/em><strong>Luan da Silva Gomes<\/strong><br \/>\n<em>Detalhes da equipe: <\/em><a title=\"DDPE\" href=\"http:\/\/www2.unifap.br\/biblioteca\/equipe\/ddpe\/\" target=\"_blank\" rel=\"noopener noreferrer\">clique aqui<\/a><\/p>\n<p><strong>&nbsp;<\/strong><\/p>\n","protected":false},"excerpt":{"rendered":"<p>DIRE\u00c7\u00c3O Diretora: Maria do Carmo Lima&nbsp; Marques Detalhes da equipe: clique aqui DIVIS\u00c3O DE FORMA\u00c7\u00c3O E PROCESSAMENTO&nbsp;DO ACERVO &#8211; DFPA Chefe de divis\u00e3o: Mara Patr\u00edcia Correa Garcia Detalhes da equipe: clique aqui DIVIS\u00c3O DE INFORMA\u00c7\u00c3O E AUX\u00cdLIO AO USU\u00c1RIO&nbsp;&#8211; DIAU Chefe de divis\u00e3o: Welliton Patrick Brasil Gomes Detalhes da equipe: clique aqui DIVIS\u00c3O DE DOCUMENTA\u00c7\u00c3O&#8230;<\/p>\n","protected":false},"author":26,"featured_media":0,"parent":7,"menu_order":0,"comment_status":"closed","ping_status":"closed","template":"","meta":{"inline_featured_image":false,"ngg_post_thumbnail":0,"footnotes":""},"class_list":["post-158","page","type-page","status-publish","hentry","entry"],"_links":{"self":[{"href":"https:\/\/www2.unifap.br\/biblioteca\/wp-json\/wp\/v2\/pages\/158","targetHints":{"allow":["GET"]}}],"collection":[{"href":"https:\/\/www2.unifap.br\/biblioteca\/wp-json\/wp\/v2\/pages"}],"about":[{"href":"https:\/\/www2.unifap.br\/biblioteca\/wp-json\/wp\/v2\/types\/page"}],"author":[{"embeddable":true,"href":"https:\/\/www2.unifap.br\/biblioteca\/wp-json\/wp\/v2\/users\/26"}],"replies":[{"embeddable":true,"href":"https:\/\/www2.unifap.br\/biblioteca\/wp-json\/wp\/v2\/comments?post=158"}],"version-history":[{"count":36,"href":"https:\/\/www2.unifap.br\/biblioteca\/wp-json\/wp\/v2\/pages\/158\/revisions"}],"predecessor-version":[{"id":3227,"href":"https:\/\/www2.unifap.br\/biblioteca\/wp-json\/wp\/v2\/pages\/158\/revisions\/3227"}],"up":[{"embeddable":true,"href":"https:\/\/www2.unifap.br\/biblioteca\/wp-json\/wp\/v2\/pages\/7"}],"wp:attachment":[{"href":"https:\/\/www2.unifap.br\/biblioteca\/wp-json\/wp\/v2\/media?parent=158"}],"curies":[{"name":"wp","href":"https:\/\/api.w.org\/{rel}","templated":true}]}}