{"id":1606,"date":"2018-09-21T01:56:22","date_gmt":"2018-09-21T04:56:22","guid":{"rendered":"http:\/\/www2.unifap.br\/biblioteca\/?page_id=1606"},"modified":"2022-12-04T17:03:49","modified_gmt":"2022-12-04T20:03:49","slug":"relatorios-de-gestao-3","status":"publish","type":"page","link":"https:\/\/www2.unifap.br\/biblioteca\/institucional\/relatorios-de-gestao-3\/","title":{"rendered":"Relat\u00f3rios de Gest\u00e3o"},"content":{"rendered":"<p>&nbsp;<\/p>\n<p><a href=\"http:\/\/www2.unifap.br\/biblioteca\/files\/2021\/09\/Relat\u00f3rio-de-Gest\u00e3o_2019.pdf\">RELAT\u00d3RIO DE GEST\u00c3O 2019 &#8211; Biblioteca Central da UNIFAP<\/a><\/p>\n<p><a title=\"Relat\u00f3rio da Biblioteca Central da UNIFAP- quadri\u00eanio 2015- 2018\" href=\"http:\/\/www2.unifap.br\/biblioteca\/files\/2018\/09\/Relatorio-Biblioteca-quadrienio-2015-20181.pdf\">Relat\u00f3rio da Biblioteca Central da UNIFAP- quadri\u00eanio 2015- 2018<\/a><\/p>\n<p><a title=\"RELAT\u00d3RIO DE GEST\u00c3O 2017- Biblioteca Central da UNIFAP\" href=\"http:\/\/www2.unifap.br\/biblioteca\/files\/2018\/09\/RELATORIO-DE-GEST\u00c3O-2017-Biblioteca-Central1.zip\" target=\"_blank\" rel=\"noopener noreferrer\">RELAT\u00d3RIO DE GEST\u00c3O 2017- Biblioteca Central da UNIFAP<\/a><\/p>\n<p><a title=\"RELAT\u00d3RIO DE GEST\u00c3O 2016- Biblioteca Central da UNIFAP\" href=\"http:\/\/www2.unifap.br\/biblioteca\/files\/2018\/09\/RELATORIO-DE-GEST\u00c3O-2016-Biblioteca-Central2.zip\" target=\"_blank\" rel=\"noopener noreferrer\">RELAT\u00d3RIO DE GEST\u00c3O 2016- Biblioteca Central da UNIFAP<\/a><\/p>\n<p><a href=\"http:\/\/www2.unifap.br\/biblioteca\/files\/2022\/12\/RELATRIO_-de-Gestao-2020.pdf\">RELAT\u00d3RIO DE GEST\u00c3O 2020 &#8211; Biblioteca Central da UNIFAP<\/a><\/p>\n<p><a href=\"http:\/\/www2.unifap.br\/biblioteca\/files\/2022\/12\/RELATRIO_de-Gestao-2021.pdf\">RELAT\u00d3RIO DE GEST\u00c3O 2021 &#8211; Biblioteca Central da UNIFAP<\/a><\/p>\n<p>&nbsp;<\/p>\n","protected":false},"excerpt":{"rendered":"<p>&nbsp; RELAT\u00d3RIO DE GEST\u00c3O 2019 &#8211; Biblioteca Central da UNIFAP Relat\u00f3rio da Biblioteca Central da UNIFAP- quadri\u00eanio 2015- 2018 RELAT\u00d3RIO DE GEST\u00c3O 2017- Biblioteca Central da UNIFAP RELAT\u00d3RIO DE GEST\u00c3O 2016- Biblioteca Central da UNIFAP RELAT\u00d3RIO DE GEST\u00c3O 2020 &#8211; Biblioteca Central da UNIFAP RELAT\u00d3RIO DE GEST\u00c3O 2021 &#8211; Biblioteca Central da UNIFAP &nbsp;<\/p>\n","protected":false},"author":1901,"featured_media":0,"parent":7,"menu_order":3,"comment_status":"closed","ping_status":"closed","template":"","meta":{"inline_featured_image":false,"ngg_post_thumbnail":0,"footnotes":""},"class_list":["post-1606","page","type-page","status-publish","hentry","entry"],"_links":{"self":[{"href":"https:\/\/www2.unifap.br\/biblioteca\/wp-json\/wp\/v2\/pages\/1606","targetHints":{"allow":["GET"]}}],"collection":[{"href":"https:\/\/www2.unifap.br\/biblioteca\/wp-json\/wp\/v2\/pages"}],"about":[{"href":"https:\/\/www2.unifap.br\/biblioteca\/wp-json\/wp\/v2\/types\/page"}],"author":[{"embeddable":true,"href":"https:\/\/www2.unifap.br\/biblioteca\/wp-json\/wp\/v2\/users\/1901"}],"replies":[{"embeddable":true,"href":"https:\/\/www2.unifap.br\/biblioteca\/wp-json\/wp\/v2\/comments?post=1606"}],"version-history":[{"count":17,"href":"https:\/\/www2.unifap.br\/biblioteca\/wp-json\/wp\/v2\/pages\/1606\/revisions"}],"predecessor-version":[{"id":1615,"href":"https:\/\/www2.unifap.br\/biblioteca\/wp-json\/wp\/v2\/pages\/1606\/revisions\/1615"}],"up":[{"embeddable":true,"href":"https:\/\/www2.unifap.br\/biblioteca\/wp-json\/wp\/v2\/pages\/7"}],"wp:attachment":[{"href":"https:\/\/www2.unifap.br\/biblioteca\/wp-json\/wp\/v2\/media?parent=1606"}],"curies":[{"name":"wp","href":"https:\/\/api.w.org\/{rel}","templated":true}]}}