{"id":17,"date":"2009-05-26T15:07:17","date_gmt":"2009-05-26T18:07:17","guid":{"rendered":"http:\/\/pororoca.unifap.br\/biblioteca\/?page_id=17"},"modified":"2019-05-17T18:04:38","modified_gmt":"2019-05-17T21:04:38","slug":"estrutura","status":"publish","type":"page","link":"https:\/\/www2.unifap.br\/biblioteca\/institucional\/estrutura\/","title":{"rendered":"Estrutura"},"content":{"rendered":"<p class=\"MsoNormal\" style=\"margin: 0cm 0cm 0pt\"><span><img fetchpriority=\"high\" decoding=\"async\" class=\"alignleft size-full wp-image-270\" src=\"http:\/\/www2.unifap.br\/biblioteca\/files\/2009\/05\/estrutura-fisica1.jpg\" alt=\"estrutura-fisica1\" width=\"506\" height=\"407\" \/>Instalada em um pr\u00e9dio com aproximadamente 1.700 m2 de \u00e1rea constru\u00edda, conta com espa\u00e7os espec\u00edficos para:<\/span><\/p>\n<p class=\"MsoNormal\" style=\"margin: 0cm 0cm 0pt\">\u00a0<\/p>\n","protected":false},"excerpt":{"rendered":"<p>Instalada em um pr\u00e9dio com aproximadamente 1.700 m2 de \u00e1rea constru\u00edda, conta com espa\u00e7os espec\u00edficos para: \u00a0<\/p>\n","protected":false},"author":26,"featured_media":0,"parent":7,"menu_order":1,"comment_status":"closed","ping_status":"closed","template":"","meta":{"inline_featured_image":false,"ngg_post_thumbnail":0,"footnotes":""},"class_list":["post-17","page","type-page","status-publish","hentry","entry"],"_links":{"self":[{"href":"https:\/\/www2.unifap.br\/biblioteca\/wp-json\/wp\/v2\/pages\/17","targetHints":{"allow":["GET"]}}],"collection":[{"href":"https:\/\/www2.unifap.br\/biblioteca\/wp-json\/wp\/v2\/pages"}],"about":[{"href":"https:\/\/www2.unifap.br\/biblioteca\/wp-json\/wp\/v2\/types\/page"}],"author":[{"embeddable":true,"href":"https:\/\/www2.unifap.br\/biblioteca\/wp-json\/wp\/v2\/users\/26"}],"replies":[{"embeddable":true,"href":"https:\/\/www2.unifap.br\/biblioteca\/wp-json\/wp\/v2\/comments?post=17"}],"version-history":[{"count":9,"href":"https:\/\/www2.unifap.br\/biblioteca\/wp-json\/wp\/v2\/pages\/17\/revisions"}],"predecessor-version":[{"id":1832,"href":"https:\/\/www2.unifap.br\/biblioteca\/wp-json\/wp\/v2\/pages\/17\/revisions\/1832"}],"up":[{"embeddable":true,"href":"https:\/\/www2.unifap.br\/biblioteca\/wp-json\/wp\/v2\/pages\/7"}],"wp:attachment":[{"href":"https:\/\/www2.unifap.br\/biblioteca\/wp-json\/wp\/v2\/media?parent=17"}],"curies":[{"name":"wp","href":"https:\/\/api.w.org\/{rel}","templated":true}]}}