{"id":2009,"date":"2019-11-18T16:47:42","date_gmt":"2019-11-18T19:47:42","guid":{"rendered":"http:\/\/www2.unifap.br\/biblioteca\/?page_id=2009"},"modified":"2021-01-11T16:11:28","modified_gmt":"2021-01-11T19:11:28","slug":"pop","status":"publish","type":"page","link":"https:\/\/www2.unifap.br\/biblioteca\/institucional\/pop\/","title":{"rendered":"POP"},"content":{"rendered":"<h2><span style=\"color: #008000\">DIVIS\u00c3O DE INFORMA\u00c7\u00c3O E AUX\u00cdLIO AO USU\u00c1RIO &#8211; DIAU<\/span><\/h2>\n<p><a href=\"http:\/\/www2.unifap.br\/biblioteca\/files\/2019\/11\/AGENDAMENTO-DO-AUDIT\u00d3RIO.pdf\">AGENDAMENTO DO AUDIT\u00d3RIO<\/a><\/p>\n<p><a href=\"http:\/\/www2.unifap.br\/biblioteca\/files\/2019\/11\/CADASTRO-DE-USUARIO-EXTERNO.pdf\">CADASTRO DE USU\u00c1RIO EXTERNO<\/a><\/p>\n<p><a href=\"http:\/\/www2.unifap.br\/biblioteca\/files\/2019\/11\/DECLARA\u00c7\u00c3O-DE-ADIMPL\u00caNCIA.pdf\">DECLARA\u00c7\u00c3O DE ADIMPL\u00caNCIA<\/a><\/p>\n<p><a href=\"http:\/\/www2.unifap.br\/biblioteca\/files\/2019\/11\/DEVOLU\u00c7\u00c3O.pdf\">DEVOLU\u00c7\u00c3O<\/a><\/p>\n<p><a href=\"http:\/\/www2.unifap.br\/biblioteca\/files\/2019\/11\/EMPR\u00c9STIMO.pdf\">EMPR\u00c9STIMO<\/a><\/p>\n<p><a href=\"http:\/\/www2.unifap.br\/biblioteca\/files\/2019\/11\/FICHA-CATALOGR\u00c1FICA.pdf\">FICHA CATALOGR\u00c1FICA<\/a><\/p>\n<p><a href=\"http:\/\/www2.unifap.br\/biblioteca\/files\/2019\/11\/RENOVA\u00c7\u00c3O.pdf\">RENOVA\u00c7\u00c3O<\/a><\/p>\n<p><a href=\"http:\/\/www2.unifap.br\/biblioteca\/files\/2019\/11\/REPOSI\u00c7\u00c3O.pdf\">REPOSI\u00c7\u00c3O<\/a><\/p>\n<p><a href=\"http:\/\/www2.unifap.br\/biblioteca\/files\/2019\/11\/RETIRADA-DE-SUSPENS\u00c3O.pdf\">RETIRADA DE SUSPENS\u00c3O<\/a><\/p>\n<p><a href=\"http:\/\/www2.unifap.br\/biblioteca\/files\/2019\/11\/TREINAMENTO-DE-USU\u00c1RIOS.pdf\">TREINAMENTO DE USU\u00c1RIOS<\/a><\/p>\n","protected":false},"excerpt":{"rendered":"<p>DIVIS\u00c3O DE INFORMA\u00c7\u00c3O E AUX\u00cdLIO AO USU\u00c1RIO &#8211; DIAU AGENDAMENTO DO AUDIT\u00d3RIO CADASTRO DE USU\u00c1RIO EXTERNO DECLARA\u00c7\u00c3O DE ADIMPL\u00caNCIA DEVOLU\u00c7\u00c3O EMPR\u00c9STIMO FICHA CATALOGR\u00c1FICA RENOVA\u00c7\u00c3O REPOSI\u00c7\u00c3O RETIRADA DE SUSPENS\u00c3O TREINAMENTO DE USU\u00c1RIOS<\/p>\n","protected":false},"author":595,"featured_media":0,"parent":7,"menu_order":2,"comment_status":"closed","ping_status":"closed","template":"","meta":{"inline_featured_image":false,"ngg_post_thumbnail":0,"footnotes":""},"class_list":["post-2009","page","type-page","status-publish","hentry","entry"],"_links":{"self":[{"href":"https:\/\/www2.unifap.br\/biblioteca\/wp-json\/wp\/v2\/pages\/2009","targetHints":{"allow":["GET"]}}],"collection":[{"href":"https:\/\/www2.unifap.br\/biblioteca\/wp-json\/wp\/v2\/pages"}],"about":[{"href":"https:\/\/www2.unifap.br\/biblioteca\/wp-json\/wp\/v2\/types\/page"}],"author":[{"embeddable":true,"href":"https:\/\/www2.unifap.br\/biblioteca\/wp-json\/wp\/v2\/users\/595"}],"replies":[{"embeddable":true,"href":"https:\/\/www2.unifap.br\/biblioteca\/wp-json\/wp\/v2\/comments?post=2009"}],"version-history":[{"count":3,"href":"https:\/\/www2.unifap.br\/biblioteca\/wp-json\/wp\/v2\/pages\/2009\/revisions"}],"predecessor-version":[{"id":2022,"href":"https:\/\/www2.unifap.br\/biblioteca\/wp-json\/wp\/v2\/pages\/2009\/revisions\/2022"}],"up":[{"embeddable":true,"href":"https:\/\/www2.unifap.br\/biblioteca\/wp-json\/wp\/v2\/pages\/7"}],"wp:attachment":[{"href":"https:\/\/www2.unifap.br\/biblioteca\/wp-json\/wp\/v2\/media?parent=2009"}],"curies":[{"name":"wp","href":"https:\/\/api.w.org\/{rel}","templated":true}]}}