{"id":2215,"date":"2021-06-24T02:13:26","date_gmt":"2021-06-24T05:13:26","guid":{"rendered":"http:\/\/www2.unifap.br\/biblioteca\/?page_id=2215"},"modified":"2021-06-24T02:15:32","modified_gmt":"2021-06-24T05:15:32","slug":"politica-de-desenvolvimento-de-colecoes","status":"publish","type":"page","link":"https:\/\/www2.unifap.br\/biblioteca\/institucional\/historico\/politica-de-desenvolvimento-de-colecoes\/","title":{"rendered":"Pol\u00edtica de Desenvolvimento de Cole\u00e7\u00f5es"},"content":{"rendered":"<p><a href=\"http:\/\/www2.unifap.br\/biblioteca\/files\/2021\/06\/Pol\u00edtica_DesenvolvimentoDeColecoes-1.pdf\">POL\u00cdTICA DE DESENVOLVIMENTO DE COLE\u00c7\u00d5ES<\/a><\/p>\n<p>&nbsp;<\/p>\n","protected":false},"excerpt":{"rendered":"<p>POL\u00cdTICA DE DESENVOLVIMENTO DE COLE\u00c7\u00d5ES &nbsp;<\/p>\n","protected":false},"author":595,"featured_media":0,"parent":4,"menu_order":2,"comment_status":"closed","ping_status":"closed","template":"","meta":{"inline_featured_image":false,"ngg_post_thumbnail":0,"footnotes":""},"class_list":["post-2215","page","type-page","status-publish","hentry","entry"],"_links":{"self":[{"href":"https:\/\/www2.unifap.br\/biblioteca\/wp-json\/wp\/v2\/pages\/2215","targetHints":{"allow":["GET"]}}],"collection":[{"href":"https:\/\/www2.unifap.br\/biblioteca\/wp-json\/wp\/v2\/pages"}],"about":[{"href":"https:\/\/www2.unifap.br\/biblioteca\/wp-json\/wp\/v2\/types\/page"}],"author":[{"embeddable":true,"href":"https:\/\/www2.unifap.br\/biblioteca\/wp-json\/wp\/v2\/users\/595"}],"replies":[{"embeddable":true,"href":"https:\/\/www2.unifap.br\/biblioteca\/wp-json\/wp\/v2\/comments?post=2215"}],"version-history":[{"count":1,"href":"https:\/\/www2.unifap.br\/biblioteca\/wp-json\/wp\/v2\/pages\/2215\/revisions"}],"predecessor-version":[{"id":2217,"href":"https:\/\/www2.unifap.br\/biblioteca\/wp-json\/wp\/v2\/pages\/2215\/revisions\/2217"}],"up":[{"embeddable":true,"href":"https:\/\/www2.unifap.br\/biblioteca\/wp-json\/wp\/v2\/pages\/4"}],"wp:attachment":[{"href":"https:\/\/www2.unifap.br\/biblioteca\/wp-json\/wp\/v2\/media?parent=2215"}],"curies":[{"name":"wp","href":"https:\/\/api.w.org\/{rel}","templated":true}]}}