{"id":5,"date":"2009-05-26T15:14:13","date_gmt":"2009-05-26T18:14:13","guid":{"rendered":"http:\/\/pororoca.unifap.br\/biblioteca\/?page_id=5"},"modified":"2024-10-16T02:13:54","modified_gmt":"2024-10-16T05:13:54","slug":"fale-conosco","status":"publish","type":"page","link":"https:\/\/www2.unifap.br\/biblioteca\/institucional\/fale-conosco\/","title":{"rendered":"Fale Conosco"},"content":{"rendered":"<p style=\"text-align: justify\"><img decoding=\"async\" class=\"alignleft wp-image-2874\" src=\"http:\/\/www2.unifap.br\/biblioteca\/files\/2024\/02\/fale-conosco.png\" alt=\"\" width=\"306\" height=\"86\" srcset=\"https:\/\/www2.unifap.br\/biblioteca\/files\/2024\/02\/fale-conosco.png 640w, https:\/\/www2.unifap.br\/biblioteca\/files\/2024\/02\/fale-conosco-300x84.png 300w\" sizes=\"(max-width: 306px) 100vw, 306px\" \/><\/p>\n<p>&nbsp;<\/p>\n<p>&nbsp;<\/p>\n<p>&nbsp;<\/p>\n<p><span style=\"color: #333399\"><strong>DIRE\u00c7\u00c3O DA BIBLIOTECA CENTRAL DA UNIFAP <span style=\"color: #666699\">(Maria do Carmo Lima Marques )<\/span><\/strong><\/span><br \/>\n<span style=\"color: #666699\">e-mail: <span style=\"color: #0000ff\"><a style=\"color: #0000ff\" href=\"mailto:bibliotecacentral@unifap.br\"><strong>bibliotecacentral@unifap.br<\/strong><\/a><\/span>&nbsp;<\/span><\/p>\n<p>&nbsp;<\/p>\n<p><span style=\"color: #339966\"><em><strong>Outros setores e as atividades<\/strong><\/em><\/span><\/p>\n<p><span style=\"color: #333399\"><strong>DIVIS\u00c3O DE INFORMA\u00c7\u00c3O E AUX\u00cdLIO AO USU\u00c1RIO \u2013 DIAU (Welliton Patrick Brasil Gomes)<\/strong><\/span><\/p>\n<p><span style=\"color: #666699\">e-mail: <span style=\"color: #0000ff\"><a style=\"color: #0000ff\" href=\"mailto:diau@unifap.br\"><strong>diau@unifap.br<\/strong><\/a><\/span><\/span><br \/>\n<span style=\"color: #666699\">Servi\u00e7os: ficha catalogr\u00e1fica , declara\u00e7\u00e3o de adimpl\u00eancia, minha biblioteca, empr\u00e9stimos, devolu\u00e7\u00f5es e agendamentos ( solicitar informa\u00e7\u00f5es para diau@unifap.br).<\/span><\/p>\n<p>&nbsp;<\/p>\n<p><span style=\"color: #333399\"><strong>DIVIS\u00c3O DE FORMA\u00c7\u00c3O E PROCESSAMENTO DO ACERVO \u2013 DFPA (Thalita Rafaela Aires Ferreira )<\/strong><\/span><br \/>\n<span style=\"color: #666699\">e-mail: <span style=\"color: #0000ff\"><a style=\"color: #0000ff\" href=\"mailto:dfpa@unifap.br\"><strong>dfpa@unifap.br<\/strong><\/a>&nbsp;<\/span><\/span><br \/>\n<span style=\"color: #666699\">Setor de Sele\u00e7\u00e3o e Aquisi\u00e7\u00e3o&nbsp;<\/span><\/p>\n<p>&nbsp;<\/p>\n<p><span style=\"color: #333399\"><strong>DIVIS\u00c3O DE DOCUMENTA\u00c7\u00c3O E PROGRAMAS ESPECIAIS \u2013 DDPE (Regina Celia Amaral da Concei\u00e7\u00e3o)<\/strong><\/span><br \/>\n<span style=\"color: #666699\">e-mail: <span style=\"color: #0000ff\"><a style=\"color: #0000ff\" href=\"mailto:ddpe@unifap.br\"><strong>ddpe@unifap.br<\/strong><\/a>&nbsp;<\/span><\/span><br \/>\nServi\u00e7os: treinamentos do Portal de Peri\u00f3dicos da CAPES ; Reposit\u00f3rio Institucional ; Trabalhos de Conclus\u00e3o de Curso, Disserta\u00e7\u00f5es, Teses (envio via SIPAC pelas coordena\u00e7\u00f5es para DDPE, al\u00e9m de outras atividades relativas ao setor.<\/p>\n<p style=\"text-align: justify\">&nbsp;<\/p>\n","protected":false},"excerpt":{"rendered":"<p>&nbsp; &nbsp; &nbsp; DIRE\u00c7\u00c3O DA BIBLIOTECA CENTRAL DA UNIFAP (Maria do Carmo Lima Marques ) e-mail: bibliotecacentral@unifap.br&nbsp; &nbsp; Outros setores e as atividades DIVIS\u00c3O DE INFORMA\u00c7\u00c3O E AUX\u00cdLIO AO USU\u00c1RIO \u2013 DIAU (Welliton Patrick Brasil Gomes) e-mail: diau@unifap.br Servi\u00e7os: ficha catalogr\u00e1fica , declara\u00e7\u00e3o de adimpl\u00eancia, minha biblioteca, empr\u00e9stimos, devolu\u00e7\u00f5es e agendamentos ( solicitar informa\u00e7\u00f5es para&#8230;<\/p>\n","protected":false},"author":26,"featured_media":0,"parent":7,"menu_order":0,"comment_status":"closed","ping_status":"closed","template":"","meta":{"inline_featured_image":false,"ngg_post_thumbnail":0,"footnotes":""},"class_list":["post-5","page","type-page","status-publish","hentry","entry"],"_links":{"self":[{"href":"https:\/\/www2.unifap.br\/biblioteca\/wp-json\/wp\/v2\/pages\/5","targetHints":{"allow":["GET"]}}],"collection":[{"href":"https:\/\/www2.unifap.br\/biblioteca\/wp-json\/wp\/v2\/pages"}],"about":[{"href":"https:\/\/www2.unifap.br\/biblioteca\/wp-json\/wp\/v2\/types\/page"}],"author":[{"embeddable":true,"href":"https:\/\/www2.unifap.br\/biblioteca\/wp-json\/wp\/v2\/users\/26"}],"replies":[{"embeddable":true,"href":"https:\/\/www2.unifap.br\/biblioteca\/wp-json\/wp\/v2\/comments?post=5"}],"version-history":[{"count":28,"href":"https:\/\/www2.unifap.br\/biblioteca\/wp-json\/wp\/v2\/pages\/5\/revisions"}],"predecessor-version":[{"id":2976,"href":"https:\/\/www2.unifap.br\/biblioteca\/wp-json\/wp\/v2\/pages\/5\/revisions\/2976"}],"up":[{"embeddable":true,"href":"https:\/\/www2.unifap.br\/biblioteca\/wp-json\/wp\/v2\/pages\/7"}],"wp:attachment":[{"href":"https:\/\/www2.unifap.br\/biblioteca\/wp-json\/wp\/v2\/media?parent=5"}],"curies":[{"name":"wp","href":"https:\/\/api.w.org\/{rel}","templated":true}]}}