{"id":595,"date":"2013-09-12T09:50:37","date_gmt":"2013-09-12T12:50:37","guid":{"rendered":"http:\/\/www2.unifap.br\/biblioteca\/?page_id=595"},"modified":"2021-09-17T22:58:20","modified_gmt":"2021-09-18T01:58:20","slug":"consulta_acervo","status":"publish","type":"page","link":"https:\/\/www2.unifap.br\/biblioteca\/servicos\/consulta_acervo\/","title":{"rendered":"Consulta do Acervo"},"content":{"rendered":"<h1>Consultar Biblioteca<\/h1>\n<div>\n<p>Permite a qualquer pessoa conectada na internet, pesquisar o acervo da Biblioteca da UNIFAP, por T\u00edtulo do Autor, T\u00edtulo da obra ou Palavra Chave.<\/p>\n<p><strong>Empr\u00e9stimos de Livros:<br \/>\n<\/strong>Permite que qualquer aluno regularmente matriculado nos cursos da universidade, possam emprestar os livros destinados a este fim, mediante documento com foto para cadastro de uma senha de 4 d\u00edgitos que valer\u00e1 tanto para Biblioteca quanto para o Restaurante Universit\u00e1rio. Quem n\u00e3o for aluno da UNIFAP tamb\u00e9m pode consultar o seu acervo, basta para isto dirigir-se \u00e0 Biblioteca com um documento de identifica\u00e7\u00e3o com foto e comprovante de endere\u00e7o atualizado para o cadastro.&nbsp;<\/p>\n<p>Consulte nosso acervo no link abaixo:<\/p>\n<p style=\"text-align: center\"><a title=\"Consulta do Acervo\" href=\"https:\/\/sigaa.unifap.br\/sigaa\/public\/biblioteca\/buscaPublicaAcervo.jsf?aba=p-biblioteca\" target=\"_blank\" rel=\"noopener noreferrer\"><img decoding=\"async\" class=\"aligncenter wp-image-600 size-full\" src=\"http:\/\/www2.unifap.br\/biblioteca\/files\/2013\/09\/Site_bic_logo_Acervo_20130912.png\" alt=\"Consulta do Acervo\" width=\"256\" height=\"113\" srcset=\"https:\/\/www2.unifap.br\/biblioteca\/files\/2013\/09\/Site_bic_logo_Acervo_20130912.png 256w, https:\/\/www2.unifap.br\/biblioteca\/files\/2013\/09\/Site_bic_logo_Acervo_20130912-250x110.png 250w\" sizes=\"(max-width: 256px) 100vw, 256px\" \/><\/a><\/p>\n<p>&nbsp;<\/p>\n<p><strong><span style=\"color: #ff0000\">Observa\u00e7\u00e3o:<\/span><\/strong> O empr\u00e9stimo de livros bem como outros servi\u00e7os est\u00e3o normatizados no&nbsp;<a href=\"http:\/\/www2.unifap.br\/biblioteca\/regulamento\/\" target=\"_blank\" rel=\"noopener noreferrer\">Regulamento de Utiliza\u00e7\u00e3o da Biblioteca.<\/a><\/p>\n<\/div>\n<p>&nbsp;<\/p>\n<p>&nbsp;<\/p>\n","protected":false},"excerpt":{"rendered":"<p>Consultar Biblioteca Permite a qualquer pessoa conectada na internet, pesquisar o acervo da Biblioteca da UNIFAP, por T\u00edtulo do Autor, T\u00edtulo da obra ou Palavra Chave. Empr\u00e9stimos de Livros: Permite que qualquer aluno regularmente matriculado nos cursos da universidade, possam emprestar os livros destinados a este fim, mediante documento com foto para cadastro de uma&#8230;<\/p>\n","protected":false},"author":1901,"featured_media":0,"parent":2122,"menu_order":1,"comment_status":"closed","ping_status":"closed","template":"","meta":{"inline_featured_image":false,"ngg_post_thumbnail":0,"footnotes":""},"class_list":["post-595","page","type-page","status-publish","hentry","entry"],"_links":{"self":[{"href":"https:\/\/www2.unifap.br\/biblioteca\/wp-json\/wp\/v2\/pages\/595","targetHints":{"allow":["GET"]}}],"collection":[{"href":"https:\/\/www2.unifap.br\/biblioteca\/wp-json\/wp\/v2\/pages"}],"about":[{"href":"https:\/\/www2.unifap.br\/biblioteca\/wp-json\/wp\/v2\/types\/page"}],"author":[{"embeddable":true,"href":"https:\/\/www2.unifap.br\/biblioteca\/wp-json\/wp\/v2\/users\/1901"}],"replies":[{"embeddable":true,"href":"https:\/\/www2.unifap.br\/biblioteca\/wp-json\/wp\/v2\/comments?post=595"}],"version-history":[{"count":13,"href":"https:\/\/www2.unifap.br\/biblioteca\/wp-json\/wp\/v2\/pages\/595\/revisions"}],"predecessor-version":[{"id":2281,"href":"https:\/\/www2.unifap.br\/biblioteca\/wp-json\/wp\/v2\/pages\/595\/revisions\/2281"}],"up":[{"embeddable":true,"href":"https:\/\/www2.unifap.br\/biblioteca\/wp-json\/wp\/v2\/pages\/2122"}],"wp:attachment":[{"href":"https:\/\/www2.unifap.br\/biblioteca\/wp-json\/wp\/v2\/media?parent=595"}],"curies":[{"name":"wp","href":"https:\/\/api.w.org\/{rel}","templated":true}]}}