{"id":135,"date":"2016-02-17T20:25:09","date_gmt":"2016-02-17T20:25:09","guid":{"rendered":"http:\/\/www2.unifap.br\/biologia-oiapoque\/?page_id=135"},"modified":"2016-02-17T20:25:09","modified_gmt":"2016-02-17T20:25:09","slug":"certificados","status":"publish","type":"page","link":"https:\/\/www2.unifap.br\/biologia-oiapoque\/certificados\/","title":{"rendered":"Certificados"},"content":{"rendered":"<p>Obs: O certificados aqui presentes, ficar\u00e3o dispon\u00edveis por at\u00e9 5 anos a contar da data de realiza\u00e7\u00e3o.<\/p>\n<h2><strong>Eventos:<\/strong><\/h2>\n<p>Semana do Meio Ambiente\/2016<strong style=\"line-height: 1.5em\"> \u00a0<\/strong><strong style=\"line-height: 1.5em\"><a title=\"Clique aqui\" href=\"https:\/\/drive.google.com\/open?id=0B6dVcbMlrxf0NGZiaVo2VFpUTmM\" target=\"_blank\"><img decoding=\"async\" class=\" wp-image-136 alignnone\" alt=\"folder\" src=\"http:\/\/www2.unifap.br\/biologia-oiapoque\/files\/2016\/02\/folder.png\" width=\"51\" height=\"51\" \/><\/a><\/strong><\/p>\n<h2><strong>Palestras:<\/strong><\/h2>\n<p>Efeito da Vacina\u00e7\u00e3o no controle da Pneumonia no Brasil_Dra. Nayara Torres Cardoso\u00a0<strong><a title=\"Clique aqui\" href=\"https:\/\/drive.google.com\/open?id=0B6dVcbMlrxf0R1U5T0drV3ducEE\" target=\"_blank\"><img decoding=\"async\" alt=\"folder\" src=\"http:\/\/www2.unifap.br\/biologia-oiapoque\/files\/2016\/02\/folder.png\" width=\"51\" height=\"51\" \/><\/a><\/strong><\/p>\n","protected":false},"excerpt":{"rendered":"<p>Obs: O certificados aqui presentes, ficar\u00e3o dispon\u00edveis por at\u00e9 5 anos a contar da data de realiza\u00e7\u00e3o. Eventos: Semana do Meio Ambiente\/2016 \u00a0 Palestras: Efeito da Vacina\u00e7\u00e3o no controle da Pneumonia no Brasil_Dra. Nayara Torres Cardoso\u00a0<\/p>\n","protected":false},"author":440,"featured_media":0,"parent":0,"menu_order":7,"comment_status":"open","ping_status":"open","template":"","meta":{"inline_featured_image":false,"ngg_post_thumbnail":0,"footnotes":""},"class_list":["post-135","page","type-page","status-publish","hentry"],"_links":{"self":[{"href":"https:\/\/www2.unifap.br\/biologia-oiapoque\/wp-json\/wp\/v2\/pages\/135","targetHints":{"allow":["GET"]}}],"collection":[{"href":"https:\/\/www2.unifap.br\/biologia-oiapoque\/wp-json\/wp\/v2\/pages"}],"about":[{"href":"https:\/\/www2.unifap.br\/biologia-oiapoque\/wp-json\/wp\/v2\/types\/page"}],"author":[{"embeddable":true,"href":"https:\/\/www2.unifap.br\/biologia-oiapoque\/wp-json\/wp\/v2\/users\/440"}],"replies":[{"embeddable":true,"href":"https:\/\/www2.unifap.br\/biologia-oiapoque\/wp-json\/wp\/v2\/comments?post=135"}],"version-history":[{"count":9,"href":"https:\/\/www2.unifap.br\/biologia-oiapoque\/wp-json\/wp\/v2\/pages\/135\/revisions"}],"predecessor-version":[{"id":145,"href":"https:\/\/www2.unifap.br\/biologia-oiapoque\/wp-json\/wp\/v2\/pages\/135\/revisions\/145"}],"wp:attachment":[{"href":"https:\/\/www2.unifap.br\/biologia-oiapoque\/wp-json\/wp\/v2\/media?parent=135"}],"curies":[{"name":"wp","href":"https:\/\/api.w.org\/{rel}","templated":true}]}}