{"id":20,"date":"2014-09-03T13:40:06","date_gmt":"2014-09-03T13:40:06","guid":{"rendered":"http:\/\/www2.unifap.br\/biologia-oiapoque\/?page_id=20"},"modified":"2025-01-31T15:22:45","modified_gmt":"2025-01-31T15:22:45","slug":"docentes","status":"publish","type":"page","link":"https:\/\/www2.unifap.br\/biologia-oiapoque\/docentes\/","title":{"rendered":"Corpo Docente"},"content":{"rendered":"<address><img decoding=\"async\" class=\"alignleft\" src=\"http:\/\/servicosweb.cnpq.br\/wspessoa\/servletrecuperafoto?tipo=1&amp;id=K4742184P6\" alt=\"Foto\" width=\"77\" height=\"114\"><\/p>\n<address><strong>Prof. M\u00aa. Adenilda Ribeiro de Moura<\/strong><\/address>\n<address><span style=\"line-height: 1.5em\">Disciplinas: Bot\u00e2nica I, Bot\u00e2nica II, Biologia Celular, Pr\u00e1ticas de Ensino<\/span><\/address>\n<address><a href=\"http:\/\/lattes.cnpq.br\/3199863007995434\"><img decoding=\"async\" class=\"alignleft wp-image-38 size-full\" src=\"http:\/\/www2.unifap.br\/biologia-oiapoque\/files\/2014\/09\/CV.png\" alt=\"CV\" width=\"162\" height=\"34\"><\/a><\/address>\n<\/address>\n<address>&nbsp;<\/address>\n<address>&nbsp;<\/address>\n<address>&nbsp;<\/address>\n<address>&nbsp;<\/address>\n<address>&nbsp;<\/address>\n<address>&nbsp;<\/address>\n<address>\n<address><strong><img decoding=\"async\" class=\"alignleft\" src=\"http:\/\/servicosweb.cnpq.br\/wspessoa\/servletrecuperafoto?tipo=1&amp;id=K4350946E5\" width=\"91\" height=\"96\">Prof. Me. Cleison Carvalho Lobato<\/strong><\/address>\n<address><span style=\"line-height: 1.5em\">Disciplinas: Qu\u00edmica Geral, F\u00edsico-Qu\u00edmica, Qu\u00edmica Org\u00e2nica, Bioqu\u00edmica I e Bioqu\u00edmica II<\/span><\/address>\n<address><a href=\"http:\/\/lattes.cnpq.br\/0593219744340272\"><img decoding=\"async\" class=\"alignleft wp-image-38 size-full\" src=\"http:\/\/www2.unifap.br\/biologia-oiapoque\/files\/2014\/09\/CV.png\" alt=\"CV\" width=\"162\" height=\"34\"><\/a><\/address>\n<\/address>\n<address>&nbsp;<\/address>\n<address>&nbsp;<\/address>\n<address>&nbsp;<\/address>\n<address>&nbsp;<\/address>\n<address>&nbsp;<\/address>\n<address><strong><img loading=\"lazy\" decoding=\"async\" class=\"alignleft\" src=\"http:\/\/servicosweb.cnpq.br\/wspessoa\/servletrecuperafoto?tipo=1&amp;id=K4794745Z1\" alt=\"Foto\" width=\"71\" height=\"117\"><\/strong><\/address>\n<address>&nbsp;<\/address>\n<address><strong>Prof. Dr. Emerson Monteiro dos Santos<\/strong><\/address>\n<address>Disciplinas: Zoologia I e Zoologia II<\/address>\n<address><a href=\"http:\/\/lattes.cnpq.br\/9293741437408779\"><img loading=\"lazy\" decoding=\"async\" class=\"size-full wp-image-38 alignleft\" src=\"http:\/\/www2.unifap.br\/biologia-oiapoque\/files\/2014\/09\/CV.png\" alt=\"CV\" width=\"162\" height=\"34\"><\/a><\/address>\n<address>&nbsp;&nbsp;&nbsp;<\/address>\n<address>&nbsp;<\/address>\n<address>&nbsp;<\/address>\n<address>&nbsp;<\/address>\n<address>&nbsp;<\/address>\n<address>&nbsp;<\/address>\n<address>\n<address><strong><img loading=\"lazy\" decoding=\"async\" class=\"alignleft\" src=\"http:\/\/servicosweb.cnpq.br\/wspessoa\/servletrecuperafoto?tipo=1&amp;id=K4710592D9\" alt=\"\" width=\"80\" height=\"83\">Prof. Dr. Hilton Jeferson Alves Cardoso de Aguiar<\/strong><\/address>\n<address>Disciplinas: Gen\u00e9tica Geral e Evolu\u00e7\u00e3o<\/address>\n<address><a href=\"http:\/\/lattes.cnpq.br\/9848403752122719\"><img loading=\"lazy\" decoding=\"async\" class=\"size-full wp-image-38\" src=\"http:\/\/www2.unifap.br\/biologia-oiapoque\/files\/2014\/09\/CV.png\" alt=\"CV\" width=\"162\" height=\"34\"><\/a><\/address>\n<address>&nbsp;<\/address>\n<\/address>\n<address>&nbsp;<\/address>\n<address>&nbsp;<\/address>\n<address>\n<address>\n<address><strong><em><img loading=\"lazy\" decoding=\"async\" class=\"alignleft wp-image-495\" src=\"http:\/\/www2.unifap.br\/biologia-oiapoque\/files\/2023\/11\/WhatsApp-Image-2023-11-30-at-18.21.26-228x300.jpeg\" alt=\"Prof. Me. Neylan Leal Dias Disciplinas: Matem\u00e1tica, F\u00edsica Geral e Experimental, Bioestat\u00edstica \" width=\"78\" height=\"103\" srcset=\"https:\/\/www2.unifap.br\/biologia-oiapoque\/files\/2023\/11\/WhatsApp-Image-2023-11-30-at-18.21.26-228x300.jpeg 228w, https:\/\/www2.unifap.br\/biologia-oiapoque\/files\/2023\/11\/WhatsApp-Image-2023-11-30-at-18.21.26.jpeg 732w\" sizes=\"(max-width: 78px) 100vw, 78px\" \/><\/em>Prof. Me. Neylan Leal Dias<\/strong><\/address>\n<address>Disciplinas: Matem\u00e1tica, F\u00edsica Geral e Experimental, Bioestat\u00edstica<\/address>\n<p><a href=\"http:\/\/lattes.cnpq.br\/4539017463363363\"><img loading=\"lazy\" decoding=\"async\" class=\"alignnone wp-image-38 size-full\" src=\"http:\/\/www2.unifap.br\/biologia-oiapoque\/files\/2014\/09\/CV.png\" alt=\"CV\" width=\"162\" height=\"34\"><\/a><\/p>\n<\/address>\n<\/address>\n<address>&nbsp;<\/address>\n<address>&nbsp;<\/address>\n<address>&nbsp;<\/address>\n<address><img loading=\"lazy\" decoding=\"async\" class=\"alignleft\" src=\"http:\/\/servicosweb.cnpq.br\/wspessoa\/servletrecuperafoto?tipo=1&amp;id=K4351513P3\" width=\"82\" height=\"82\"><\/address>\n<address><strong>Prof. Me Luiz Eduardo D&#8217;Elia Oliveira <\/strong><\/address>\n<address>Disciplinas: Metodologia do Ensino de Biologia e Ci\u00eancias, Educa\u00e7\u00e3o Ambiental, Pr\u00e1ticas de Ensino em Biologia, Est\u00e1gios Supervisionados.<\/address>\n<address><a href=\"http:\/\/lattes.cnpq.br\/0021855672923187\"><img loading=\"lazy\" decoding=\"async\" class=\"alignnone wp-image-38 size-full\" src=\"http:\/\/www2.unifap.br\/biologia-oiapoque\/files\/2014\/09\/CV.png\" alt=\"CV\" width=\"162\" height=\"34\"><\/a><\/address>\n","protected":false},"excerpt":{"rendered":"<p>Prof. M\u00aa. Adenilda Ribeiro de Moura Disciplinas: Bot\u00e2nica I, Bot\u00e2nica II, Biologia Celular, Pr\u00e1ticas de Ensino &nbsp; &nbsp; &nbsp; &nbsp; &nbsp; &nbsp; Prof. Me. Cleison Carvalho Lobato Disciplinas: Qu\u00edmica Geral, F\u00edsico-Qu\u00edmica, Qu\u00edmica Org\u00e2nica, Bioqu\u00edmica I e Bioqu\u00edmica II &nbsp; &nbsp;&hellip; <\/p>\n<p><a href=\"https:\/\/www2.unifap.br\/biologia-oiapoque\/docentes\/\" class=\"readmore-button\">Continue Reading<\/a><\/p>\n","protected":false},"author":440,"featured_media":0,"parent":0,"menu_order":2,"comment_status":"open","ping_status":"open","template":"","meta":{"inline_featured_image":false,"ngg_post_thumbnail":0,"footnotes":""},"class_list":["post-20","page","type-page","status-publish","hentry"],"_links":{"self":[{"href":"https:\/\/www2.unifap.br\/biologia-oiapoque\/wp-json\/wp\/v2\/pages\/20","targetHints":{"allow":["GET"]}}],"collection":[{"href":"https:\/\/www2.unifap.br\/biologia-oiapoque\/wp-json\/wp\/v2\/pages"}],"about":[{"href":"https:\/\/www2.unifap.br\/biologia-oiapoque\/wp-json\/wp\/v2\/types\/page"}],"author":[{"embeddable":true,"href":"https:\/\/www2.unifap.br\/biologia-oiapoque\/wp-json\/wp\/v2\/users\/440"}],"replies":[{"embeddable":true,"href":"https:\/\/www2.unifap.br\/biologia-oiapoque\/wp-json\/wp\/v2\/comments?post=20"}],"version-history":[{"count":35,"href":"https:\/\/www2.unifap.br\/biologia-oiapoque\/wp-json\/wp\/v2\/pages\/20\/revisions"}],"predecessor-version":[{"id":521,"href":"https:\/\/www2.unifap.br\/biologia-oiapoque\/wp-json\/wp\/v2\/pages\/20\/revisions\/521"}],"wp:attachment":[{"href":"https:\/\/www2.unifap.br\/biologia-oiapoque\/wp-json\/wp\/v2\/media?parent=20"}],"curies":[{"name":"wp","href":"https:\/\/api.w.org\/{rel}","templated":true}]}}